{"id":2841,"date":"2014-12-23T17:32:43","date_gmt":"2014-12-23T16:32:43","guid":{"rendered":"http:\/\/www.globalflight.net\/french\/?page_id=2841"},"modified":"2021-09-28T10:54:49","modified_gmt":"2021-09-28T09:54:49","slug":"etudes-de-cas","status":"publish","type":"page","link":"https:\/\/www.globalflight.net\/french\/services\/airlines-program-operators\/etudes-de-cas\/","title":{"rendered":"Etudes de cas"},"content":{"rendered":"<p>Vous trouvez ci-apr\u00e8s quelques \u00e9tudes de cas concr\u00e8tes de projets accomplis dans le pass\u00e9. Elles vous expliquent notre approche et les r\u00e9sultats obtenus.<\/p>\n<p>Bien entendu, aucune de ces \u00e9tudes de cas ne correspond exactement \u00e0 votre propre situation. Mais nous avons tout \u00e0 fait l&rsquo;habitude d&rsquo;ajuster notre travail individuellement \u00e0 chaque client. Nous vous invitons donc de <a href=\"https:\/\/www.globalflight.net\/french\/contact-us\/\">nous contacter<\/a> pour que nous puissions identifier ensemble vos besoins.<\/p>\n<p>Au-del\u00e0 de ces \u00e9tudes de cas d\u00e9taill\u00e9es, nous travaillons \u00e9galement r\u00e9guli\u00e8rement sur d&rsquo;autres sujets que vous pourrez d\u00e9couvrir dans l&rsquo;onglet <a href=\"https:\/\/www.globalflight.net\/french\/wp-content\/uploads\/2014\/11\/Exemples-de-projet.pdf\">exemples de projet<\/a>.<\/p>\n\n<div id=\"accordion-2836-69e0765fdb846\" class=\"wk-accordion wk-accordion-default clearfix\"  data-widgetkit=\"accordion\" data-options='{\"style\":\"default\",\"collapseall\":1,\"matchheight\":1,\"index\":0,\"duration\":500,\"width\":\"auto\",\"order\":\"default\"}'>\n\t\t\t<h3 class=\"toggler\">Renouvellement du programme<\/h3>\n\t\t<div><div class=\"content wk-content clearfix\"><p style=\"margin: 0cm 0cm 0pt; text-align: left;\" align=\"left\"><strong style=\"mso-bidi-font-weight: normal;\"><span style=\"font-size: 12pt;\">Contexte<\/span><\/strong><\/p>\r\n<p style=\"margin: 0cm 0cm 0pt;\"><span style=\"mso-ansi-language: DE;\" lang=\"DE\">Une compagnie a&eacute;rienne majeure sur le march&eacute; appartenant &agrave; l&rsquo;une des trois alliances globales avec plus de 7 millions de membres avait un programme qui &eacute;voluait historiquement, mais sans jamais avoir d&eacute;velopp&eacute; une strat&eacute;gie claire et pr&eacute;cise, notamment pour les clients internationaux. Le rendement du programme &eacute;tait en d&eacute;croissance dans plusieurs aspects cl&eacute;s, montrant que le potentiel de fid&eacute;lisation n&rsquo;&eacute;tait pas exploit&eacute; compl&egrave;tement. Un renouvellement fondamental du programme a &eacute;t&eacute; jug&eacute; n&eacute;cessaire et notre mission &eacute;tait d&rsquo;avoir une approche nouvelle sans &ecirc;tre influenc&eacute;s par les r&eacute;sistances internes &agrave; changer le statut quo auxquelles on a d&ucirc; s'attendre au d&eacute;but.<\/span><\/p>\r\n<p style=\"margin: 0cm 0cm 0pt; text-align: left;\" align=\"left\">&nbsp;<\/p>\r\n<p style=\"margin: 0cm 0cm 0pt;\"><strong style=\"mso-bidi-font-weight: normal;\"><span style=\"font-size: 12pt; mso-ansi-language: EN-GB;\">Phases du projet<\/span><\/strong><\/p>\r\n<ul>\r\n<li style=\"color: #000000; font-style: normal; font-weight: normal;\">Analyse des param&egrave;tres de performances afin d&rsquo;avoir une compr&eacute;hension claire &agrave; propos du statut quo. Les param&egrave;tres de performance nous ont permis d'identifier les faiblesses d&rsquo;un point de vue global. Les conclusions de cette analyse de donn&eacute;es correspondaient largement aux exp&eacute;riences faites par diff&eacute;rentes fonctions du management engag&eacute;es dans le programme.<\/li>\r\n<li style=\"color: #000000; font-style: normal; font-weight: normal;\">D&eacute;veloppement d&rsquo;une strat&eacute;gie pour le programme qui s&rsquo;est effectu&eacute;e par un atelier du management engageant diff&eacute;rents fonctions et march&eacute;s. Des objectifs clairs avaient &eacute;t&eacute; d&eacute;finis pour des cibles de consommateurs sp&eacute;cifiques dans diff&eacute;rents march&eacute;s. Un planning d&rsquo;activit&eacute;s requises pour les deux ann&eacute;es &agrave; venir, incluant l&rsquo;apr&egrave;s lancement du programme, a &eacute;t&eacute; d&eacute;fini. La forme de l&rsquo;atelier management a aid&eacute; &agrave; obtenir un accord pour le renouvellement du programme de la part de toutes les parties engag&eacute;es &agrave; un moment plus t&ocirc;t dans la proc&eacute;dure.<\/li>\r\n<li style=\"color: #000000; font-style: normal; font-weight: normal;\">\r\n<p style=\"text-align: justify; color: #000000; font-style: normal; font-weight: normal; margin-top: 0cm; margin-bottom: 0pt; mso-add-space: auto; mso-list: l3 level1 lfo3;\">Renouvellement de la structure du programme en prenant en compte la strat&eacute;gie d&eacute;finie et les aspects financiers. Des suggestions concr&egrave;tes pour le d&eacute;veloppement de tous les &eacute;l&eacute;ments du programme (structure de points gain\/&eacute;change, r&eacute;seau de partenaire, conditions du programme, programme d&rsquo;&eacute;lite), aussi inspir&eacute; par un apport des meilleures pratiques du march&eacute;. Des suggestions de r&eacute;f&eacute;rence en termes de comp&eacute;titivit&eacute; contre les plus grands concurrents (ce qui incluait des partenaires de l'alliance).<\/p>\r\n<\/li>\r\n<li style=\"color: #000000; font-style: normal; font-weight: normal;\">\r\n<p style=\"text-align: justify; color: #000000; font-style: normal; font-weight: normal; margin-top: 0cm; margin-bottom: 0pt; mso-add-space: auto; mso-list: l3 level1 lfo3;\">Assistance pour ren&eacute;gocier certains contrats de partenariats qui n'atteignaient pas les attentes en termes d&rsquo;activit&eacute; et de contribution financi&egrave;re.<\/p>\r\n<\/li>\r\n<li style=\"color: #000000; font-style: normal; font-weight: normal;\">\r\n<p style=\"text-align: justify; color: #000000; font-style: normal; font-weight: normal; margin-top: 0cm; margin-bottom: 0pt; mso-add-space: auto; mso-list: l3 level1 lfo3;\">Campagne de marketing accompagnante le re-lancement du programme dans des march&eacute;s diff&eacute;rents<\/p>\r\n<\/li>\r\n<\/ul>\r\n<p style=\"margin: 0cm 0cm 0pt; text-align: left;\" align=\"left\"><strong style=\"mso-bidi-font-weight: normal;\"><span style=\"font-size: 12pt;\">Difficult&eacute;s rencontr&eacute;es<\/span><\/strong><\/p>\r\n<ul style=\"list-style-type: disc; direction: ltr;\">\r\n<li style=\"color: #000000;\"><span style=\"mso-ansi-language: DE;\" lang=\"DE\">Rassembler l&rsquo;&eacute;quipe dans une seule et claire strat&eacute;gie &eacute;tant donn&eacute; qu&rsquo;il y avait trop de pens&eacute;es individuelles<\/span><\/li>\r\n<li><span style=\"mso-ansi-language: DE;\" lang=\"DE\">Obtenir du soutien pour des pens&eacute;es et initiatives plus cr&eacute;atives\/qui sortaient du lot dans un environnement conservateur<\/span><\/li>\r\n<li style=\"color: #000000;\">\r\n<p style=\"color: #000000; margin-top: 0cm; margin-bottom: 0pt; mso-list: l0 level1 lfo4; tab-stops: list 18.0pt;\"><span style=\"mso-ansi-language: DE;\" lang=\"DE\">Trouver un compromis entre les besoins du march&eacute; domestique et ceux du march&eacute; local (comptant 40% des membres)<\/span><\/p>\r\n<\/li>\r\n<li style=\"color: #000000;\">\r\n<p style=\"color: #000000; margin-top: 0cm; margin-bottom: 0pt; mso-list: l0 level1 lfo4; tab-stops: list 18.0pt;\"><span style=\"mso-ansi-language: DE;\" lang=\"DE\">Obtenir la compr&eacute;hension que davantage d'activit&eacute;s de relation client&egrave;les &eacute;taient requises dans le but de soutenir le renouvellement du programme<\/span><\/p>\r\n<\/li>\r\n<li style=\"color: #000000;\">\r\n<p style=\"color: #000000; margin-top: 0cm; margin-bottom: 0pt; mso-list: l0 level1 lfo4; tab-stops: list 18.0pt;\"><span style=\"mso-ansi-language: DE;\" lang=\"DE\">D&eacute;finir les param&egrave;tres de performances pertinents pour mesurer le succ&egrave;s des changements<\/span><\/p>\r\n<\/li>\r\n<\/ul>\r\n<p style=\"margin: 0cm 0cm 0pt; text-align: left;\" align=\"left\"><strong style=\"mso-bidi-font-weight: normal;\"><span style=\"font-size: 12pt;\">R&eacute;sultats<\/span><\/strong><\/p>\r\n<p style=\"color: #000000; margin-top: 0cm; margin-bottom: 0pt;\"><span style=\"mso-bidi-font-weight: bold; mso-ansi-language: DE;\" lang=\"DE\">Le programme a &eacute;t&eacute; renouvel&eacute; dans la majorit&eacute; des secteurs cl&eacute;s en six mois, refl&eacute;tant pour la premi&egrave;re fois une strat&eacute;gie et positionnement clairs.<\/span><\/p>\r\n<p style=\"color: #000000; margin-top: 0cm; margin-bottom: 0pt;\"><span style=\"mso-bidi-font-weight: bold; mso-ansi-language: DE;\" lang=\"DE\">L&rsquo;int&eacute;r&ecirc;t port&eacute; au programme par les membres &agrave; augment&eacute; consid&eacute;rablement, mesur&eacute; par les nouvelles souscriptions et activit&eacute;s des membres existants.<\/span><\/p>\r\n<p style=\"color: #000000; margin-top: 0cm; margin-bottom: 0pt;\"><span style=\"mso-bidi-font-weight: bold; mso-ansi-language: DE;\" lang=\"DE\">Plusieurs param&egrave;tres de performances important ont eux aussi augment&eacute;s rapidement dans les six mois suivant le renouvellement du programme, incluant :<\/span><span style=\"mso-bidi-font-weight: bold; mso-ansi-language: EN-GB;\"><br \/><\/span><\/p>\r\n<ul style=\"list-style-type: disc; direction: ltr;\">\r\n<li style=\"color: #000000;\">\r\n<p style=\"color: #000000; margin-top: 0cm; margin-bottom: 0pt; mso-list: l2 level1 lfo2; tab-stops: list 36.0pt;\"><span style=\"mso-bidi-font-weight: bold; mso-ansi-language: EN-GB;\"><span style=\"mso-bidi-font-weight: bold; mso-ansi-language: EN-GB;\">Recette moyenne par membre<\/span><\/span><\/p>\r\n<\/li>\r\n<li style=\"color: #000000;\">\r\n<p style=\"color: #000000; margin-top: 0cm; margin-bottom: 0pt; mso-list: l2 level1 lfo2; tab-stops: list 36.0pt;\"><span style=\"mso-bidi-font-weight: bold; mso-ansi-language: EN-GB;\">Recettes par membre<\/span><\/p>\r\n<\/li>\r\n<li style=\"color: #000000;\">\r\n<p style=\"color: #000000; margin-top: 0cm; margin-bottom: 0pt; mso-list: l2 level1 lfo2; tab-stops: list 36.0pt;\"><span style=\"mso-bidi-font-weight: bold; mso-ansi-language: EN-GB;\">Activit&eacute;s avec des partenaires non-a&eacute;riens<\/span><\/p>\r\n<\/li>\r\n<\/ul><\/div><\/div>\n\t\t\t<h3 class=\"toggler\">Pr\u00e9vention des fraudes<\/h3>\n\t\t<div><div class=\"content wk-content clearfix\"><p style=\"margin: 0cm 0cm 0pt; text-align: left;\" align=\"left\"><strong style=\"mso-bidi-font-weight: normal;\"><span style=\"font-size: 12pt;\">Contexte<\/span><\/strong><\/p>\r\n<p style=\"margin: 0cm 0cm 0pt;\"><span style=\"mso-ansi-language: DE;\" lang=\"DE\">La fraude dans les programmes Frequent Flyer est un probl&egrave;me de grande &eacute;tendue dans l&rsquo;industrie qui cause des dommages financiers importants pour un programme. <\/span><span style=\"mso-ansi-language: DE;\" lang=\"DE\">La fraude peut apparaitre &agrave; un niveau interne - par les employ&eacute;s de la compagnie ou alors par les partenaires d'externalisation - ou &agrave; un niveau externe, c'est-&agrave;-dire par les consommateurs ou les agents de voyages.<\/span><\/p>\r\n<p style=\"margin: 0cm 0cm 0pt;\"><span style=\"mso-ansi-language: DE;\" lang=\"DE\">Notre client, une compagnie a&eacute;rienne majeure, membre d&rsquo;une des trois alliances globales, avait d&eacute;j&agrave; pr&eacute;c&eacute;demment fait un travail interne autour des fraudes, mais il n&rsquo;a jamais r&eacute;alis&eacute; un audit externe pour identifier les faiblesses restantes.<\/span><\/p>\r\n<p style=\"margin: 0cm 0cm 0pt; text-align: left;\" align=\"left\">&nbsp;<\/p>\r\n<p style=\"margin: 0cm 0cm 0pt;\"><strong style=\"mso-bidi-font-weight: normal;\"><span style=\"font-size: 12pt; mso-ansi-language: EN-GB;\">Phases du projet<\/span><\/strong><\/p>\r\n<ul style=\"list-style-type: disc; direction: ltr;\">\r\n<li style=\"color: #000000; font-style: normal; font-weight: normal;\">\r\n<p style=\"text-align: justify; color: #000000; font-style: normal; font-weight: normal; margin-top: 0cm; margin-bottom: 0pt; mso-add-space: auto; mso-list: l3 level1 lfo3;\">D&eacute;finition des types de fraudes, cas internes (par les employ&eacute;s et les partenaires d'externalisation) et les cas externes (par les clients)<\/p>\r\n<\/li>\r\n<li style=\"color: #000000; font-style: normal; font-weight: normal;\">\r\n<p style=\"text-align: justify; color: #000000; font-style: normal; font-weight: normal; margin-top: 0cm; margin-bottom: 0pt; mso-add-space: auto; mso-list: l3 level1 lfo3;\">R&eacute;vision de la structure interne (conditions du programme, proc&eacute;dures de travail)<\/p>\r\n<\/li>\r\n<li style=\"color: #000000; font-style: normal; font-weight: normal;\">\r\n<p style=\"text-align: justify; color: #000000; font-style: normal; font-weight: normal; margin-top: 0cm; margin-bottom: 0pt; mso-add-space: auto; mso-list: l3 level1 lfo3;\">Analyse approfondie du syst&egrave;me et des infrastructures informatiques sur place d&rsquo;un point de vue des fraudes<\/p>\r\n<\/li>\r\n<li style=\"color: #000000; font-style: normal; font-weight: normal;\">\r\n<p style=\"text-align: justify; color: #000000; font-style: normal; font-weight: normal; margin-top: 0cm; margin-bottom: 0pt; mso-add-space: auto; mso-list: l3 level1 lfo3;\">Recommandations de changements et mise en place d&rsquo;un cadre pour les sanctions standards en cas de d&eacute;tections de cas de fraude<\/p>\r\n<\/li>\r\n<li style=\"color: #000000; font-style: normal; font-weight: normal;\">\r\n<p style=\"text-align: justify; color: #000000; font-style: normal; font-weight: normal; margin-top: 0cm; margin-bottom: 0pt; mso-add-space: auto; mso-list: l3 level1 lfo3;\">D&eacute;finition d&rsquo;un syst&egrave;me de rapports sophistiqu&eacute; dans le but de signaler les comptes suspicieux<\/p>\r\n<\/li>\r\n<li style=\"color: #000000; font-style: normal; font-weight: normal;\">\r\n<p style=\"text-align: justify; color: #000000; font-style: normal; font-weight: normal; margin-top: 0cm; margin-bottom: 0pt; mso-add-space: auto; mso-list: l3 level1 lfo3;\">D&eacute;finition des responsabilit&eacute;s du management et op&eacute;rationnelles, ce qui comprenait des changements hi&eacute;rarchiques pour renforcer la fonction de pr&eacute;vention des fraudes<\/p>\r\n<\/li>\r\n<\/ul>\r\n<p style=\"margin: 0cm 0cm 0pt; text-align: left;\" align=\"left\"><strong style=\"mso-bidi-font-weight: normal;\"><span style=\"font-size: 12pt;\">Difficult&eacute;s rencontr&eacute;es<\/span><\/strong><\/p>\r\n<ul>\r\n<li style=\"color: #000000;\"><span style=\"mso-ansi-language: DE;\" lang=\"DE\">La conviction initiale du management &agrave; propos de la valeur d&rsquo;un projet d&rsquo;audit externe de fraude<\/span><\/li>\r\n<li><span style=\"mso-ansi-language: DE;\" lang=\"DE\">Le management n&rsquo;&eacute;tant pas conscient des d&eacute;tails concernant la plateforme informatique du programme comme n&eacute;cessaire<\/span><\/li>\r\n<li style=\"color: #000000;\">\r\n<p style=\"color: #000000; margin-top: 0cm; margin-bottom: 0pt; mso-list: l0 level1 lfo4; tab-stops: list 18.0pt;\"><span style=\"mso-ansi-language: DE;\" lang=\"DE\">R&eacute;ticences de la part de l'agence externalis&eacute;e du centre d&rsquo;appel pour coop&eacute;rer avec nous, de peur que des pratiques inappropri&eacute;es soient r&eacute;v&eacute;l&eacute;es<\/span><\/p>\r\n<\/li>\r\n<li style=\"color: #000000;\">\r\n<p style=\"color: #000000; margin-top: 0cm; margin-bottom: 0pt; mso-list: l0 level1 lfo4; tab-stops: list 18.0pt;\"><span style=\"mso-ansi-language: DE;\" lang=\"DE\">Accord sur les actions l&eacute;gales standards n&eacute;cessaires contre les fraudeurs<\/span><\/p>\r\n<\/li>\r\n<\/ul>\r\n<p style=\"margin: 0cm 0cm 0pt; text-align: left;\" align=\"left\"><strong style=\"mso-bidi-font-weight: normal;\"><span style=\"font-size: 12pt;\">R&eacute;sultats<\/span><\/strong><\/p>\r\n<p style=\"color: #000000; margin-top: 0cm; margin-bottom: 0pt;\"><span style=\"mso-bidi-font-weight: bold; mso-ansi-language: DE;\" lang=\"DE\">Bien que le management f&ucirc;t initialement dans la croyance que la compagnie &eacute;tait en g&eacute;n&eacute;ral &agrave; l&rsquo;abri de fraudes, l&rsquo;exercice &eacute;tait une prise de connaissance pour eux &eacute;tant donn&eacute; que beaucoup de d&eacute;faillances dans le syst&egrave;me ont &eacute;t&eacute; d&eacute;tect&eacute;es qu&rsquo;ils n&rsquo;avaient jamais regard&eacute;es auparavant.<\/span><\/p>\r\n<p style=\"color: #000000; margin-top: 0cm; margin-bottom: 0pt;\"><span style=\"mso-bidi-font-weight: bold; mso-ansi-language: DE;\" lang=\"DE\">Beaucoup de ces d&eacute;faillances n&rsquo;&eacute;taient pas de caract&egrave;re th&eacute;orique comme l'exp&eacute;rience l&rsquo;a d&eacute;montr&eacute; suite &agrave; la mise en place de nos recommandations. En six mois apr&egrave;s la mise en place, trois cas de fraude majeurs furent d&eacute;tect&eacute;s au niveau d&rsquo;un fournisseur externalis&eacute;, causant des dommages estim&eacute;s &agrave; 100 000 USD par an.<\/span><\/p>\r\n<p style=\"color: #000000; margin-top: 0cm; margin-bottom: 0pt;\"><span style=\"mso-bidi-font-weight: bold; mso-ansi-language: DE;\" lang=\"DE\">Nos recommandations avaient pour objectif de pr&eacute;venir autant de cas de fraude que possibles en l'amont et de d&eacute;tecter celles restantes par un syst&egrave;me de rapports intelligents. Les conditions du programme ont &eacute;t&eacute; &eacute;galement mises &agrave; jour en r&eacute;sultat du travail effectu&eacute;.<\/span><\/p>\r\n<p style=\"color: #000000; margin-top: 0cm; margin-bottom: 0pt;\"><span style=\"mso-bidi-font-weight: bold; mso-ansi-language: DE;\" lang=\"DE\">Au final, nous conduisons une r&eacute;vision des cas de fraude avec le client tous les ans afin de surveiller la question sur une base continue et d'identifier d'autres domaines d'am&eacute;lioration.<\/span><span style=\"mso-bidi-font-weight: bold; mso-ansi-language: EN-GB;\"><br \/><\/span><\/p><\/div><\/div>\n\t\t\t<h3 class=\"toggler\">Strat\u00e9gie CRM<\/h3>\n\t\t<div><div class=\"content wk-content clearfix\"><p style=\"margin: 0cm 0cm 0pt; text-align: left;\" align=\"left\"><strong style=\"mso-bidi-font-weight: normal;\"><span style=\"font-size: 12pt;\">Contexte<\/span><\/strong><\/p>\r\n<p style=\"margin: 0cm 0cm 0pt;\"><span style=\"mso-ansi-language: DE;\" lang=\"DE\">Une compagnie a&eacute;rienne avec 3 millions de passagers par an et avec un service principalement constitu&eacute; de vols point &agrave; point, faisait face &agrave; la croissance de la comp&eacute;tition locale ce qui r&eacute;sultait en une d&eacute;pr&eacute;ciation continuelle des parts de march&eacute;. Nous avions pr&eacute;c&eacute;demment travaill&eacute; avec cette compagnie pour la cr&eacute;ation de son programme Frequent Flyer et nous &eacute;tions maintenant charg&eacute;s de compl&eacute;ter ceci par le d&eacute;veloppement d'une strat&eacute;gie CRM ajust&eacute;e &agrave; sa taille.<\/span><\/p>\r\n<p style=\"margin: 0cm 0cm 0pt; text-align: left;\" align=\"left\">&nbsp;<\/p>\r\n<p style=\"margin: 0cm 0cm 0pt;\"><strong style=\"mso-bidi-font-weight: normal;\"><span style=\"font-size: 12pt; mso-ansi-language: EN-GB;\">Phases du projet<\/span><\/strong><\/p>\r\n<ul style=\"list-style-type: disc; direction: ltr;\">\r\n<li style=\"color: #000000; font-style: normal; font-weight: normal;\">\r\n<p style=\"text-align: justify; color: #000000; font-style: normal; font-weight: normal; margin-top: 0cm; margin-bottom: 0pt; mso-add-space: auto; mso-list: l3 level1 lfo3;\">Segmentation des clients : Identification des segments de clients int&eacute;ressants : &eacute;tant donn&eacute; le mod&egrave;le commercial simple de la compagnie, ce proc&eacute;d&eacute; f&ucirc;t tr&egrave;s rapide sachant que les groupes de clients qui peuvent &ecirc;tre habituellement trouv&eacute;s dans d&rsquo;autres compagnies a&eacute;riennes (p.ex. les frets transitaires) n&rsquo;avaient pas de r&ocirc;le &agrave; jouer ici.<\/p>\r\n<\/li>\r\n<li style=\"color: #000000; font-style: normal; font-weight: normal;\">\r\n<p style=\"text-align: justify; color: #000000; font-style: normal; font-weight: normal; margin-top: 0cm; margin-bottom: 0pt; mso-add-space: auto; mso-list: l3 level1 lfo3;\">Produit\/communication : Une strat&eacute;gie de fonction crois&eacute;e a &eacute;t&eacute; &eacute;labor&eacute;e dans le but de cr&eacute;er une exp&eacute;rience CRM tangible aux clients finaux. Ceci incluait trois mesures CRM concr&egrave;tes pour chacun des diff&eacute;rents segments de clients, presque aucune d&rsquo;elles n&rsquo;existant auparavant.<\/p>\r\n<\/li>\r\n<li style=\"color: #000000; font-style: normal; font-weight: normal;\">\r\n<p style=\"text-align: justify; color: #000000; font-style: normal; font-weight: normal; margin-top: 0cm; margin-bottom: 0pt; mso-add-space: auto; mso-list: l3 level1 lfo3;\">Mise en place : Change management &agrave; travers l'entreprise et plan de coaching pour les &eacute;quipes de premi&egrave;re ligne dans le but d&rsquo;assurer une distribution appropri&eacute;e de la strat&eacute;gie de CRM &agrave; travers tous les points de contact; d&eacute;finition des r&ocirc;les et des responsabilit&eacute;s pour le manager CRM en tant que r&ocirc;le de fonctions crois&eacute;es, ainsi que les managers de produit\/ligne<\/p>\r\n<\/li>\r\n<li style=\"color: #000000; font-style: normal; font-weight: normal;\">\r\n<p style=\"text-align: justify; color: #000000; font-style: normal; font-weight: normal; margin-top: 0cm; margin-bottom: 0pt; mso-add-space: auto; mso-list: l3 level1 lfo3;\">S&eacute;lection solution informatique : Appel d&rsquo;offre &agrave; neuf fournisseurs qualifi&eacute;s avec des applications CRM convenant aux exigences des compagnies a&eacute;riennes et assistance pendant tout le processus de s&eacute;lection<\/p>\r\n<\/li>\r\n<\/ul>\r\n<p style=\"margin: 0cm 0cm 0pt; text-align: left;\" align=\"left\"><strong style=\"mso-bidi-font-weight: normal;\"><span style=\"font-size: 12pt;\">Difficult&eacute;s rencontr&eacute;es<\/span><\/strong><\/p>\r\n<ul>\r\n<li style=\"color: #000000;\"><span style=\"mso-ansi-language: DE;\" lang=\"DE\">R&eacute;duire le CRM aux &eacute;l&eacute;ments de base et pertinents dans l&rsquo;esprit du management<\/span><\/li>\r\n<li><span style=\"mso-ansi-language: DE;\" lang=\"DE\">Faire accepter qu'une solution r&eacute;alis&eacute;e &agrave; 90% est toujours mieux qu'une th&eacute;orie non-r&eacute;alis&eacute;e &agrave; 100%<\/span><\/li>\r\n<li style=\"color: #000000;\">\r\n<p style=\"color: #000000; margin-top: 0cm; margin-bottom: 0pt; mso-list: l0 level1 lfo4; tab-stops: list 18.0pt;\"><span style=\"mso-ansi-language: DE;\" lang=\"DE\">Faire comprendre &agrave; la compagnie que le CRM est bien plus &agrave; propos de l&rsquo;attitude du personnel que des techniques voire de l&rsquo;informatique<\/span><\/p>\r\n<\/li>\r\n<li style=\"color: #000000;\">\r\n<p style=\"color: #000000; margin-top: 0cm; margin-bottom: 0pt; mso-list: l0 level1 lfo4; tab-stops: list 18.0pt;\"><span style=\"mso-ansi-language: DE;\" lang=\"DE\">Mettre le programme Frequent Flyer dans le bon contexte de CRM sans surestimer son r&ocirc;le<\/span><\/p>\r\n<\/li>\r\n<li style=\"color: #000000;\">\r\n<p style=\"color: #000000; margin-top: 0cm; margin-bottom: 0pt; mso-list: l0 level1 lfo4; tab-stops: list 18.0pt;\"><span style=\"mso-ansi-language: DE;\" lang=\"DE\">Garder un focus visionnaire clair pendant op&eacute;rations quotidiennes charg&eacute;es<\/span><\/p>\r\n<\/li>\r\n<li style=\"color: #000000;\">\r\n<p style=\"color: #000000; margin-top: 0cm; margin-bottom: 0pt; mso-list: l0 level1 lfo4; tab-stops: list 18.0pt;\"><span style=\"mso-ansi-language: DE;\" lang=\"DE\">S&rsquo;adapter &agrave; un environnement concis avec de ressources limit&eacute;es - toutes les activit&eacute;s CRM sont maintenant coordonn&eacute;es par une seule personne<\/span><\/p>\r\n<\/li>\r\n<\/ul>\r\n<p style=\"margin: 0cm 0cm 0pt; text-align: left;\" align=\"left\"><strong style=\"mso-bidi-font-weight: normal;\"><span style=\"font-size: 12pt;\">R&eacute;sultats<\/span><\/strong><\/p>\r\n<p style=\"color: #000000; margin-top: 0cm; margin-bottom: 0pt;\"><span style=\"mso-bidi-font-weight: bold; mso-ansi-language: DE;\" lang=\"DE\">Le retour sur investissement des activit&eacute;s CRM n'est jamais vraiment mesurable. Cependant, l&rsquo;&eacute;volution de plusieurs param&egrave;tres cl&eacute;s et la mesure de r&eacute;sultats de certaines campagnes laissent sugg&eacute;rer que les activit&eacute;s ont en effet eu un impact positif sur des param&egrave;tres tels que les recettes moyennes, le taux de remplissage et la satisfaction client.<\/span><\/p>\r\n<p style=\"color: #000000; margin-top: 0cm; margin-bottom: 0pt;\"><span style=\"mso-bidi-font-weight: bold; mso-ansi-language: DE;\" lang=\"DE\">La compagnie a&eacute;rienne estime qu'elle se situe bien dans la gamme de 0,5 &agrave; 2% du chiffre d'affaires due &agrave; ses activit&eacute;s de CRM, tel qu'elle est souvent sugg&eacute;r&eacute;e par les scientifiques.<\/span><\/p>\r\n<p style=\"color: #000000; margin-top: 0cm; margin-bottom: 0pt;\"><span style=\"mso-bidi-font-weight: bold; mso-ansi-language: DE;\" lang=\"DE\">La tendance n&eacute;gative en termes de part de march&eacute; pouvait aussi &ecirc;tre renvers&eacute;e en parall&egrave;le &agrave; la mise en place de ces mesures de CRM.<\/span><\/p><\/div><\/div>\n\t<\/div>\n<p>&nbsp;<\/p>\n","protected":false},"excerpt":{"rendered":"<p>Vous trouvez ci-apr\u00e8s quelques \u00e9tudes de cas concr\u00e8tes de projets accomplis dans le pass\u00e9. Elles vous expliquent notre approche et les r\u00e9sultats obtenus. Bien entendu, aucune de ces \u00e9tudes de cas ne correspond exactement \u00e0 votre propre situation. Mais nous avons tout \u00e0 fait l&rsquo;habitude d&rsquo;ajuster notre travail individuellement \u00e0 chaque client. Nous vous invitons [&hellip;]<\/p>\n","protected":false},"author":7,"featured_media":0,"parent":692,"menu_order":0,"comment_status":"closed","ping_status":"closed","template":"","meta":{"_links_to":"","_links_to_target":""},"_links":{"self":[{"href":"https:\/\/www.globalflight.net\/french\/wp-json\/wp\/v2\/pages\/2841"}],"collection":[{"href":"https:\/\/www.globalflight.net\/french\/wp-json\/wp\/v2\/pages"}],"about":[{"href":"https:\/\/www.globalflight.net\/french\/wp-json\/wp\/v2\/types\/page"}],"author":[{"embeddable":true,"href":"https:\/\/www.globalflight.net\/french\/wp-json\/wp\/v2\/users\/7"}],"replies":[{"embeddable":true,"href":"https:\/\/www.globalflight.net\/french\/wp-json\/wp\/v2\/comments?post=2841"}],"version-history":[{"count":3,"href":"https:\/\/www.globalflight.net\/french\/wp-json\/wp\/v2\/pages\/2841\/revisions"}],"predecessor-version":[{"id":5379,"href":"https:\/\/www.globalflight.net\/french\/wp-json\/wp\/v2\/pages\/2841\/revisions\/5379"}],"up":[{"embeddable":true,"href":"https:\/\/www.globalflight.net\/french\/wp-json\/wp\/v2\/pages\/692"}],"wp:attachment":[{"href":"https:\/\/www.globalflight.net\/french\/wp-json\/wp\/v2\/media?parent=2841"}],"curies":[{"name":"wp","href":"https:\/\/api.w.org\/{rel}","templated":true}]}}