{"id":4143,"date":"2017-12-21T14:17:07","date_gmt":"2017-12-21T13:17:07","guid":{"rendered":"http:\/\/www.globalflight.net\/french\/?page_id=4143"},"modified":"2021-09-28T10:55:09","modified_gmt":"2021-09-28T09:55:09","slug":"references","status":"publish","type":"page","link":"https:\/\/www.globalflight.net\/french\/services\/airlines-program-operators\/references\/","title":{"rendered":"R\u00e9f\u00e9rences"},"content":{"rendered":"<p>Chacun de nos projets procure une valeur strat\u00e9gique imm\u00e9diate \u00e0 nos clients, d\u00e9montrant notre philosophie de ne travailler uniquement que sur des projets o\u00f9 nous sommes s\u00fbr d&rsquo;y ajouter de la valeur. D&rsquo;autre part, cela signifie que nos clients appr\u00e9cient cette valeur, mais ne souhaitent pas n\u00e9cessairement \u00eatre identifiables dans une liste de r\u00e9f\u00e9rencement sachant que travailler avec Global Flight traduit automatiquement d&rsquo;un avantage comp\u00e9titif. Par cons\u00e9quent, le fait que nous ne publions pas les noms de nos clients se veut \u00eatre un signe positif &#8211; et une diff\u00e9rentiation d\u00e9lib\u00e9r\u00e9e des autres soci\u00e9t\u00e9s.<\/p>\n<p>Mais nous sommes heureux de vous fournir de l&rsquo;information de haut niveau \u00e0 propos de projets concrets accomplis r\u00e9cemment:<\/p>\n<ul>\n<li>Mise en place d&rsquo;un programme pour un <em>transporteur de loisirs<\/em><\/li>\n<li>Redesign d&rsquo;un programme pour une <em>compagnie r\u00e9gionale ind\u00e9pendante<\/em><\/li>\n<li>Atelier strat\u00e9gique pour une <em>compagnie nord-am\u00e9ricaine<\/em><\/li>\n<li>Strat\u00e9gie de programme sur un march\u00e9 \u00e9tranger pour une <em>compagnie \u00e0 co\u00fbts bas<\/em><\/li>\n<li>V\u00e9rification de la sant\u00e9 d&rsquo;un programme pour une <em>compagnie en Asie<\/em><\/li>\n<li>Etude de faisabilit\u00e9 du lancement d&rsquo;un programme pour un <em>transporteur avec une client\u00e8le affaires<\/em><\/li>\n<li>Etude de benchmark pour une <em>compagnie <strong>one<\/strong>world<\/em><\/li>\n<li>Service de newsletter continu pour un <em>membre de SkyTeam<\/em><\/li>\n<li>Mesure de rendement pour une <em>compagnie en Afrique<\/em><\/li>\n<li>Mise en place d&rsquo;une structure financi\u00e8re pour une <em>compagnie en Afrique<\/em><\/li>\n<li>Validation d&rsquo;un mod\u00e8le \u00e0 base de recettes pour une <em>compagnie en Asie<\/em><\/li>\n<li>Pr\u00e9vention des fraudes pour une <em>cha\u00eene h\u00f4teli\u00e8re globale<\/em><\/li>\n<li>S\u00e9lection d\u2019une solution IT pour un <em>membre de la Star Alliance<\/em><\/li>\n<\/ul>\n<p>Comme vous pouvez constater, il y a des compagnies a\u00e9riennes de diff\u00e9rents continents et de toutes les alliances, de diff\u00e9rentes tailles et d&rsquo;approches strat\u00e9giques parmi nos clients. Cela d\u00e9montre notre flexibilit\u00e9 et notre capacit\u00e9 d&rsquo;adaptation \u00e0 l&rsquo;environnement ainsi qu&rsquo;au besoin de chaque compagnie.<\/p>\n<p>Oh oui, et depuis que Global Flight a \u00e9t\u00e9 fond\u00e9e en 1996, seulement deux de nos clients sont sortis du business &#8211; ce qui n&rsquo;est pas un si mauvais record: Spanair peu de temps apr\u00e8s avoir fait machine arri\u00e8re sur ce que nous avions mis en place pour eux lorsqu&rsquo;ils ont rejoint Star Alliance et la compagnie danoise Sterling avant qu&rsquo;ils aient le temps de proc\u00e9der \u00e0 l&rsquo;impl\u00e9mentation totale d&rsquo;un FFP comme ils l&rsquo;avaient pr\u00e9vu. Nous ne sommes par cons\u00e9quent pas responsables d&rsquo;aucune mani\u00e8re de leurs sorts respectifs\u2026<\/p>\n<p>Merci de <a href=\"https:\/\/www.globalflight.net\/french\/contact-us\/\">nous contacter <\/a> pour plus ample information et pour discuter de la facilit\u00e9 qu&rsquo;il est pour vous de b\u00e9n\u00e9ficier de notre exp\u00e9rience.<\/p>\n","protected":false},"excerpt":{"rendered":"<p>Chacun de nos projets procure une valeur strat\u00e9gique imm\u00e9diate \u00e0 nos clients, d\u00e9montrant notre philosophie de ne travailler uniquement que sur des projets o\u00f9 nous sommes s\u00fbr d&rsquo;y ajouter de la valeur. D&rsquo;autre part, cela signifie que nos clients appr\u00e9cient cette valeur, mais ne souhaitent pas n\u00e9cessairement \u00eatre identifiables dans une liste de r\u00e9f\u00e9rencement sachant [&hellip;]<\/p>\n","protected":false},"author":7,"featured_media":0,"parent":692,"menu_order":0,"comment_status":"closed","ping_status":"closed","template":"","meta":{"_links_to":"","_links_to_target":""},"_links":{"self":[{"href":"https:\/\/www.globalflight.net\/french\/wp-json\/wp\/v2\/pages\/4143"}],"collection":[{"href":"https:\/\/www.globalflight.net\/french\/wp-json\/wp\/v2\/pages"}],"about":[{"href":"https:\/\/www.globalflight.net\/french\/wp-json\/wp\/v2\/types\/page"}],"author":[{"embeddable":true,"href":"https:\/\/www.globalflight.net\/french\/wp-json\/wp\/v2\/users\/7"}],"replies":[{"embeddable":true,"href":"https:\/\/www.globalflight.net\/french\/wp-json\/wp\/v2\/comments?post=4143"}],"version-history":[{"count":7,"href":"https:\/\/www.globalflight.net\/french\/wp-json\/wp\/v2\/pages\/4143\/revisions"}],"predecessor-version":[{"id":5380,"href":"https:\/\/www.globalflight.net\/french\/wp-json\/wp\/v2\/pages\/4143\/revisions\/5380"}],"up":[{"embeddable":true,"href":"https:\/\/www.globalflight.net\/french\/wp-json\/wp\/v2\/pages\/692"}],"wp:attachment":[{"href":"https:\/\/www.globalflight.net\/french\/wp-json\/wp\/v2\/media?parent=4143"}],"curies":[{"name":"wp","href":"https:\/\/api.w.org\/{rel}","templated":true}]}}