{"id":639,"date":"2014-10-09T14:22:18","date_gmt":"2014-10-09T13:22:18","guid":{"rendered":"http:\/\/www.globalflight.net\/french\/?page_id=639"},"modified":"2021-09-28T10:51:08","modified_gmt":"2021-09-28T09:51:08","slug":"ressources","status":"publish","type":"page","link":"https:\/\/www.globalflight.net\/french\/ressources\/","title":{"rendered":"Ressources"},"content":{"rendered":"<p><strong>Tout le monde parle des programmes Frequent Flyer (en anglais : Frequent Flyer Programs &#8211; FFP) &#8211; mais il y a quelques donn\u00e9es que m\u00eame des utilisateurs exp\u00e9riment\u00e9s connaissent \u00e0 peine. Laissez-nous donc vous familiariser avec quelques faits de ce domaine passionnant &#8211; et peut-\u00eatre vous y trouvez \u00e9galement des informations int\u00e9ressantes que vous avez d\u00e9j\u00e0 recherch\u00e9es en vain ailleurs !<\/strong><\/p>\n<p><a title=\"Overview\" href=\"https:\/\/www.globalflight.net\/french\/frequent-flyerloyalty-programs\/overview\/\"><img loading=\"lazy\" class=\"alignnone wp-image-659 size-full\" src=\"https:\/\/www.globalflight.net\/french\/wp-content\/uploads\/2014\/10\/service-button.png\" alt=\"service-button\" width=\"103\" height=\"37\" \/><\/a><\/p>\n","protected":false},"excerpt":{"rendered":"<p>Tout le monde parle des programmes Frequent Flyer (en anglais : Frequent Flyer Programs &#8211; FFP) &#8211; mais il y a quelques donn\u00e9es que m\u00eame des utilisateurs exp\u00e9riment\u00e9s connaissent \u00e0 peine. Laissez-nous donc vous familiariser avec quelques faits de ce domaine passionnant &#8211; et peut-\u00eatre vous y trouvez \u00e9galement des informations int\u00e9ressantes que vous avez [&hellip;]<\/p>\n","protected":false},"author":7,"featured_media":0,"parent":0,"menu_order":0,"comment_status":"closed","ping_status":"closed","template":"","meta":{"_links_to":"","_links_to_target":""},"_links":{"self":[{"href":"https:\/\/www.globalflight.net\/french\/wp-json\/wp\/v2\/pages\/639"}],"collection":[{"href":"https:\/\/www.globalflight.net\/french\/wp-json\/wp\/v2\/pages"}],"about":[{"href":"https:\/\/www.globalflight.net\/french\/wp-json\/wp\/v2\/types\/page"}],"author":[{"embeddable":true,"href":"https:\/\/www.globalflight.net\/french\/wp-json\/wp\/v2\/users\/7"}],"replies":[{"embeddable":true,"href":"https:\/\/www.globalflight.net\/french\/wp-json\/wp\/v2\/comments?post=639"}],"version-history":[{"count":13,"href":"https:\/\/www.globalflight.net\/french\/wp-json\/wp\/v2\/pages\/639\/revisions"}],"predecessor-version":[{"id":5374,"href":"https:\/\/www.globalflight.net\/french\/wp-json\/wp\/v2\/pages\/639\/revisions\/5374"}],"wp:attachment":[{"href":"https:\/\/www.globalflight.net\/french\/wp-json\/wp\/v2\/media?parent=639"}],"curies":[{"name":"wp","href":"https:\/\/api.w.org\/{rel}","templated":true}]}}