{"id":692,"date":"2014-10-10T10:30:24","date_gmt":"2014-10-10T02:30:24","guid":{"rendered":"http:\/\/www.globalflight.net\/french\/?page_id=692"},"modified":"2022-10-30T06:02:32","modified_gmt":"2022-10-30T05:02:32","slug":"airlines-program-operators","status":"publish","type":"page","link":"https:\/\/www.globalflight.net\/french\/services\/airlines-program-operators\/","title":{"rendered":"Compagnies a\u00e9riennes\/Op\u00e9rateurs"},"content":{"rendered":"<p><strong>Global Flight propose une gamme de services manag\u00e9riales aux compagnies a\u00e9riennes et d&rsquo;autres op\u00e9rateurs de programme de fid\u00e9lisation. Ils font la diff\u00e9rence entre succ\u00e8s et \u00e9chec de votre programme. Les projets principaux que nous pouvons r\u00e9aliser pour vous incluent la mise en place\/le renouvellement d&rsquo;un programme, des \u00e9tudes de benchmark, le suivi du rendement et la pr\u00e9vention des fraudes ainsi que la formation des \u00e9quipes.<\/strong><br \/>\n<iframe loading=\"lazy\" src=\"https:\/\/www.youtube.com\/embed\/JIH1i7_mqX4?ecver=1\" width=\"560\" height=\"315\" frameborder=\"0\" allowfullscreen=\"allowfullscreen\"><\/iframe><\/p>\n<p><a title=\"Overview Airline\/ Program Operators\" href=\"https:\/\/www.globalflight.net\/french\/services\/airlines-program-operators\/overview-airline-program-operators\/\"><img loading=\"lazy\" class=\"alignnone wp-image-659 size-full\" src=\"https:\/\/www.globalflight.net\/french\/wp-content\/uploads\/2014\/11\/Lire-plus.png\" alt=\"service-button\" width=\"103\" height=\"37\" \/><\/a><\/p>\n","protected":false},"excerpt":{"rendered":"<p>Global Flight propose une gamme de services manag\u00e9riales aux compagnies a\u00e9riennes et d&rsquo;autres op\u00e9rateurs de programme de fid\u00e9lisation. Ils font la diff\u00e9rence entre succ\u00e8s et \u00e9chec de votre programme. Les projets principaux que nous pouvons r\u00e9aliser pour vous incluent la mise en place\/le renouvellement d&rsquo;un programme, des \u00e9tudes de benchmark, le suivi du rendement et [&hellip;]<\/p>\n","protected":false},"author":7,"featured_media":0,"parent":635,"menu_order":0,"comment_status":"closed","ping_status":"closed","template":"","meta":{"_links_to":"","_links_to_target":""},"_links":{"self":[{"href":"https:\/\/www.globalflight.net\/french\/wp-json\/wp\/v2\/pages\/692"}],"collection":[{"href":"https:\/\/www.globalflight.net\/french\/wp-json\/wp\/v2\/pages"}],"about":[{"href":"https:\/\/www.globalflight.net\/french\/wp-json\/wp\/v2\/types\/page"}],"author":[{"embeddable":true,"href":"https:\/\/www.globalflight.net\/french\/wp-json\/wp\/v2\/users\/7"}],"replies":[{"embeddable":true,"href":"https:\/\/www.globalflight.net\/french\/wp-json\/wp\/v2\/comments?post=692"}],"version-history":[{"count":33,"href":"https:\/\/www.globalflight.net\/french\/wp-json\/wp\/v2\/pages\/692\/revisions"}],"predecessor-version":[{"id":5685,"href":"https:\/\/www.globalflight.net\/french\/wp-json\/wp\/v2\/pages\/692\/revisions\/5685"}],"up":[{"embeddable":true,"href":"https:\/\/www.globalflight.net\/french\/wp-json\/wp\/v2\/pages\/635"}],"wp:attachment":[{"href":"https:\/\/www.globalflight.net\/french\/wp-json\/wp\/v2\/media?parent=692"}],"curies":[{"name":"wp","href":"https:\/\/api.w.org\/{rel}","templated":true}]}}