{"id":694,"date":"2014-10-10T10:52:54","date_gmt":"2014-10-10T02:52:54","guid":{"rendered":"http:\/\/www.globalflight.net\/french\/?page_id=694"},"modified":"2016-04-08T11:03:48","modified_gmt":"2016-04-08T10:03:48","slug":"project-procedures","status":"publish","type":"page","link":"https:\/\/www.globalflight.net\/french\/services\/corporations\/project-procedures\/","title":{"rendered":"D\u00e9roulement de projet"},"content":{"rendered":"<p>D\u00e9roulement de projet<\/p>\n<p><strong>Analyse<\/strong><\/p>\n<ul>\n<li>Analyse des co\u00fbts de voyage<\/li>\n<li>Analyse du processus de r\u00e9servation<\/li>\n<li>Analyse des comportements de voyage<\/li>\n<\/ul>\n<p><strong>Elaboration des recommandations<\/strong><\/p>\n<ul>\n<li>Les programmes a utiliser<\/li>\n<li>Installation des processus op\u00e9rationnels<\/li>\n<li>Adaptation des directives<\/li>\n<\/ul>\n<p><strong>Mise en \u0153uvre<\/strong><\/p>\n<ul>\n<li>Mise en \u0153uvre de processus r\u00e9vis\u00e9s avec l\u2019agence de voyage<\/li>\n<li>Inscription des voyageurs dans les programmes Frequent Flyer<\/li>\n<li>Importation des donn\u00e9es dans le FFP Manager<\/li>\n<\/ul>\n<p><strong>R\u00e9alisation op\u00e9rationnelle<\/strong><\/p>\n<ul>\n<li>Administration par le biais du FFP Manager<\/li>\n<li>Mises \u00e0 jour r\u00e9guli\u00e8res des comptes du FFP Manager<\/li>\n<li>R\u00e9servation de vols de prime<\/li>\n<\/ul>\n","protected":false},"excerpt":{"rendered":"<p>D\u00e9roulement de projet Analyse Analyse des co\u00fbts de voyage Analyse du processus de r\u00e9servation Analyse des comportements de voyage Elaboration des recommandations Les programmes a utiliser Installation des processus op\u00e9rationnels Adaptation des directives Mise en \u0153uvre Mise en \u0153uvre de processus r\u00e9vis\u00e9s avec l\u2019agence de voyage Inscription des voyageurs dans les programmes Frequent Flyer Importation [&hellip;]<\/p>\n","protected":false},"author":7,"featured_media":0,"parent":696,"menu_order":0,"comment_status":"closed","ping_status":"closed","template":"","meta":{"_links_to":"","_links_to_target":""},"_links":{"self":[{"href":"https:\/\/www.globalflight.net\/french\/wp-json\/wp\/v2\/pages\/694"}],"collection":[{"href":"https:\/\/www.globalflight.net\/french\/wp-json\/wp\/v2\/pages"}],"about":[{"href":"https:\/\/www.globalflight.net\/french\/wp-json\/wp\/v2\/types\/page"}],"author":[{"embeddable":true,"href":"https:\/\/www.globalflight.net\/french\/wp-json\/wp\/v2\/users\/7"}],"replies":[{"embeddable":true,"href":"https:\/\/www.globalflight.net\/french\/wp-json\/wp\/v2\/comments?post=694"}],"version-history":[{"count":7,"href":"https:\/\/www.globalflight.net\/french\/wp-json\/wp\/v2\/pages\/694\/revisions"}],"predecessor-version":[{"id":2727,"href":"https:\/\/www.globalflight.net\/french\/wp-json\/wp\/v2\/pages\/694\/revisions\/2727"}],"up":[{"embeddable":true,"href":"https:\/\/www.globalflight.net\/french\/wp-json\/wp\/v2\/pages\/696"}],"wp:attachment":[{"href":"https:\/\/www.globalflight.net\/french\/wp-json\/wp\/v2\/media?parent=694"}],"curies":[{"name":"wp","href":"https:\/\/api.w.org\/{rel}","templated":true}]}}