{"id":696,"date":"2014-10-10T10:53:34","date_gmt":"2014-10-10T02:53:34","guid":{"rendered":"http:\/\/www.globalflight.net\/french\/?page_id=696"},"modified":"2022-10-30T06:03:32","modified_gmt":"2022-10-30T05:03:32","slug":"corporations","status":"publish","type":"page","link":"https:\/\/www.globalflight.net\/french\/services\/corporations\/","title":{"rendered":"Entreprises"},"content":{"rendered":"<p><strong>Cher Travel Manager,<\/strong><\/p>\n<p><strong>Plus aucune raison de vous emb\u00eater avec les programmes Frequent Flyer : Nous avons la solution pour vous.<\/strong><\/p>\n<p><strong>Utiliser des programmes Frequent Flyer au niveau de l\u2019entreprise peut vous permettre d\u2019\u00e9conomiser env. 10% de votre budget a\u00e9rien. Ces \u00e9conomies ne sont qu\u2019\u00e0 quelques pas et nous sommes ravis de vous y emmener.<\/strong><br \/>\n<iframe loading=\"lazy\" src=\"https:\/\/www.youtube.com\/embed\/yFA4OUmvkaE?ecver=1\" width=\"560\" height=\"315\" frameborder=\"0\" allowfullscreen=\"allowfullscreen\"><\/iframe><\/p>\n<p><a title=\"Overview \u2013 Corporations\" href=\"https:\/\/www.globalflight.net\/french\/services\/corporations\/overview-corporations\/\"><img loading=\"lazy\" class=\"alignnone wp-image-659 size-full\" src=\"https:\/\/www.globalflight.net\/french\/wp-content\/uploads\/2014\/11\/Lire-plus.png\" alt=\"service-button\" width=\"103\" height=\"37\" \/><\/a><\/p>\n","protected":false},"excerpt":{"rendered":"<p>Cher Travel Manager, Plus aucune raison de vous emb\u00eater avec les programmes Frequent Flyer : Nous avons la solution pour vous. Utiliser des programmes Frequent Flyer au niveau de l\u2019entreprise peut vous permettre d\u2019\u00e9conomiser env. 10% de votre budget a\u00e9rien. Ces \u00e9conomies ne sont qu\u2019\u00e0 quelques pas et nous sommes ravis de vous y emmener.<\/p>\n","protected":false},"author":7,"featured_media":0,"parent":635,"menu_order":0,"comment_status":"closed","ping_status":"closed","template":"","meta":{"_links_to":"","_links_to_target":""},"_links":{"self":[{"href":"https:\/\/www.globalflight.net\/french\/wp-json\/wp\/v2\/pages\/696"}],"collection":[{"href":"https:\/\/www.globalflight.net\/french\/wp-json\/wp\/v2\/pages"}],"about":[{"href":"https:\/\/www.globalflight.net\/french\/wp-json\/wp\/v2\/types\/page"}],"author":[{"embeddable":true,"href":"https:\/\/www.globalflight.net\/french\/wp-json\/wp\/v2\/users\/7"}],"replies":[{"embeddable":true,"href":"https:\/\/www.globalflight.net\/french\/wp-json\/wp\/v2\/comments?post=696"}],"version-history":[{"count":17,"href":"https:\/\/www.globalflight.net\/french\/wp-json\/wp\/v2\/pages\/696\/revisions"}],"predecessor-version":[{"id":5686,"href":"https:\/\/www.globalflight.net\/french\/wp-json\/wp\/v2\/pages\/696\/revisions\/5686"}],"up":[{"embeddable":true,"href":"https:\/\/www.globalflight.net\/french\/wp-json\/wp\/v2\/pages\/635"}],"wp:attachment":[{"href":"https:\/\/www.globalflight.net\/french\/wp-json\/wp\/v2\/media?parent=696"}],"curies":[{"name":"wp","href":"https:\/\/api.w.org\/{rel}","templated":true}]}}