{"id":700,"date":"2014-10-10T10:54:20","date_gmt":"2014-10-10T02:54:20","guid":{"rendered":"http:\/\/www.globalflight.net\/french\/?page_id=700"},"modified":"2022-10-30T06:04:06","modified_gmt":"2022-10-30T05:04:06","slug":"private-customers","status":"publish","type":"page","link":"https:\/\/www.globalflight.net\/french\/services\/private-customers\/","title":{"rendered":"Particuliers"},"content":{"rendered":"<h4><b>D\u00e9collez avec plus de primes Frequent Flyer que jamais !<\/b><\/h4>\n<p><b>Notre service personnalis\u00e9 s\u2019adresse \u00e0 tous les grands voyageurs qui souhaitent exploiter les diff\u00e9rences consid\u00e9rables entre tous les programmes de fid\u00e9lisation \u00e0 leur propre avantage. Vous \u00eates s\u00fbr que vous utilisez d\u00e9j\u00e0 les programmes les plus avantageux pour vous\u00a0? D\u00e9trompez-vous\u2026<\/b><\/p>\n<p><iframe loading=\"lazy\" src=\"https:\/\/www.youtube.com\/embed\/qSZjqfT40yw?ecver=1\" width=\"560\" height=\"315\" frameborder=\"0\" allowfullscreen=\"allowfullscreen\"><\/iframe><br \/>\n<a title=\"Overview \u2013 Private Customers\" href=\"https:\/\/www.globalflight.net\/french\/services\/private-customers\/overview-private-customers\/\"><img loading=\"lazy\" class=\"alignnone wp-image-659 size-full\" src=\"https:\/\/www.globalflight.net\/french\/wp-content\/uploads\/2014\/11\/Lire-plus.png\" alt=\"service-button\" width=\"103\" height=\"37\" \/><\/a><\/p>\n","protected":false},"excerpt":{"rendered":"<p>D\u00e9collez avec plus de primes Frequent Flyer que jamais ! Notre service personnalis\u00e9 s\u2019adresse \u00e0 tous les grands voyageurs qui souhaitent exploiter les diff\u00e9rences consid\u00e9rables entre tous les programmes de fid\u00e9lisation \u00e0 leur propre avantage. Vous \u00eates s\u00fbr que vous utilisez d\u00e9j\u00e0 les programmes les plus avantageux pour vous\u00a0? D\u00e9trompez-vous\u2026<\/p>\n","protected":false},"author":7,"featured_media":0,"parent":635,"menu_order":0,"comment_status":"closed","ping_status":"closed","template":"","meta":{"_links_to":"","_links_to_target":""},"_links":{"self":[{"href":"https:\/\/www.globalflight.net\/french\/wp-json\/wp\/v2\/pages\/700"}],"collection":[{"href":"https:\/\/www.globalflight.net\/french\/wp-json\/wp\/v2\/pages"}],"about":[{"href":"https:\/\/www.globalflight.net\/french\/wp-json\/wp\/v2\/types\/page"}],"author":[{"embeddable":true,"href":"https:\/\/www.globalflight.net\/french\/wp-json\/wp\/v2\/users\/7"}],"replies":[{"embeddable":true,"href":"https:\/\/www.globalflight.net\/french\/wp-json\/wp\/v2\/comments?post=700"}],"version-history":[{"count":17,"href":"https:\/\/www.globalflight.net\/french\/wp-json\/wp\/v2\/pages\/700\/revisions"}],"predecessor-version":[{"id":5687,"href":"https:\/\/www.globalflight.net\/french\/wp-json\/wp\/v2\/pages\/700\/revisions\/5687"}],"up":[{"embeddable":true,"href":"https:\/\/www.globalflight.net\/french\/wp-json\/wp\/v2\/pages\/635"}],"wp:attachment":[{"href":"https:\/\/www.globalflight.net\/french\/wp-json\/wp\/v2\/media?parent=700"}],"curies":[{"name":"wp","href":"https:\/\/api.w.org\/{rel}","templated":true}]}}