{"id":706,"date":"2014-10-10T10:57:28","date_gmt":"2014-10-10T02:57:28","guid":{"rendered":"http:\/\/www.globalflight.net\/french\/?page_id=706"},"modified":"2016-04-08T10:23:14","modified_gmt":"2016-04-08T09:23:14","slug":"listing-clps-for-smes","status":"publish","type":"page","link":"https:\/\/www.globalflight.net\/french\/ressources\/listing-clps-for-smes\/","title":{"rendered":"Liste programmes PME"},"content":{"rendered":"<p>Les programmes de fid\u00e9lisation pour les PME ci-dessous sont op\u00e9r\u00e9s en ce moment. Vous pouvez vous connecter directement aux pages internet de l&rsquo;op\u00e9rateur du programme, en cliquant sur le nom du programme, si possible directement aux pages concernant le programme. Veuillez noter que beaucoup de ces programmes ne sont propos\u00e9s que dans certains march\u00e9s. De plus, les compagnies a\u00e9riennes proposent aux entreprises bien entendu \u00e9galement d\u2019autres produits en fonction de leur taille, tels que des accords d\u2019entreprise ou bien des tarifs nets. <\/p>\n\n<table id=\"tablepress-4\" class=\"tablepress tablepress-id-4\" aria-describedby=\"tablepress-4-description\">\n<thead>\n<tr class=\"row-1 odd\">\n\t<th class=\"column-1\">Programme<\/th><th class=\"column-2\">Op\u00e9rateur<\/th><th class=\"column-3\">Pays<\/th>\n<\/tr>\n<\/thead>\n<tbody class=\"row-hover\">\n<tr class=\"row-2 even\">\n\t<td class=\"column-1\"><a href=\"https:\/\/en.about.aegeanair.com\/business-on-board\/\" target=_\"blank\">Business on Board<\/a><\/td><td class=\"column-2\">Aegean Airlines<\/td><td class=\"column-3\">Gr\u00e8ce<\/td>\n<\/tr>\n<tr class=\"row-3 odd\">\n\t<td class=\"column-1\"><a href=\"http:\/\/www.aeroflot.ru\/ru-en\/information_services\/loyalty_program\" target=_\"blank\">Corporate Loyalty Program<\/a><\/td><td class=\"column-2\">Aeroflot<\/td><td class=\"column-3\">Russie<\/td>\n<\/tr>\n<tr class=\"row-4 even\">\n\t<td class=\"column-1\"><a href=\"https:\/\/corporativo.clubpremier.com\/en\/corporate\/descubre?corpCategory=discover&amp;_ga=2.215239313.702714916.1503910721-1350183669.1503910721&amp;lang=en\" target=_\"blank\">Club Premier Corporativo<\/a><\/td><td class=\"column-2\">AeroMexico<\/td><td class=\"column-3\">Mexique<\/td>\n<\/tr>\n<tr class=\"row-5 odd\">\n\t<td class=\"column-1\"><a href=\"https:\/\/airastana.com\/kaz\/en-us\/Nomad-Club\/Nomad-Corporate\/Programme-Overview\" target=_\"blank\">Nomad Corporate<\/a><\/td><td class=\"column-2\">Air Astana <\/td><td class=\"column-3\">Kazakhstan<\/td>\n<\/tr>\n<tr class=\"row-6 even\">\n\t<td class=\"column-1\"><a href=\"http:\/\/www.aireuropaempresas.com\/fidemp\/es\/gastar.xml\" target=_\"blank\">AirEuropa Empresas<\/a><\/td><td class=\"column-2\">Air Europa<\/td><td class=\"column-3\">Espagne<\/td>\n<\/tr>\n<tr class=\"row-7 odd\">\n\t<td class=\"column-1\"><a href=\"https:\/\/www.bluebiz.com\/en\/\" target=_\"blank\">Blue Biz<\/a><\/td><td class=\"column-2\">Air France KLM<\/td><td class=\"column-3\">France\/Pays-Bas<\/td>\n<\/tr>\n<tr class=\"row-8 even\">\n\t<td class=\"column-1\"><a href=\"http:\/\/www.airmoldova.md\/juridical-persons-participation-en\/\" target=_\"blank\">Air Moldova Club<\/a><\/td><td class=\"column-2\">Air Moldova<\/td><td class=\"column-3\">Moldavie<\/td>\n<\/tr>\n<tr class=\"row-9 odd\">\n\t<td class=\"column-1\"><a href=\"http:\/\/www.airnewzealand.co.nz\/airpoints-for-business\" target=_\"blank\">Airpoints for Business<\/a><\/td><td class=\"column-2\">Air New Zealand<\/td><td class=\"column-3\">Nouvelle-Z\u00e9lande<\/td>\n<\/tr>\n<tr class=\"row-10 even\">\n\t<td class=\"column-1\"><a href=\"https:\/\/www.airtahitinui.com\/pf-fr\/club-tiare-corporate\" target=_\"blank\">Club Tiare Corporate<\/a><\/td><td class=\"column-2\">Air Tahiti Nui<\/td><td class=\"column-3\">Polyn\u00e9sie fran\u00e7aise<\/td>\n<\/tr>\n<tr class=\"row-11 odd\">\n\t<td class=\"column-1\"><a href=\"https:\/\/www.alaskaair.com\/content\/atmos-for-business\" target=_\"blank\">Atmos for Business<\/a><\/td><td class=\"column-2\">Alaska Airlines<\/td><td class=\"column-3\">Etats-Unis<\/td>\n<\/tr>\n<tr class=\"row-12 even\">\n\t<td class=\"column-1\"><a href=\"https:\/\/www.aa.com\/i18n\/aadvantage-program\/aadvantage-business\/overview.jsp\" target=_\"blank\">AAdvantage Business<\/a><\/td><td class=\"column-2\">American Airlines<\/td><td class=\"column-3\">Etats-Unis<\/td>\n<\/tr>\n<tr class=\"row-13 odd\">\n\t<td class=\"column-1\"><a href=\"https:\/\/flyasiana.com\/C\/KR\/EN\/contents\/asiana-corporate-club\" target=_\"blank\">Asiana Corporate Club<\/a><\/td><td class=\"column-2\">Asiana<\/td><td class=\"column-3\">Cor\u00e9e du Sud<\/td>\n<\/tr>\n<tr class=\"row-14 even\">\n\t<td class=\"column-1\"><a href=\"http:\/\/www.programapreferencia.com\/en-co\/\" target=_\"blank\">Preferencia<\/a><\/td><td class=\"column-2\">Avianca<\/td><td class=\"column-3\">Colombie<\/td>\n<\/tr>\n<tr class=\"row-15 odd\">\n\t<td class=\"column-1\"><a href=\"http:\/\/en.belavia.by\/leader\/for_firms\/\" target=_\"blank\">Belavia Leader<\/a><\/td><td class=\"column-2\">Belavia<\/td><td class=\"column-3\">Bielorussie<\/td>\n<\/tr>\n<tr class=\"row-16 even\">\n\t<td class=\"column-1\"><a href=\"http:\/\/www.britishairways.com\/travel\/on-business-travel\/public\/en_gb?gsLink=searchResults\" target=_\"blank\">On Business<\/a><\/td><td class=\"column-2\">British Airways<\/td><td class=\"column-3\">Royaume-Uni<\/td>\n<\/tr>\n<tr class=\"row-17 odd\">\n\t<td class=\"column-1\"><a href=\"https:\/\/www.cathaypacific.com\/cx\/en_HK\/offers\/business-travel\/business-plus.html\" target=_\"blank\">Business Plus<\/a><\/td><td class=\"column-2\">Cathay Pacific<\/td><td class=\"column-3\">Chine<\/td>\n<\/tr>\n<tr class=\"row-18 even\">\n\t<td class=\"column-1\"><a href=\"https:\/\/members.china-airlines.com\/CRP\/Promote\/Introduction\" target=_\"blank\">Corporate Extra<\/a><\/td><td class=\"column-2\">China Airlines<\/td><td class=\"column-3\">Taiwan<\/td>\n<\/tr>\n<tr class=\"row-19 odd\">\n\t<td class=\"column-1\"><a href=\"https:\/\/skybonus.delta.com\/content\/skybonus\/corporate\/us\/en\/home.html\" target=_\"blank\">SkyBonus<\/a><\/td><td class=\"column-2\">Delta Air Lines<\/td><td class=\"column-3\">Etats-Unis<\/td>\n<\/tr>\n<tr class=\"row-20 even\">\n\t<td class=\"column-1\"><a href=\"https:\/\/www.egyptairplus.com\/corporate-plus-program\" target=_\"blank\">Egyptair Corporate Plus<\/a><\/td><td class=\"column-2\">Egyptair <\/td><td class=\"column-3\">Egypte<\/td>\n<\/tr>\n<tr class=\"row-21 odd\">\n\t<td class=\"column-1\"><a href=\"https:\/\/www.emirates.com\/english\/business-rewards\/benefits\/\" target=_\"blank\">Business Rewards<\/a><\/td><td class=\"column-2\">Emirates<\/td><td class=\"column-3\">Emirats Arabes Unis<\/td>\n<\/tr>\n<tr class=\"row-22 even\">\n\t<td class=\"column-1\"><a href=\"http:\/\/www.etihadairways.com\/sites\/etihad\/businessconnect\/ae\/en\/pages\/home.aspx\" target=_\"blank\">BusinessConnect<\/a><\/td><td class=\"column-2\">Etihad Airways<\/td><td class=\"column-3\">Emirats Arabes Unis<\/td>\n<\/tr>\n<tr class=\"row-23 odd\">\n\t<td class=\"column-1\"><a href=\"https:\/\/bizfam.evaair.com\/BZES\/bizfam-introduction\" target=_\"blank\">EVA BizFam<\/a><\/td><td class=\"column-2\">EVA Air<\/td><td class=\"column-3\">Taiwan<\/td>\n<\/tr>\n<tr class=\"row-24 even\">\n\t<td class=\"column-1\"><a href=\"https:\/\/www.iberia.com\/es\/companies\/on-business\/\" target=_\"blank\">On Business<\/a><\/td><td class=\"column-2\">Iberia<\/td><td class=\"column-3\">Espagne<\/td>\n<\/tr>\n<tr class=\"row-25 odd\">\n\t<td class=\"column-1\"><a href=\"https:\/\/micro.koreanair.com\/mainevent\/kalbiz\/kalbiz_en.html\" target=_\"blank\">KALBIZ<\/a><\/td><td class=\"column-2\">Korean Air<\/td><td class=\"column-3\">Cor\u00e9e du Sud<\/td>\n<\/tr>\n<tr class=\"row-26 even\">\n\t<td class=\"column-1\"><a href=\"http:\/\/www.lam.co.mz\/en\/Flamingo-Club\" target=_\"blank\">Flamingo Corporate<\/a><\/td><td class=\"column-2\">LAM<\/td><td class=\"column-3\">Mozambique<\/td>\n<\/tr>\n<tr class=\"row-27 odd\">\n\t<td class=\"column-1\"><a href=\"http:\/\/www.lotdlafirm.com\/web\/ldf\/home\" target=_\"blank\">LOT for Business<\/a><\/td><td class=\"column-2\">LOT<\/td><td class=\"column-3\">Pologne<\/td>\n<\/tr>\n<tr class=\"row-28 even\">\n\t<td class=\"column-1\"><a href=\"https:\/\/www.partnerplusbenefit.com\/application\/pages2\/common\/A090NewChooseLocalePage.jsp\" target=_\"blank\">PartnerPlusBenefit<\/a><\/td><td class=\"column-2\">Lufthansa<\/td><td class=\"column-3\">Allemagne<\/td>\n<\/tr>\n<tr class=\"row-29 odd\">\n\t<td class=\"column-1\"><a href=\"https:\/\/www.malaysiaairlines.com\/my\/en\/commercial-services\/mhbiz-travel\/mhbiz-pro.html\" target=_\"blank\">MHbiz Pro<\/a><\/td><td class=\"column-2\">Malaysia Airlines<\/td><td class=\"column-3\">Malaisie<\/td>\n<\/tr>\n<tr class=\"row-30 even\">\n\t<td class=\"column-1\"><a href=\"https:\/\/www.mokuleleairlines.com\/elevate-loyalty-program\/\" target=_\"blank\">Elevate for Business<\/a><\/td><td class=\"column-2\">Mokulele Airlines<\/td><td class=\"column-3\">Etats-Unis<\/td>\n<\/tr>\n<tr class=\"row-31 odd\">\n\t<td class=\"column-1\"><a href=\"https:\/\/www.piac.com.pk\/loyalty-programs\/corporate-club\" target=_\"blank\">A+ Corporate Programme<\/a><\/td><td class=\"column-2\">PIA<\/td><td class=\"column-3\">Pakistan<\/td>\n<\/tr>\n<tr class=\"row-32 even\">\n\t<td class=\"column-1\"><a href=\"https:\/\/www.qantasbusinessrewards.com\/\" target=_\"blank\">Qantas Business Rewards<\/a><\/td><td class=\"column-2\">Qantas<\/td><td class=\"column-3\">Australie<\/td>\n<\/tr>\n<tr class=\"row-33 odd\">\n\t<td class=\"column-1\"><a href=\"https:\/\/www.qatarairways.com\/en\/corporate-travel\/beyond-business.html\" target=_\"blank\">Beyond Business<\/a><\/td><td class=\"column-2\">Qatar Airways<\/td><td class=\"column-3\">Qatar<\/td>\n<\/tr>\n<tr class=\"row-34 even\">\n\t<td class=\"column-1\"><a href=\"https:\/\/www.royalairmaroc.com\/ma-en\/SAFAR-FLYER\/Discover-Safar-Flyer\/Safar-Flyer-Corporate\" target=_\"blank\">Safar Flyer Corporate<\/a><\/td><td class=\"column-2\">Royal Air Maroc<\/td><td class=\"column-3\">Maroc<\/td>\n<\/tr>\n<tr class=\"row-35 odd\">\n\t<td class=\"column-1\"><a href=\"https:\/\/www.s7.ru\/en\/profi\/\" target=_\"blank\">S7 Profi<\/a><\/td><td class=\"column-2\">S7 Airlines<\/td><td class=\"column-3\">Russie<\/td>\n<\/tr>\n<tr class=\"row-36 even\">\n\t<td class=\"column-1\"><a href=\"https:\/\/www.azoresairlines.pt\/en\/imagine\/business\" target=_\"blank\">SATA Imagine Corporate<\/a><\/td><td class=\"column-2\">SATA<\/td><td class=\"column-3\">Portugal<\/td>\n<\/tr>\n<tr class=\"row-37 odd\">\n\t<td class=\"column-1\"><a href=\"https:\/\/www.singaporeair.com\/en_UK\/sg\/sq-corporate\/highflyer-requirements\/\" target=_\"blank\">HighFlyer<\/a><\/td><td class=\"column-2\">Singapore Airlines<\/td><td class=\"column-3\">Singapour<\/td>\n<\/tr>\n<tr class=\"row-38 even\">\n\t<td class=\"column-1\"><a href=\"https:\/\/www.partnerplusbenefit.com\/application\/pages2\/common\/A090NewChooseLocalePageSACP.jsp\" target=_\"blank\">Star Alliance Company Plus<\/a><\/td><td class=\"column-2\">Star Alliance<\/td><td class=\"column-3\"><\/td>\n<\/tr>\n<tr class=\"row-39 odd\">\n\t<td class=\"column-1\"><a href=\"https:\/\/www.tapforbiz.com\/en-pt\/small-medium-enterprises\" target=_\"blank\">TAP FORBIZ<\/a><\/td><td class=\"column-2\">TAP Air Portugal<\/td><td class=\"column-3\">Portugal<\/td>\n<\/tr>\n<tr class=\"row-40 even\">\n\t<td class=\"column-1\"><a href=\"http:\/\/unitedperksplus.united.com\/\" target=_\"blank\">United PerksPlus<\/a><\/td><td class=\"column-2\">United<\/td><td class=\"column-3\">Etats-Unis<\/td>\n<\/tr>\n<tr class=\"row-41 odd\">\n\t<td class=\"column-1\"><a href=\"https:\/\/www.vietnamairlines.com\/en\/sites\/lotusbiz-vietnam-airlines\" target=_\"blank\">LotusBiz<\/a><\/td><td class=\"column-2\">Vietnam Airlines<\/td><td class=\"column-3\">Vietnam<\/td>\n<\/tr>\n<tr class=\"row-42 even\">\n\t<td class=\"column-1\"><a href=\"https:\/\/www.virginaustralia.com\/eu\/en\/fly-for-business\/business-flyer\/\" target=_\"blank\">Virgin Australia Business Flyer<\/a><\/td><td class=\"column-2\">Virgin Australia<\/td><td class=\"column-3\">Australie<\/td>\n<\/tr>\n<\/tbody>\n<\/table>\n<span id=\"tablepress-4-description\" class=\"tablepress-table-description tablepress-table-description-id-4\"><\/span>\n<!-- #tablepress-4 from cache -->\n","protected":false},"excerpt":{"rendered":"<p>Les programmes de fid\u00e9lisation pour les PME ci-dessous sont op\u00e9r\u00e9s en ce moment. Vous pouvez vous connecter directement aux pages internet de l&rsquo;op\u00e9rateur du programme, en cliquant sur le nom du programme, si possible directement aux pages concernant le programme. Veuillez noter que beaucoup de ces programmes ne sont propos\u00e9s que dans certains march\u00e9s. De [&hellip;]<\/p>\n","protected":false},"author":7,"featured_media":0,"parent":639,"menu_order":0,"comment_status":"closed","ping_status":"closed","template":"","meta":{"_links_to":"","_links_to_target":""},"_links":{"self":[{"href":"https:\/\/www.globalflight.net\/french\/wp-json\/wp\/v2\/pages\/706"}],"collection":[{"href":"https:\/\/www.globalflight.net\/french\/wp-json\/wp\/v2\/pages"}],"about":[{"href":"https:\/\/www.globalflight.net\/french\/wp-json\/wp\/v2\/types\/page"}],"author":[{"embeddable":true,"href":"https:\/\/www.globalflight.net\/french\/wp-json\/wp\/v2\/users\/7"}],"replies":[{"embeddable":true,"href":"https:\/\/www.globalflight.net\/french\/wp-json\/wp\/v2\/comments?post=706"}],"version-history":[{"count":6,"href":"https:\/\/www.globalflight.net\/french\/wp-json\/wp\/v2\/pages\/706\/revisions"}],"predecessor-version":[{"id":2767,"href":"https:\/\/www.globalflight.net\/french\/wp-json\/wp\/v2\/pages\/706\/revisions\/2767"}],"up":[{"embeddable":true,"href":"https:\/\/www.globalflight.net\/french\/wp-json\/wp\/v2\/pages\/639"}],"wp:attachment":[{"href":"https:\/\/www.globalflight.net\/french\/wp-json\/wp\/v2\/media?parent=706"}],"curies":[{"name":"wp","href":"https:\/\/api.w.org\/{rel}","templated":true}]}}