{"id":713,"date":"2014-10-10T10:58:59","date_gmt":"2014-10-10T02:58:59","guid":{"rendered":"http:\/\/www.globalflight.net\/french\/?page_id=713"},"modified":"2024-01-14T06:25:40","modified_gmt":"2024-01-14T05:25:40","slug":"team","status":"publish","type":"page","link":"https:\/\/www.globalflight.net\/french\/about-us\/team\/","title":{"rendered":"Notre \u00e9quipe"},"content":{"rendered":"<p><strong>Notre comp\u00e9tence et honn\u00eatet\u00e9 ne sont pas tomb\u00e9es du ciel, mais parviennent de fortes personnes cl\u00e9s dans notre \u00e9quipe.<\/strong><\/p>\n<p><img loading=\"lazy\" class=\"alignleft size-full wp-image-871\" style=\"margin-right: 10px;\" src=\"https:\/\/www.globalflight.net\/wp-content\/uploads\/2022\/02\/1902.jpg\" alt=\"ravindra\" width=\"170\" height=\"170\" \/><\/p>\n<p><span style=\"color: #5c82cb; font-size: 18px;\">Ravindra Bhagwanani, G\u00e9rant<\/span><\/p>\n<p>Etant n\u00e9 et ayant grandi en Suisse, sa passion pour l\u2019aviation civile a toujours \u00e9t\u00e9 une partie bien connue de sa personnalit\u00e9 d\u00e8s son enfance. Elle est le fil rouge de sa vie. Il a suivi des \u00e9tudes d\u2019ing\u00e9nieur a\u00e9ronautique \u00e0 l\u2019universit\u00e9 Technique de Berlin, compl\u00e9t\u00e9es par un mast\u00e8re en exploitation a\u00e9ronautique \u00e0 l\u2019ENAC &#8211; Ecole Nationale de l\u2019Aviation Civile \u00e0 Toulouse.<\/p>\n<p>Par la suite, quand d\u2019autres cherchent le port s\u00fbr d\u2019une grande compagnie, il cr\u00e9e GLOBAL FLIGHT management en tant que sa propre soci\u00e9t\u00e9, dans la r\u00e9gion de Francfort en 1996 \u00e0 l\u2019\u00e2ge de 26 ans. Offrir une gamme de services li\u00e9s \u00e0 un sujet comme les programmes Frequent Flyer dont personne ne parlait \u00e0 l\u2019\u00e9poque en Europe, peut para\u00eetre risqu\u00e9 d\u2019un point de vue ext\u00e9rieur. Mais pour Ravindra, ce n\u2019\u00e9tait qu\u2019un d\u00e9fi de plus.<\/p>\n<p>Pourquoi les programmes Frequent Flyer ? \u00ab D\u00e8s le d\u00e9but, j&rsquo;ai vu un potentiel inexploit\u00e9 dans ce domaine. Et il est int\u00e9ressant que, bien que les temps et les programmes aient \u00e9volu\u00e9s, le potentiel inexploit\u00e9 s&rsquo;accro\u00eet chaque jour avec de nouvelles opportunit\u00e9s qui surgissent. Je continue \u00e0 \u00eatre aussi fascin\u00e9 et absorb\u00e9 par le sujet que pendant mes premiers jours en \u00e9t\u00e9 1996 ! \u00bb il explique.<\/p>\n<p>C\u2019est \u00e9galement l\u2019environnement international de son activit\u00e9 qui lui convient. Son histoire personnelle et ses connaissances en langues (English, deutsch, fran\u00e7ais, espa\u00f1ol) lui permettent de se familiariser rapidement avec les march\u00e9s locaux. Mais malgr\u00e9 son esprit global, il a gard\u00e9 une douce habitude de son pass\u00e9 suisse. Ainsi ne lui offrez pas n\u2019importe quel chocolat sauf si vous lui assurez qu\u2019il a \u00e9t\u00e9 produit en Suisse. \u00ab Les chocolats sont comme les programmes Frequent Flyer: vous ne devriez jamais vous contenter d\u2019autre chose que du meilleur choix ! \u00bb<\/p>\n<p>&nbsp;<\/p>\n<p><img loading=\"lazy\" class=\"alignleft size-full wp-image-873\" style=\"margin-right: 10px;\" src=\"http:\/\/www.globalflight.net\/wp-content\/uploads\/2019\/03\/1902-3.jpg\" alt=\"margarita\" width=\"170\" height=\"170\" \/><\/p>\n<p><span style=\"color: #5c82cb; font-size: 18px;\">Margarita Onanova, Directrice du Succ\u00e8s Client<\/span><\/p>\n<p>Etant n\u00e9e et ayant grandi en Russie, elle a pass\u00e9 des \u00e9tudes en gestion a\u00e9ronautique \u00e0 l&rsquo;Universit\u00e9 Technique Nationale \u00e0 Moscou. Elle a commenc\u00e9 sa carri\u00e8re professionnelle chez Aeroflot &#8211; Russian Airlines qui est devenue son alma mater pendant huit ans pendant lesquels elle \u00e9tait toujours impliqu\u00e9e dans des sujets de fid\u00e9lisation. Par la suite, elle a eu l&rsquo;opportunit\u00e9 unique de sa vie de pouvoir mettre en place un programme Frequent Flyer pour une compagnie r\u00e9gionale russe en tant que Manager adjoint du programme. Elle a \u00e9galement cumul\u00e9 de l&rsquo;exp\u00e9rience en travaillant avec un fournisseur informatique sous la forme de la soci\u00e9t\u00e9 dynamique polonaise Comarch ce qui lui a permis d&rsquo;ajouter une autre perspective int\u00e9ressante \u00e0 sa vue holistique sur le sujet.<\/p>\n<p>Responsable pour le succ\u00e8s clients chez Global Flight depuis 2012, Margarita utilise son exp\u00e9rience de deux d\u00e9cennies dans l&rsquo;industrie de la fid\u00e9lisation des compagnies a\u00e9riennes afin de fournir une valeur ajout\u00e9e dans tous les projets o\u00f9 elle est impliqu\u00e9e. \u00ab Les programmes Frequent Flyer, les programmes de fid\u00e9lisation &#8211; c&rsquo;est notre r\u00e9alit\u00e9. Je suis garante pour l&rsquo;am\u00e9liorer ! \u00bb<\/p>\n<p>&nbsp;<\/p>\n<p><img loading=\"lazy\" class=\"alignleft wp-image-873\" style=\"margin-right: 10px;\" src=\"https:\/\/www.globalflight.net\/wp-content\/uploads\/2022\/08\/2208.jpg\" width=\"170\" height=\"178\" \/><\/p>\n<p><span style=\"color: #5c82cb; font-size: 18px;\">Anna Khomukha, Directrice Commerciale<\/span><\/p>\n<p>Etant n\u00e9e et ayant grandi en Ukraine, elle a conclu des \u00e9tudes par un master en relations internationales \u00e0 l&rsquo;universit\u00e9 Kyiv Slavonic en 2013. Elle est devenue \u00e9galement un membre de plusieurs programmes \u00e9ducatifs et de volontariats de l&rsquo;UE en Pologne ce qui lui a permis de ma\u00eetriser aussi bien l&rsquo;anglais que le polonais.<\/p>\n<p>Anna a d\u00e9but\u00e9 sa carri\u00e8re professionnelle en tant que responsable du d\u00e9veloppement commercial au sein de TELS, un groupe international des soci\u00e9t\u00e9s sur le march\u00e9 logistique. Son exp\u00e9rience avec des ventes internationales et la supervision des projets pour l&rsquo;Union Europ\u00e9enne ont cr\u00e9\u00e9 sa passion pour le march\u00e9 logistique et de voyages. Plus tard, elle a acquis des qualit\u00e9s de manager en tant que responsable de la division internationale au sein d&rsquo;une autre entreprise ukrainienne.<\/p>\n<p>Elle a quitt\u00e9 l&rsquo;Ukraine en faveur de la France en f\u00e9vrier 2022, pas seulement avec l&rsquo;objectif d&rsquo;offrir un avenir en s\u00fbret\u00e9 \u00e0 sa famille, mais \u00e9galement en prenant en compte l&rsquo;importance de l&rsquo;industrie de voyage dans son nouveau pays. Et donnant son engagement de prendre contr\u00f4le elle-m\u00eame de son destin, cela ne lui a, en effet, pas pris beaucoup de temps de s&rsquo;\u00e9tablir pleinement sur un plan professionnel et de commencer \u00e0 \u00e9crire un nouveau chapitre dans sa vie.<\/p>\n<p>Anna s&rsquo;est jointe \u00e0 Global Flight afin de continuer sa passion pour le domaine du d\u00e9veloppement commerciale \u00e0 une \u00e9chelle internationale. Elle voyage beaucoup envers des destinations diff\u00e9rentes \u00e0 travers le monde et poss\u00e8de une bonne compr\u00e9hension des d\u00e9fis g\u00e9n\u00e9raux dans le secteur des compagnies a\u00e9riennes et du voyage ce qui joue un part important dans son r\u00f4le de Directrice Commerciale de fournir une valeur ajout\u00e9e aux clients et de contribuer au d\u00e9veloppement de leurs programmes de fid\u00e9lisation.<\/p>\n<p>\u00ab\u00a0Le but principal de mon travail a toujours \u00e9t\u00e9 le succ\u00e8s des efforts de mon client. C&rsquo;est exactement la vision retrouv\u00e9e chez Global Flight qui est v\u00e9cue par chacun des membres de son \u00e9quipe. Je travaille exclusivement en accord avec une strat\u00e9gie gagnant-gagnant parce que personne n&rsquo;encourt le risque de perdre avec Global Flight! C&rsquo;est un grand plaisir d&rsquo;\u00eatre en mesure de proposer les meilleures solutions aussi bien pour nos clients du c\u00f4t\u00e9 consulting que pour les sponsors de notre conf\u00e9rence, tout en \u00e9tant totalement confiante en un r\u00e9sultat utile pour nos clients.\u00a0\u00bb<\/p>\n<p>&nbsp;<\/p>\n<p><img loading=\"lazy\" class=\"alignleft wp-image-4681\" src=\"https:\/\/www.globalflight.net\/wp-content\/uploads\/2022\/12\/2211-scaled.jpg\" alt=\"1808\" width=\"170\" height=\"170\" \/><\/p>\n<p><span style=\"color: #5c82cb; font-size: 18px;\">Victoria Giglio, Manager Ev\u00e9nementiel<\/span><\/p>\n<p>N\u00e9e et \u00e9lev\u00e9e aux Antilles, sur une \u00eele o\u00f9 le tourisme est d&rsquo;une importance capitale, Victoria a \u00e9volu\u00e9 dans un environnement multiculturel stimulant.<\/p>\n<p>C&rsquo;est donc tout naturellement qu&rsquo;elle s&rsquo;est tourn\u00e9e vers l&rsquo;\u00e9tude des langues \u00e9trang\u00e8res appliqu\u00e9es, avant de se sp\u00e9cialiser avec un Master en Communication Digitale &amp; Ev\u00e9nementiel.<\/p>\n<p>Bonne vivante et tr\u00e8s attach\u00e9e \u00e0 la satisfaction client, elle approfondit ses comp\u00e9tences en \u00e9v\u00e9nementiel, community management et accompagnement commercial au sein d&rsquo;un groupe de restauration majeur de la r\u00e9gion toulousaine.<\/p>\n<p>Anim\u00e9e par le go\u00fbt du challenge et des voyages, elle int\u00e8gre Global Flight en 2022 pour g\u00e9rer l&rsquo;organisation de la conf\u00e9rence annuelle Loyalty &amp; Awards. \u00ab\u00a0La diversit\u00e9 est essentielle pour moi. Entre gestion op\u00e9rationnelle, communication et marketing, je ne risque pas de m&rsquo;ennuyer. Je suis ravie de prendre part \u00e0 la mise en place d&rsquo;un tel \u00e9v\u00e9nement, o\u00f9 \u00e9changes et relations humaines ont une place centrale.\u00a0\u00bb<\/p>\n","protected":false},"excerpt":{"rendered":"<p>Notre comp\u00e9tence et honn\u00eatet\u00e9 ne sont pas tomb\u00e9es du ciel, mais parviennent de fortes personnes cl\u00e9s dans notre \u00e9quipe. Ravindra Bhagwanani, G\u00e9rant Etant n\u00e9 et ayant grandi en Suisse, sa passion pour l\u2019aviation civile a toujours \u00e9t\u00e9 une partie bien connue de sa personnalit\u00e9 d\u00e8s son enfance. Elle est le fil rouge de sa vie. [&hellip;]<\/p>\n","protected":false},"author":7,"featured_media":0,"parent":736,"menu_order":0,"comment_status":"closed","ping_status":"closed","template":"","meta":{"_links_to":"","_links_to_target":""},"_links":{"self":[{"href":"https:\/\/www.globalflight.net\/french\/wp-json\/wp\/v2\/pages\/713"}],"collection":[{"href":"https:\/\/www.globalflight.net\/french\/wp-json\/wp\/v2\/pages"}],"about":[{"href":"https:\/\/www.globalflight.net\/french\/wp-json\/wp\/v2\/types\/page"}],"author":[{"embeddable":true,"href":"https:\/\/www.globalflight.net\/french\/wp-json\/wp\/v2\/users\/7"}],"replies":[{"embeddable":true,"href":"https:\/\/www.globalflight.net\/french\/wp-json\/wp\/v2\/comments?post=713"}],"version-history":[{"count":39,"href":"https:\/\/www.globalflight.net\/french\/wp-json\/wp\/v2\/pages\/713\/revisions"}],"predecessor-version":[{"id":6037,"href":"https:\/\/www.globalflight.net\/french\/wp-json\/wp\/v2\/pages\/713\/revisions\/6037"}],"up":[{"embeddable":true,"href":"https:\/\/www.globalflight.net\/french\/wp-json\/wp\/v2\/pages\/736"}],"wp:attachment":[{"href":"https:\/\/www.globalflight.net\/french\/wp-json\/wp\/v2\/media?parent=713"}],"curies":[{"name":"wp","href":"https:\/\/api.w.org\/{rel}","templated":true}]}}