{"id":717,"date":"2014-10-10T11:00:04","date_gmt":"2014-10-10T03:00:04","guid":{"rendered":"http:\/\/www.globalflight.net\/french\/?page_id=717"},"modified":"2021-09-28T12:43:36","modified_gmt":"2021-09-28T11:43:36","slug":"advisory-board","status":"publish","type":"page","link":"https:\/\/www.globalflight.net\/french\/about-us\/advisory-board\/","title":{"rendered":"Comit\u00e9 Consultatif"},"content":{"rendered":"<p>Des soci\u00e9t\u00e9s s\u00e9rieuses devraient \u00eatre aussi s\u00e9rieuses quant \u00e0 leurs comit\u00e9s consultatifs. Bien plus qu&rsquo;une obligation formelle, ils devraient \u00eatre vus comme opportunit\u00e9 pour obtenir une contribution strat\u00e9gique pr\u00e9cieuse au futur d\u00e9veloppement des activit\u00e9s. Ceci exige que le comit\u00e9 soit compos\u00e9 des professionnels exp\u00e9riment\u00e9s avec des connaissances approfondies du secteur.<\/p>\n<p>Notre <a title=\"Team\" href=\"https:\/\/www.globalflight.net\/french\/about-us\/team\/\">g\u00e9rant<\/a>\u00a0est repr\u00e9sent\u00e9 dans plusieurs comit\u00e9s consultatifs des entreprises de l&rsquo;industrie de la fid\u00e9lisation. Si vous souhaitez laisser votre soci\u00e9t\u00e9 profiter de ses exp\u00e9riences \u00e0 ce niveau-l\u00e0 aussi, veuillez bien <a title=\"Contact Us\" href=\"https:\/\/www.globalflight.net\/french\/contact-us\/\">nous contacter<\/a>\u00a0afin de discuter d&rsquo;une telle opportunit\u00e9 en d\u00e9tails.<\/p>\n","protected":false},"excerpt":{"rendered":"<p>Des soci\u00e9t\u00e9s s\u00e9rieuses devraient \u00eatre aussi s\u00e9rieuses quant \u00e0 leurs comit\u00e9s consultatifs. Bien plus qu&rsquo;une obligation formelle, ils devraient \u00eatre vus comme opportunit\u00e9 pour obtenir une contribution strat\u00e9gique pr\u00e9cieuse au futur d\u00e9veloppement des activit\u00e9s. Ceci exige que le comit\u00e9 soit compos\u00e9 des professionnels exp\u00e9riment\u00e9s avec des connaissances approfondies du secteur. Notre g\u00e9rant\u00a0est repr\u00e9sent\u00e9 dans plusieurs [&hellip;]<\/p>\n","protected":false},"author":7,"featured_media":0,"parent":736,"menu_order":0,"comment_status":"closed","ping_status":"closed","template":"","meta":{"_links_to":"","_links_to_target":""},"_links":{"self":[{"href":"https:\/\/www.globalflight.net\/french\/wp-json\/wp\/v2\/pages\/717"}],"collection":[{"href":"https:\/\/www.globalflight.net\/french\/wp-json\/wp\/v2\/pages"}],"about":[{"href":"https:\/\/www.globalflight.net\/french\/wp-json\/wp\/v2\/types\/page"}],"author":[{"embeddable":true,"href":"https:\/\/www.globalflight.net\/french\/wp-json\/wp\/v2\/users\/7"}],"replies":[{"embeddable":true,"href":"https:\/\/www.globalflight.net\/french\/wp-json\/wp\/v2\/comments?post=717"}],"version-history":[{"count":8,"href":"https:\/\/www.globalflight.net\/french\/wp-json\/wp\/v2\/pages\/717\/revisions"}],"predecessor-version":[{"id":5390,"href":"https:\/\/www.globalflight.net\/french\/wp-json\/wp\/v2\/pages\/717\/revisions\/5390"}],"up":[{"embeddable":true,"href":"https:\/\/www.globalflight.net\/french\/wp-json\/wp\/v2\/pages\/736"}],"wp:attachment":[{"href":"https:\/\/www.globalflight.net\/french\/wp-json\/wp\/v2\/media?parent=717"}],"curies":[{"name":"wp","href":"https:\/\/api.w.org\/{rel}","templated":true}]}}