{"id":719,"date":"2014-10-10T11:00:24","date_gmt":"2014-10-10T03:00:24","guid":{"rendered":"http:\/\/www.globalflight.net\/french\/?page_id=719"},"modified":"2021-09-28T12:43:54","modified_gmt":"2021-09-28T11:43:54","slug":"imprint","status":"publish","type":"page","link":"https:\/\/www.globalflight.net\/french\/about-us\/imprint\/","title":{"rendered":"Impressum"},"content":{"rendered":"<p><strong>Adresse:<\/strong><br \/>\nGlobal Flight SARL<br \/>\n4, impasse du Petit Castet<br \/>\nF31830\u00a0Plaisance du Touch\u00a0\/ France<\/p>\n<p><strong>T\u00e9l\u00e9phone:<\/strong><br \/>\n+33 (0)5-61-71-16-57<\/p>\n<p><strong>E-Mail:<\/strong><br \/>\n<a href=\"mailto:impressum\/info@globalflight.net\">info@globalflight.net<\/a><\/p>\n<p><strong>Internet:<\/strong><br \/>\n<a href=\"https:\/\/globalflight.eu\/\">www.globalflight.eu<\/a><\/p>\n<p><strong>Num\u00e9ro de TVA:<\/strong><br \/>\nFR93490234341<\/p>\n<p><strong>Company registration number:<\/strong><br \/>\nR.C.S. Toulouse 490 234 341<\/p>\n<p><strong>R\u00e9sponsable pour le contenu:<\/strong><br \/>\nRavindra Bhagwanani<\/p>\n<p><strong>Avis de responsabilit\u00e9:<\/strong><br \/>\nMalgr\u00e9 un contr\u00f4le soigneux du contenu, nous n\u2019acceptons pas de responsabilit\u00e9 pour le contenu des liens externes. Seuls leurs op\u00e9rateurs sont responsables pour le contenu des pages reli\u00e9es.<\/p>\n","protected":false},"excerpt":{"rendered":"<p>Adresse: Global Flight SARL 4, impasse du Petit Castet F31830\u00a0Plaisance du Touch\u00a0\/ France T\u00e9l\u00e9phone: +33 (0)5-61-71-16-57 E-Mail: info@globalflight.net Internet: www.globalflight.eu Num\u00e9ro de TVA: FR93490234341 Company registration number: R.C.S. Toulouse 490 234 341 R\u00e9sponsable pour le contenu: Ravindra Bhagwanani Avis de responsabilit\u00e9: Malgr\u00e9 un contr\u00f4le soigneux du contenu, nous n\u2019acceptons pas de responsabilit\u00e9 pour le contenu [&hellip;]<\/p>\n","protected":false},"author":7,"featured_media":0,"parent":736,"menu_order":0,"comment_status":"closed","ping_status":"closed","template":"","meta":{"_links_to":"","_links_to_target":""},"_links":{"self":[{"href":"https:\/\/www.globalflight.net\/french\/wp-json\/wp\/v2\/pages\/719"}],"collection":[{"href":"https:\/\/www.globalflight.net\/french\/wp-json\/wp\/v2\/pages"}],"about":[{"href":"https:\/\/www.globalflight.net\/french\/wp-json\/wp\/v2\/types\/page"}],"author":[{"embeddable":true,"href":"https:\/\/www.globalflight.net\/french\/wp-json\/wp\/v2\/users\/7"}],"replies":[{"embeddable":true,"href":"https:\/\/www.globalflight.net\/french\/wp-json\/wp\/v2\/comments?post=719"}],"version-history":[{"count":9,"href":"https:\/\/www.globalflight.net\/french\/wp-json\/wp\/v2\/pages\/719\/revisions"}],"predecessor-version":[{"id":5391,"href":"https:\/\/www.globalflight.net\/french\/wp-json\/wp\/v2\/pages\/719\/revisions\/5391"}],"up":[{"embeddable":true,"href":"https:\/\/www.globalflight.net\/french\/wp-json\/wp\/v2\/pages\/736"}],"wp:attachment":[{"href":"https:\/\/www.globalflight.net\/french\/wp-json\/wp\/v2\/media?parent=719"}],"curies":[{"name":"wp","href":"https:\/\/api.w.org\/{rel}","templated":true}]}}