{"id":723,"date":"2014-10-10T11:01:57","date_gmt":"2014-10-10T03:01:57","guid":{"rendered":"http:\/\/www.globalflight.net\/french\/?page_id=723"},"modified":"2020-03-09T12:37:25","modified_gmt":"2020-03-09T11:37:25","slug":"photos","status":"publish","type":"page","link":"https:\/\/www.globalflight.net\/french\/conferences\/photos\/","title":{"rendered":"Photos"},"content":{"rendered":"<p>Nos conf\u00e9rences sont \u00e9galement toujours une belle opportunit\u00e9 pour rencontrer des coll\u00e8gues du secteur. Visitez <a href=\"https:\/\/www.loyalty-and-awards.com\/en\/pages\/gallery-16.html\" target=\"_blank\" rel=\"noopener noreferrer\">ici<\/a> une petite s\u00e9lection de photos de nos d\u00e9l\u00e9gu\u00e9s de bonne humeur lors de nos conf\u00e9rences dans le pass\u00e9 !<\/p>\n","protected":false},"excerpt":{"rendered":"<p>Nos conf\u00e9rences sont \u00e9galement toujours une belle opportunit\u00e9 pour rencontrer des coll\u00e8gues du secteur. Visitez ici une petite s\u00e9lection de photos de nos d\u00e9l\u00e9gu\u00e9s de bonne humeur lors de nos conf\u00e9rences dans le pass\u00e9 !<\/p>\n","protected":false},"author":7,"featured_media":0,"parent":637,"menu_order":0,"comment_status":"closed","ping_status":"closed","template":"","meta":{"_links_to":"","_links_to_target":""},"_links":{"self":[{"href":"https:\/\/www.globalflight.net\/french\/wp-json\/wp\/v2\/pages\/723"}],"collection":[{"href":"https:\/\/www.globalflight.net\/french\/wp-json\/wp\/v2\/pages"}],"about":[{"href":"https:\/\/www.globalflight.net\/french\/wp-json\/wp\/v2\/types\/page"}],"author":[{"embeddable":true,"href":"https:\/\/www.globalflight.net\/french\/wp-json\/wp\/v2\/users\/7"}],"replies":[{"embeddable":true,"href":"https:\/\/www.globalflight.net\/french\/wp-json\/wp\/v2\/comments?post=723"}],"version-history":[{"count":13,"href":"https:\/\/www.globalflight.net\/french\/wp-json\/wp\/v2\/pages\/723\/revisions"}],"predecessor-version":[{"id":5372,"href":"https:\/\/www.globalflight.net\/french\/wp-json\/wp\/v2\/pages\/723\/revisions\/5372"}],"up":[{"embeddable":true,"href":"https:\/\/www.globalflight.net\/french\/wp-json\/wp\/v2\/pages\/637"}],"wp:attachment":[{"href":"https:\/\/www.globalflight.net\/french\/wp-json\/wp\/v2\/media?parent=723"}],"curies":[{"name":"wp","href":"https:\/\/api.w.org\/{rel}","templated":true}]}}