{"id":744,"date":"2014-10-10T11:19:23","date_gmt":"2014-10-10T03:19:23","guid":{"rendered":"http:\/\/www.globalflight.net\/french\/?page_id=744"},"modified":"2025-01-21T10:18:13","modified_gmt":"2025-01-21T09:18:13","slug":"partners","status":"publish","type":"page","link":"https:\/\/www.globalflight.net\/french\/about-us\/partners\/","title":{"rendered":"Partenaires"},"content":{"rendered":"<p><a href=\"http:\/\/www.scheduleconsult.com\/sc\/index.html\" target=\"_blank\" rel=\"noopener\"><img loading=\"lazy\" class=\"alignleft size-medium wp-image-887\" style=\"margin-right: 10px;\" src=\"https:\/\/www.globalflight.net\/french\/wp-content\/uploads\/2014\/10\/schedule-300x45.jpg\" alt=\"schedule\" width=\"295\" height=\"45\" srcset=\"https:\/\/www.globalflight.net\/french\/wp-content\/uploads\/2014\/10\/schedule-300x45.jpg 300w, https:\/\/www.globalflight.net\/french\/wp-content\/uploads\/2014\/10\/schedule.jpg 662w\" sizes=\"(max-width: 295px) 100vw, 295px\" \/><\/a>Schedule Consult est un sp\u00e9cialiste de niche dans l&rsquo;optimisation des r\u00e9seaux a\u00e9riens. Ils proposent une expertise ind\u00e9pendante au niveau de l&rsquo;optimisation des horaires, de la gestion des recettes et des op\u00e9rations \u00e0 l&rsquo;heure. Des compagnies a\u00e9riennes d\u00e9butant leurs op\u00e9rations peuvent b\u00e9n\u00e9ficier d&rsquo;un soutien pr\u00eat \u00e0 utiliser dans une gamme de fonctions commerciales cl\u00e9s. Pour des analyses de profitabilit\u00e9 \u00e0 point, un meilleur contr\u00f4le de la ponctualit\u00e9 ou bien un plan strat\u00e9gique avec des id\u00e9es innovatrices, notre partenaire Schedule Consult est votre adresse fiable.<\/p>\n","protected":false},"excerpt":{"rendered":"<p>Schedule Consult est un sp\u00e9cialiste de niche dans l&rsquo;optimisation des r\u00e9seaux a\u00e9riens. Ils proposent une expertise ind\u00e9pendante au niveau de l&rsquo;optimisation des horaires, de la gestion des recettes et des op\u00e9rations \u00e0 l&rsquo;heure. Des compagnies a\u00e9riennes d\u00e9butant leurs op\u00e9rations peuvent b\u00e9n\u00e9ficier d&rsquo;un soutien pr\u00eat \u00e0 utiliser dans une gamme de fonctions commerciales cl\u00e9s. Pour des [&hellip;]<\/p>\n","protected":false},"author":7,"featured_media":0,"parent":736,"menu_order":0,"comment_status":"closed","ping_status":"closed","template":"","meta":{"_links_to":"","_links_to_target":""},"_links":{"self":[{"href":"https:\/\/www.globalflight.net\/french\/wp-json\/wp\/v2\/pages\/744"}],"collection":[{"href":"https:\/\/www.globalflight.net\/french\/wp-json\/wp\/v2\/pages"}],"about":[{"href":"https:\/\/www.globalflight.net\/french\/wp-json\/wp\/v2\/types\/page"}],"author":[{"embeddable":true,"href":"https:\/\/www.globalflight.net\/french\/wp-json\/wp\/v2\/users\/7"}],"replies":[{"embeddable":true,"href":"https:\/\/www.globalflight.net\/french\/wp-json\/wp\/v2\/comments?post=744"}],"version-history":[{"count":35,"href":"https:\/\/www.globalflight.net\/french\/wp-json\/wp\/v2\/pages\/744\/revisions"}],"predecessor-version":[{"id":6305,"href":"https:\/\/www.globalflight.net\/french\/wp-json\/wp\/v2\/pages\/744\/revisions\/6305"}],"up":[{"embeddable":true,"href":"https:\/\/www.globalflight.net\/french\/wp-json\/wp\/v2\/pages\/736"}],"wp:attachment":[{"href":"https:\/\/www.globalflight.net\/french\/wp-json\/wp\/v2\/media?parent=744"}],"curies":[{"name":"wp","href":"https:\/\/api.w.org\/{rel}","templated":true}]}}