{"id":816,"date":"2014-10-13T10:45:13","date_gmt":"2014-10-13T02:45:13","guid":{"rendered":"http:\/\/www.globalflight.net\/french\/?page_id=816"},"modified":"2021-09-28T11:01:02","modified_gmt":"2021-09-28T10:01:02","slug":"overview-corporations","status":"publish","type":"page","link":"https:\/\/www.globalflight.net\/french\/services\/corporations\/overview-corporations\/","title":{"rendered":"Introduction"},"content":{"rendered":"<p><iframe loading=\"lazy\" src=\"https:\/\/www.youtube.com\/embed\/yFA4OUmvkaE?ecver=1\" width=\"560\" height=\"315\" frameborder=\"0\" allowfullscreen=\"allowfullscreen\"><\/iframe><br \/>\n<strong>Cher Travel Manager,<\/strong><\/p>\n<p>Plus aucune raison de vous emb\u00eater avec les programmes Frequent Flyer : Nous avons la solution pour vous.<\/p>\n<p>Utiliser des programmes Frequent Flyer au niveau de l\u2019entreprise peut vous permettre d\u2019\u00e9conomiser env. 10% de votre budget a\u00e9rien. Ces \u00e9conomies ne sont qu\u2019\u00e0 quelques pas et nous sommes ravis de vous y emmener.<\/p>\n<p>Bas\u00e9 sur l\u2019analyse de plus de <a href=\"https:\/\/www.globalflight.net\/french\/frequent-flyerloyalty-programs\/listing-ffps\/\">220 programmes Frequent Flyer<\/a> dans le monde, nous aidons les entreprises \u00e0 utiliser les programmes de fid\u00e9lit\u00e9s \u00e0 leur avantage.<\/p>\n<p>En fonction de la philosophie interne de votre, les primes de ces programmes peuvent utilis\u00e9es de deux mani\u00e8res :<br \/>\n-Au profit de l\u2019entreprise afin de r\u00e9duire les co\u00fbts a\u00e9riens.<br \/>\n-Au profit de du salari\u00e9 voyageur pour son usage individuel.<\/p>\n<p>Dans le deuxi\u00e8me cas, une entreprise doit s\u2019assurer que cette utilisation priv\u00e9e n\u2019est pas en contradiction avec sa politique d\u2019achat. Et bien souvent, un conflit peut surgit quand les deux parties ne trouvent pas de terrain d\u2019entente dans le choix des fournisseurs.<\/p>\n<p><strong>Notre soutien peut couvrir les deux cas.<\/strong> Nous pouvons structurer notre service selon vos conditions de gestion de voyage individuel.<\/p>\n<p><strong>Primes utilis\u00e9es au profit de l\u2019entreprise<\/strong><\/p>\n<p>Bien que la majorit\u00e9 des programmes de fid\u00e9lit\u00e9 soit calcul\u00e9s sur une base individuelle, une bonne approche pourrait vous permettre de profiter d\u2019un fort potentiel si votre politique de voyage est d\u2019utiliser les programmes Frequent Flyer \u00e0 des fins professionnelles. D\u2019un point de vue l\u00e9gal, une telle intention est totalement possible. Toutefois, la s\u00e9lection des programmes \u00e0 utiliser et la meilleure mani\u00e8re de proc\u00e9der restent des t\u00e2ches difficiles.<\/p>\n<p>Nous remarquons souvent des diff\u00e9rences \u00e9normes entre les 30 diff\u00e9rentes compagnies, mais pour savoir quel programme vous correspond, cela d\u00e9pend fortement du profil de voyage sp\u00e9cifique et varie en fonction de beaucoup de crit\u00e8res. Par exemple, beaucoup de programmes de fid\u00e9lit\u00e9 permettent le transfert des primes sans restrictions, ce qui facilite consid\u00e9rablement l\u2019utilisation des programmes au niveau de l\u2019entreprise. Ainsi, cela peut \u00eatre avantageux (c\u2019est un cas commun en r\u00e9alit\u00e9 !) de voyager avec une certaine compagnie a\u00e9rienne, p.ex. Lufthansa, et de choisir de cr\u00e9diter ses miles sur le programme op\u00e9r\u00e9 par une autre compagnie, p.ex. par United.<\/p>\n<p>Nous fonctionnons seulement gr\u00e2ce \u00e0 une <strong>\u00e9tude cas par cas <\/strong> pour prendre en compte toutes les conditions particuli\u00e8res de l\u2019entreprise et enfin d\u00e9finir la meilleure solution. Bien entendu, nous vous assistons sur tous les aspects de mise en place &#8211; des directives de voyage \u00e0 la cr\u00e9ation des proc\u00e9d\u00e9s optimis\u00e9s en y int\u00e9grant votre agence de voyages. Au niveau op\u00e9rationnel, notre logiciel d\u2019administration, le <a title=\"FFP Manager\" href=\"https:\/\/www.globalflight.net\/french\/services\/corporations\/ffp-manager\/\">FFP Manager<\/a>vous facilite la t\u00e2che.<\/p>\n<p>Notre approche fondamentale permet \u00e0 des entreprises de toutes tailles de <strong>r\u00e9duire leurs co\u00fbts de voyages a\u00e9riens de 10% pour des vols court-courriers et m\u00eame entre 15% et 35% pour des vols long-courriers <\/strong> en utilisant toutes les primes de mani\u00e8re syst\u00e9matique.<\/p>\n<p>Et le mieux dans tout cela : <strong>Ces r\u00e9ductions se rajoutent \u00e0 celles <\/strong> qu\u2019une entreprise peut effectuer, comme \u00e0 travers les accords d\u2019entreprise, par tarifs r\u00e9duits ou \u00e0 travers <a title=\"Listing CLPs for SMEs\" href=\"https:\/\/www.globalflight.net\/french\/frequent-flyerloyalty-programs\/listing-clps-for-smes\/\">les programmes de fid\u00e9lisation pour les PME<\/a>!<\/p>\n<p>Veuillez <a title=\"Project Procedures\" href=\"https:\/\/www.globalflight.net\/french\/services\/corporations\/project-procedures\/\">cliquer ici<\/a> pour avoir une id\u00e9e du d\u00e9roulement typique d\u2018un projet &#8211; \u00e9videmment compl\u00e8tement adaptable \u00e0 vos besoins sp\u00e9cifiques!<\/p>\n<p><img loading=\"lazy\" src=\"https:\/\/www.globalflight.net\/french\/wp-content\/uploads\/2014\/10\/rates.jpg\" alt=\"rates\" width=\"666\" height=\"250\" \/><\/p>\n<p><strong>Primes utilis\u00e9es au niveau priv\u00e9<\/strong><\/p>\n<p>Beaucoup de soci\u00e9t\u00e9s croient qu\u2019elles n\u2019ont pas besoin de s\u2019occuper des programmes Frequent Flyer d\u00e8s que les primes reviennent aux voyageurs. Cette attitude est &#8211; pour l\u2019exprimer prudemment &#8211; absolument dangereuse.<\/p>\n<p>Les buts des entreprises et des voyageurs individuels sont souvent <strong> contradictoires<\/strong>: l\u2019entreprise choisit des fournisseurs selon ses crit\u00e8res alors que le voyageur essaie de concentrer ses miles sur un seul compte.<br \/>\nNotre service vous offre une solution facile \u00e0 ce conflit : Nous montrerons \u00e0 chaque voyageur individuel <strong>lesquels des 220 programmes lui permettront d\u2019atteindre ses primes d\u00e9sir\u00e9es le plus rapidement possible<\/strong>, tout en utilisant vos fournisseurs favoris.<\/p>\n<p>De nouveau, le choix des programmes adapt\u00e9s n\u2019est pas \u00e9vident puisque toutes les compagnies a\u00e9riennes majeures participent parfois jusqu\u2019\u00e0 30 programmes \u00e0 la fois. Il est pratiquement impossible pour un particulier de conna\u00eetre ses meilleures options. Nous les analyserons pour lui.<\/p>\n<p>Un <a title=\"Order Form\" href=\"https:\/\/www.globalflight.net\/french\/order-form\/\">questionnaire individuel<\/a> nous fournit les donn\u00e9es n\u00e9cessaires sur les voyageurs afin de pouvoir d\u00e9velopper leur strat\u00e9gie personnelle Frequent Flyer. Nous vous assurons que <strong>nos strat\u00e9gies sont strictement bas\u00e9es sur les seuls fournisseurs choisis par l\u2019entreprise<\/strong>.<\/p>\n<p>Le r\u00e9sultat est que les deux parties sont satisfaites :<\/p>\n<ul>\n<li style=\"list-style-type: none;\">\n<ul>\n<li>Le voyageur re\u00e7oit ses primes en moyenne deux fois plus rapidement, en suivant nos recommandations, qu\u2019avec des programmes standards.<\/li>\n<li>L\u2019entreprise peut r\u00e9aliser sans restriction les \u00e9conomies de sa politique d\u2019achat.<\/li>\n<\/ul>\n<\/li>\n<\/ul>\n<p>Si ce service individuel est utilis\u00e9 par un groupe de voyageurs plus important dans votre entreprise, nous serions heureux de vous offrir un <strong>tarif de groupe n\u00e9goci\u00e9<\/strong>, au-dessous de notre prix r\u00e9gulier pour nos clients priv\u00e9s. Veuillez nous <a title=\"Contact Us\" href=\"https:\/\/www.globalflight.net\/french\/contact-us-form\/\">contacter<\/a> pour plus de d\u00e9tails.<\/p>\n<p><strong>Plus d&rsquo;information<\/strong><\/p>\n<p>Nous aimerions vous faire parvenir plus d\u2019informations d\u00e9taill\u00e9es selon vos besoins particuliers. Veuillez prendre contact avec nous en utilisant le <a title=\"Contact Us\" href=\"https:\/\/www.globalflight.net\/french\/contact-us-form\/\">formulaire<\/a>.<\/p>\n","protected":false},"excerpt":{"rendered":"<p>Cher Travel Manager, Plus aucune raison de vous emb\u00eater avec les programmes Frequent Flyer : Nous avons la solution pour vous. Utiliser des programmes Frequent Flyer au niveau de l\u2019entreprise peut vous permettre d\u2019\u00e9conomiser env. 10% de votre budget a\u00e9rien. Ces \u00e9conomies ne sont qu\u2019\u00e0 quelques pas et nous sommes ravis de vous y emmener. [&hellip;]<\/p>\n","protected":false},"author":7,"featured_media":0,"parent":696,"menu_order":0,"comment_status":"closed","ping_status":"closed","template":"","meta":{"_links_to":"","_links_to_target":""},"_links":{"self":[{"href":"https:\/\/www.globalflight.net\/french\/wp-json\/wp\/v2\/pages\/816"}],"collection":[{"href":"https:\/\/www.globalflight.net\/french\/wp-json\/wp\/v2\/pages"}],"about":[{"href":"https:\/\/www.globalflight.net\/french\/wp-json\/wp\/v2\/types\/page"}],"author":[{"embeddable":true,"href":"https:\/\/www.globalflight.net\/french\/wp-json\/wp\/v2\/users\/7"}],"replies":[{"embeddable":true,"href":"https:\/\/www.globalflight.net\/french\/wp-json\/wp\/v2\/comments?post=816"}],"version-history":[{"count":26,"href":"https:\/\/www.globalflight.net\/french\/wp-json\/wp\/v2\/pages\/816\/revisions"}],"predecessor-version":[{"id":5386,"href":"https:\/\/www.globalflight.net\/french\/wp-json\/wp\/v2\/pages\/816\/revisions\/5386"}],"up":[{"embeddable":true,"href":"https:\/\/www.globalflight.net\/french\/wp-json\/wp\/v2\/pages\/696"}],"wp:attachment":[{"href":"https:\/\/www.globalflight.net\/french\/wp-json\/wp\/v2\/media?parent=816"}],"curies":[{"name":"wp","href":"https:\/\/api.w.org\/{rel}","templated":true}]}}