{"id":818,"date":"2014-10-13T10:46:44","date_gmt":"2014-10-13T02:46:44","guid":{"rendered":"http:\/\/www.globalflight.net\/french\/?page_id=818"},"modified":"2021-09-28T10:59:57","modified_gmt":"2021-09-28T09:59:57","slug":"ffp-manager","status":"publish","type":"page","link":"https:\/\/www.globalflight.net\/french\/services\/corporations\/ffp-manager\/","title":{"rendered":"FFP Manager"},"content":{"rendered":"<p>Le FFP Manager (FFP: Frequent Flyer Programs &#8211; programmes de fid\u00e9lisation) est un logiciel unique qui prend en compte les besoins particuliers des entreprises. Il vous permet d\u2019administrer les donn\u00e9es Frequent Flyer de vos voyageurs de mani\u00e8re efficace et vous guide dans l\u2019utilisation op\u00e9rationnelle des primes. Il peut \u00eatre utilis\u00e9 pour tous les programmes Frequent Flyer de fa\u00e7on flexible selon vos besoins, soit directement par vous, soit par votre agence de voyages.<\/p>\n<p>Vous pouvez profiter du FFP Manager aussi bien combin\u00e9 avec notre <a title=\"Corporations\" href=\"https:\/\/www.globalflight.net\/french\/services\/corporations\/\">service d&rsquo;optimisation de l&rsquo;utilisation des programmes Frequent Flyer<\/a> qu\u2019ind\u00e9pendamment de lui.<\/p>\n<p>Le FFP Manager est \u00e9galement propos\u00e9 par plusieurs cha\u00eenes d\u2019agences de voyage r\u00e9put\u00e9es en Allemagne et\/ou en Autriche, telles qu&rsquo;American Express Global Business Travel, DER Business Travel, FCM Travel Solutions, BCD Travel ou Derpart Travel Services (DTS, part du r\u00e9seau Radius).<\/p>\n<p>N\u2019h\u00e9sitez pas \u00e0 visiter le site d\u00e9di\u00e9 <a href=\"https:\/\/www.ffpmanager.eu\" target=\"_blank\" rel=\"noopener noreferrer\">www.ffpmanager.eu<\/a> pour des d\u00e9tails complets<\/p>\n","protected":false},"excerpt":{"rendered":"<p>Le FFP Manager (FFP: Frequent Flyer Programs &#8211; programmes de fid\u00e9lisation) est un logiciel unique qui prend en compte les besoins particuliers des entreprises. Il vous permet d\u2019administrer les donn\u00e9es Frequent Flyer de vos voyageurs de mani\u00e8re efficace et vous guide dans l\u2019utilisation op\u00e9rationnelle des primes. Il peut \u00eatre utilis\u00e9 pour tous les programmes Frequent [&hellip;]<\/p>\n","protected":false},"author":7,"featured_media":0,"parent":696,"menu_order":0,"comment_status":"closed","ping_status":"closed","template":"","meta":{"_links_to":"","_links_to_target":""},"_links":{"self":[{"href":"https:\/\/www.globalflight.net\/french\/wp-json\/wp\/v2\/pages\/818"}],"collection":[{"href":"https:\/\/www.globalflight.net\/french\/wp-json\/wp\/v2\/pages"}],"about":[{"href":"https:\/\/www.globalflight.net\/french\/wp-json\/wp\/v2\/types\/page"}],"author":[{"embeddable":true,"href":"https:\/\/www.globalflight.net\/french\/wp-json\/wp\/v2\/users\/7"}],"replies":[{"embeddable":true,"href":"https:\/\/www.globalflight.net\/french\/wp-json\/wp\/v2\/comments?post=818"}],"version-history":[{"count":20,"href":"https:\/\/www.globalflight.net\/french\/wp-json\/wp\/v2\/pages\/818\/revisions"}],"predecessor-version":[{"id":5385,"href":"https:\/\/www.globalflight.net\/french\/wp-json\/wp\/v2\/pages\/818\/revisions\/5385"}],"up":[{"embeddable":true,"href":"https:\/\/www.globalflight.net\/french\/wp-json\/wp\/v2\/pages\/696"}],"wp:attachment":[{"href":"https:\/\/www.globalflight.net\/french\/wp-json\/wp\/v2\/media?parent=818"}],"curies":[{"name":"wp","href":"https:\/\/api.w.org\/{rel}","templated":true}]}}