{"id":834,"date":"2014-10-13T11:18:38","date_gmt":"2014-10-13T03:18:38","guid":{"rendered":"http:\/\/www.globalflight.net\/french\/?page_id=834"},"modified":"2021-09-28T11:02:10","modified_gmt":"2021-09-28T10:02:10","slug":"overview-private-customers","status":"publish","type":"page","link":"https:\/\/www.globalflight.net\/french\/services\/private-customers\/overview-private-customers\/","title":{"rendered":"Introduction"},"content":{"rendered":"<p><iframe loading=\"lazy\" src=\"https:\/\/www.youtube.com\/embed\/qSZjqfT40yw?ecver=1\" width=\"560\" height=\"315\" frameborder=\"0\" allowfullscreen=\"allowfullscreen\"><\/iframe><\/p>\n<p><strong>D\u00e9collez avec plus de primes Frequent Flyer que jamais!<\/strong><\/p>\n<p>Notre service personnalis\u00e9 s\u2019adresse \u00e0 tous les grands voyageurs qui souhaitent exploiter les diff\u00e9rences consid\u00e9rables entre tous les programmes de fid\u00e9lisation \u00e0 leur propre avantage. Vous \u00eates s\u00fbr que vous utilisez d\u00e9j\u00e0 les programmes les plus avantageux pour vous? D\u00e9trompez-vous\u2026<\/p>\n<p>Bas\u00e9 sur l\u2019analyse des <a href=\"https:\/\/www.globalflight.net\/french\/frequent-flyerloyalty-programs\/listing-ffps\/\">220 programmes Frequent Flyer<\/a> existants, nous vous aiderons \u00e0 atteindre vos primes et\/ou le statut d\u2019\u00e9lite d\u00e9sir\u00e9 le plus rapidement possible.<\/p>\n<p>Vous vous \u00eates surement rendu compte que la s\u00e9lection des bons programmes est une t\u00e2che extr\u00eamement difficile : les m\u00eames compagnies a\u00e9riennes participent parfois \u00e0 30 programmes diff\u00e9rents et les diff\u00e9rences entre ces derniers sont g\u00e9n\u00e9ralement \u00e9normes. Lequel de ces programmes sera le meilleur pour vous d\u00e9pend fortement de votre profil de voyage sp\u00e9cifique et varie en fonction de divers crit\u00e8res.<\/p>\n<p>Mais honn\u00eatement : est-ce que vous effectuez une telle analyse de march\u00e9 compl\u00e8te pour vous-m\u00eame, contenant les 220 programmes?<\/p>\n<p>Si oui, veuillez bien nous contacter pour rejoindre notre \u00e9quipe!<\/p>\n<p>Si non, notre service vous offrira quelques b\u00e9n\u00e9fices inconnus et int\u00e9ressants.<\/p>\n<p>Notre approche diff\u00e9renci\u00e9e consiste \u00e0 analyser votre profil de voyageur de mani\u00e8re pr\u00e9cise, prenant en compte des voyages a\u00e9riens, des s\u00e9jours h\u00f4teliers, des locations de voitures, de l\u2019utilisation des cartes de cr\u00e9dit. D\u2019un autre c\u00f4t\u00e9, nous regardons quelles primes vous souhaitez acqu\u00e9rir &#8211; et\/o\u00f9 l&rsquo;importance de progresser au statut d&rsquo;\u00e9lite &#8211; pour pouvoir vous proposer les meilleurs programmes pour vous.<\/p>\n<p>Avec ceci nous utiliserons les forces des programmes individuels, et non pas leurs faiblesses, de mani\u00e8re planifi\u00e9e.<\/p>\n<p>Nous nous assurerons aussi que nos recommandations ne sont pas en contradiction avec la politique de voyage de votre employeur.<\/p>\n<p>Un des r\u00e9sultats standards de notre analyse est souvent une recommandation \u00e0 nos clients de cr\u00e9diter les points Frequent Flyer sur un autre programme que celui offert par la compagnie sur laquelle le vol a lieu. Ainsi il peut \u00eatre tout \u00e0 fait pertinent de voyager, sur Air France en choisissant de cr\u00e9diter ses miles au programme op\u00e9r\u00e9 par une autre compagnie qu\u2019Air France, p.ex. Delta.<\/p>\n<p>Cela para\u00eet incompr\u00e9hensible \u00e0 premi\u00e8re vue pour beaucoup de gens : mais juste en partageant ses miles entre quelques programmes, on peut augmenter ses b\u00e9n\u00e9fices personnels consid\u00e9rablement !<\/p>\n<p><strong>Gr\u00e2ce \u00e0 notre service, vous pouvez compter sur un vol gratuit court-courrier (p.ex. \u00e0 l\u2019int\u00e9rieur de l\u2019Europe) \u00e0 l\u2019issue d\u2019un seul vol pay\u00e9 aller-retour en classe affaires sur une route long-courrier!<\/strong><\/p>\n<p>Comme r\u00e9sultat final, <strong>vous obtiendrez vos primes d\u00e9sir\u00e9es en moyenne au moins deux fois plus rapidement qu\u2019avec vos programmes standards.<\/strong><\/p>\n<p>Afin d\u2019assurer cette approche individuelle, notre analyse est bas\u00e9e sur un <a title=\"Order Form\" href=\"https:\/\/www.globalflight.net\/french\/services\/private-customers\/order-form\/\">questionnaire personnel<\/a> que vous devez remplir vous-m\u00eame.<\/p>\n<p>Pour vous d\u00e9cider vous pouvez, utilisez notre <a title=\"Savings Calculation\" href=\"https:\/\/www.globalflight.net\/french\/services\/private-customers\/savings-calculation\/\">calcul des \u00e9conomies<\/a> afin de d\u00e9terminer rapidement, facilement et gratuitement vos \u00e9conomies potentielles par l\u2019utilisation des programmes Frequent Flyer.<\/p>\n<p>Nous examinerons \u00e9galement si nos services apporteront la valeur ajout\u00e9e recherch\u00e9e dans chacun des cas. S\u2019il s\u2019av\u00e9rait que notre tarif d\u00e9passe la valeur des primes que nous pourrions vous faire acqu\u00e9rir, nous vous offrons d\u2019annuler votre commande sans co\u00fbts quelconques.<\/p>\n<p><a href=\"https:\/\/www.globalflight.net\/french\/wp-content\/uploads\/2014\/10\/private-customer-.png\"><img loading=\"lazy\" class=\"alignnone wp-image-849 size-full\" src=\"https:\/\/www.globalflight.net\/french\/wp-content\/uploads\/2014\/10\/private-customer-.png\" alt=\"private-customer-\" width=\"685\" height=\"240\" srcset=\"https:\/\/www.globalflight.net\/french\/wp-content\/uploads\/2014\/10\/private-customer-.png 685w, https:\/\/www.globalflight.net\/french\/wp-content\/uploads\/2014\/10\/private-customer--300x105.png 300w\" sizes=\"(max-width: 685px) 100vw, 685px\" \/><\/a><\/p>\n<p>Nos strat\u00e9gies Frequent Flyer sont toujours valables pour une p\u00e9riode de 12 mois. Apr\u00e8s cela, elles doivent \u00eatre renouvel\u00e9es, d\u00fb aux changements permanents du march\u00e9.*<\/p>\n<p><strong>Nous garantissons que chacune de nos strat\u00e9gies est absolument personnelle**<\/strong> <a href=\"https:\/\/www.globalflight.net\/french\/wp-content\/uploads\/2014\/11\/Exemple-de-strat\u00e9gie.pdf\">Cliquez ici pour voir des exemples de strat\u00e9gies<\/a>.<\/p>\n<p>Nous proposons un prix de seulement 129,00 EUR par an, pour ce service unique. Et gr\u00e2ce \u00e0 notre programme de r\u00e9f\u00e9rence, vous pouvez r\u00e9duire vous-m\u00eame les co\u00fbts pour le renouvellement annuel de votre strat\u00e9gie &#8211; m\u00eame jusqu\u2019\u00e0 0 EUR! Vous recevrez de plus amples informations quant \u00e0 ce programme suite \u00e0 la <a title=\"Order Form\" href=\"https:\/\/www.globalflight.net\/french\/services\/private-customers\/order-form\/\">commande de votre strat\u00e9gie<\/a>\u00a0ou bien sur simple demande.<\/p>\n<p>Afin de profiter rapidement de ces opportunit\u00e9s, veuillez bien commander votre strat\u00e9gie d\u00e8s maintenant en remplissant <a title=\"Order Form\" href=\"https:\/\/www.globalflight.net\/french\/services\/private-customers\/order-form\/\">votre questionnaire<\/a>\u00a0ou bien\u00a0<a title=\"Contact Us\" href=\"https:\/\/www.globalflight.net\/french\/contact-us\/\">contactez nous<\/a>\u00a0si vous d\u00e9sirez de plus amples informations.<\/p>\n<p>O\u00f9 que vous soyez, un grand nombre de b\u00e9n\u00e9fices additionnels vous attendent!<\/p>\n<p><strong>Nous nous r\u00e9jouissons de pouvoir vous compter prochainement parmi le cercle de nos clients satisfaits qui est en croissance permanente!<\/strong><\/p>\n<p><em><span style=\"font-size: 11px;\">*Vous ne vous engagez \u00e0 rien au-del\u00e0 de la p\u00e9riode initiale des 12 mois.<br \/>\n**Vous ne recevrez pas de recommandations standards qui n\u2019ont pas de sens puisqu\u2019elles ne peuvent pas prendre en consid\u00e9ration tous les param\u00e8tres individuels <\/span><\/em><\/p>\n","protected":false},"excerpt":{"rendered":"<p>D\u00e9collez avec plus de primes Frequent Flyer que jamais! Notre service personnalis\u00e9 s\u2019adresse \u00e0 tous les grands voyageurs qui souhaitent exploiter les diff\u00e9rences consid\u00e9rables entre tous les programmes de fid\u00e9lisation \u00e0 leur propre avantage. Vous \u00eates s\u00fbr que vous utilisez d\u00e9j\u00e0 les programmes les plus avantageux pour vous? D\u00e9trompez-vous\u2026 Bas\u00e9 sur l\u2019analyse des programmes Frequent [&hellip;]<\/p>\n","protected":false},"author":7,"featured_media":0,"parent":700,"menu_order":1,"comment_status":"closed","ping_status":"closed","template":"","meta":{"_links_to":"","_links_to_target":""},"_links":{"self":[{"href":"https:\/\/www.globalflight.net\/french\/wp-json\/wp\/v2\/pages\/834"}],"collection":[{"href":"https:\/\/www.globalflight.net\/french\/wp-json\/wp\/v2\/pages"}],"about":[{"href":"https:\/\/www.globalflight.net\/french\/wp-json\/wp\/v2\/types\/page"}],"author":[{"embeddable":true,"href":"https:\/\/www.globalflight.net\/french\/wp-json\/wp\/v2\/users\/7"}],"replies":[{"embeddable":true,"href":"https:\/\/www.globalflight.net\/french\/wp-json\/wp\/v2\/comments?post=834"}],"version-history":[{"count":24,"href":"https:\/\/www.globalflight.net\/french\/wp-json\/wp\/v2\/pages\/834\/revisions"}],"predecessor-version":[{"id":5388,"href":"https:\/\/www.globalflight.net\/french\/wp-json\/wp\/v2\/pages\/834\/revisions\/5388"}],"up":[{"embeddable":true,"href":"https:\/\/www.globalflight.net\/french\/wp-json\/wp\/v2\/pages\/700"}],"wp:attachment":[{"href":"https:\/\/www.globalflight.net\/french\/wp-json\/wp\/v2\/media?parent=834"}],"curies":[{"name":"wp","href":"https:\/\/api.w.org\/{rel}","templated":true}]}}