{"id":836,"date":"2014-10-13T11:19:31","date_gmt":"2014-10-13T03:19:31","guid":{"rendered":"http:\/\/www.globalflight.net\/french\/?page_id=836"},"modified":"2016-04-08T12:03:42","modified_gmt":"2016-04-08T11:03:42","slug":"savings-calculation","status":"publish","type":"page","link":"https:\/\/www.globalflight.net\/french\/services\/private-customers\/savings-calculation\/","title":{"rendered":"Calcul des \u00e9conomies"},"content":{"rendered":"<p><strong>Laissez nous calculer vos \u00e9conomies personnelles par l\u2019utilisation des programmes Frequent Flyer !<\/strong><\/p>\n<p>Cette application, facile \u00e0 utiliser, vous permet de faire rapidement le calcul approximatif des \u00e9conomies auxquelles vous pouvez vous attendre en utilisant les programmes Frequent Flyer. Nous distinguons votre participation exclusive au programme standard op\u00e9r\u00e9 par votre compagnie a\u00e9rienne locale de votre participation aux programmes optimis\u00e9s individuellement pour vous.<\/p>\n<p>Tout ce que vous avez \u00e0 faire est de remplir le tableau suivant en indiquant le nombre de vols aller-retour annuels (vols r\u00e9guliers seulement). Vos vols devraient y \u00eatre classifi\u00e9s en vols nationaux (sauf vols aux DOM-TOM), vols r\u00e9gionaux (p.ex. \u00e0 l\u2019int\u00e9rieur de l\u2019Europe ou de l\u2019Asie) et vols intercontinentaux (p.ex. de l\u2019Europe aux Am\u00e9riques et aux DOM-TOM ou de l\u2019Asie en Australie).<\/p>\n<p>Avant de d\u00e9coller, nous vous demandons de prendre en consid\u00e9ration les trois points suivants qui vous aideront \u00e0 mieux interpr\u00e9ter les r\u00e9sultats :<\/p>\n<ol>\n<li>Pour la version utilisant le programme op\u00e9r\u00e9 par votre compagnie locale, nous vous assurons que 70% de tous vos vols sont sujets \u00e0 accumuler des points dans ce programme.<\/li>\n<li>Dans les deux cas, nous basons nos calculs sur des tarifs moyens. Des diff\u00e9rences par rapport \u00e0 vos valeurs r\u00e9elles sont ainsi possibles, d\u00e9pendant de la mani\u00e8re dont vous utilisez vos vols pay\u00e9s ainsi que vos vols de primes.<\/li>\n<li>Des \u00e9conomies suppl\u00e9mentaires avec l\u2019utilisation des partenaires des programmes de fid\u00e9lisation comme des voitures de location, des h\u00f4tels et des cartes de cr\u00e9dit ne sont pas prises en consid\u00e9ration. Vous pouvez facilement doubler les \u00e9conomies calcul\u00e9es dans les deux cas par une utilisation intense et optimis\u00e9e des diff\u00e9rents partenaires!<\/li>\n<\/ol>\n<p>Maintenant attachez vos ceintures&#8230; Veuillez indiquer le nombre de vols aller-retour annuels dans les cases correspondantes dans le tableau ci-dessous. <\/p>\n","protected":false},"excerpt":{"rendered":"<p>Laissez nous calculer vos \u00e9conomies personnelles par l\u2019utilisation des programmes Frequent Flyer ! Cette application, facile \u00e0 utiliser, vous permet de faire rapidement le calcul approximatif des \u00e9conomies auxquelles vous pouvez vous attendre en utilisant les programmes Frequent Flyer. Nous distinguons votre participation exclusive au programme standard op\u00e9r\u00e9 par votre compagnie a\u00e9rienne locale de votre [&hellip;]<\/p>\n","protected":false},"author":7,"featured_media":0,"parent":700,"menu_order":2,"comment_status":"closed","ping_status":"closed","template":"","meta":{"_links_to":"","_links_to_target":""},"_links":{"self":[{"href":"https:\/\/www.globalflight.net\/french\/wp-json\/wp\/v2\/pages\/836"}],"collection":[{"href":"https:\/\/www.globalflight.net\/french\/wp-json\/wp\/v2\/pages"}],"about":[{"href":"https:\/\/www.globalflight.net\/french\/wp-json\/wp\/v2\/types\/page"}],"author":[{"embeddable":true,"href":"https:\/\/www.globalflight.net\/french\/wp-json\/wp\/v2\/users\/7"}],"replies":[{"embeddable":true,"href":"https:\/\/www.globalflight.net\/french\/wp-json\/wp\/v2\/comments?post=836"}],"version-history":[{"count":13,"href":"https:\/\/www.globalflight.net\/french\/wp-json\/wp\/v2\/pages\/836\/revisions"}],"predecessor-version":[{"id":2752,"href":"https:\/\/www.globalflight.net\/french\/wp-json\/wp\/v2\/pages\/836\/revisions\/2752"}],"up":[{"embeddable":true,"href":"https:\/\/www.globalflight.net\/french\/wp-json\/wp\/v2\/pages\/700"}],"wp:attachment":[{"href":"https:\/\/www.globalflight.net\/french\/wp-json\/wp\/v2\/media?parent=836"}],"curies":[{"name":"wp","href":"https:\/\/api.w.org\/{rel}","templated":true}]}}