{"id":988,"date":"2014-10-13T18:22:15","date_gmt":"2014-10-13T17:22:15","guid":{"rendered":"http:\/\/www.globalflight.net\/french\/?page_id=988"},"modified":"2025-12-11T14:15:40","modified_gmt":"2025-12-11T13:15:40","slug":"where-and-when","status":"publish","type":"page","link":"https:\/\/www.globalflight.net\/french\/conferences\/loyalty-and-awards-2026\/where-and-when\/","title":{"rendered":"O\u00f9 et Quand"},"content":{"rendered":"<p>Loyalty &amp; Awards 2026 aura lieu du 16 au 18 novembre 2026 \u00e0 Vancouver.<\/p>\n<p>Vous trouvez tous les d\u00e9tails par rapport \u00e0 la conf\u00e9rence sur le site d\u00e9di\u00e9 \u00e0 la conf\u00e9rence <a href=\"https:\/\/www.loyalty-and-awards.com\" target=\"_&quot;blank&quot;\" rel=\"noopener noreferrer\">www.loyalty-and-awards.com<\/a>.<\/p>\n","protected":false},"excerpt":{"rendered":"<p>Loyalty &amp; Awards 2026 aura lieu du 16 au 18 novembre 2026 \u00e0 Vancouver. Vous trouvez tous les d\u00e9tails par rapport \u00e0 la conf\u00e9rence sur le site d\u00e9di\u00e9 \u00e0 la conf\u00e9rence www.loyalty-and-awards.com.<\/p>\n","protected":false},"author":7,"featured_media":0,"parent":984,"menu_order":1,"comment_status":"closed","ping_status":"closed","template":"","meta":{"_links_to":"","_links_to_target":""},"_links":{"self":[{"href":"https:\/\/www.globalflight.net\/french\/wp-json\/wp\/v2\/pages\/988"}],"collection":[{"href":"https:\/\/www.globalflight.net\/french\/wp-json\/wp\/v2\/pages"}],"about":[{"href":"https:\/\/www.globalflight.net\/french\/wp-json\/wp\/v2\/types\/page"}],"author":[{"embeddable":true,"href":"https:\/\/www.globalflight.net\/french\/wp-json\/wp\/v2\/users\/7"}],"replies":[{"embeddable":true,"href":"https:\/\/www.globalflight.net\/french\/wp-json\/wp\/v2\/comments?post=988"}],"version-history":[{"count":51,"href":"https:\/\/www.globalflight.net\/french\/wp-json\/wp\/v2\/pages\/988\/revisions"}],"predecessor-version":[{"id":6583,"href":"https:\/\/www.globalflight.net\/french\/wp-json\/wp\/v2\/pages\/988\/revisions\/6583"}],"up":[{"embeddable":true,"href":"https:\/\/www.globalflight.net\/french\/wp-json\/wp\/v2\/pages\/984"}],"wp:attachment":[{"href":"https:\/\/www.globalflight.net\/french\/wp-json\/wp\/v2\/media?parent=988"}],"curies":[{"name":"wp","href":"https:\/\/api.w.org\/{rel}","templated":true}]}}