{"id":2919,"date":"2014-12-23T12:58:31","date_gmt":"2014-12-23T11:58:31","guid":{"rendered":"http:\/\/www.globalflight.net\/german\/?page_id=2919"},"modified":"2021-09-28T13:56:29","modified_gmt":"2021-09-28T12:56:29","slug":"fallstudien","status":"publish","type":"page","link":"https:\/\/www.globalflight.net\/german\/services\/airlines-program-operators\/fallstudien\/","title":{"rendered":"Fallstudien"},"content":{"rendered":"<p>Nachfolgend finden Sie einige konkrete Fallstudien von absolvierten Projekten. Jene erkl\u00e4ren Ihnen unsere Vorgehensweise und die erzielten Resultate.<\/p>\n<p>Nat\u00fcrlich entspricht keiner dieser F\u00e4lle genau Ihrer eigenen Situation. Aber wir sind es uns absolut gewohnt, unsere Arbeit individuell an jeden einzelnen Kunden anzupassen. Wir laden Sie also ein, <a href=\"https:\/\/www.globalflight.net\/german\/contact-us\/\">uns zu kontaktieren<\/a>, damit wir gemeinsam Ihre Bed\u00fcrfnisse identifizieren k\u00f6nnen!<\/p>\n<p>Neben diesen detailliert beschriebenen Fallstudien arbeiten wir auch regelm\u00e4\u00dfig mit weiteren Themen, wie Sie unseren <a href=\"https:\/\/www.globalflight.net\/german\/wp-content\/uploads\/2014\/11\/Projektbeispiele.pdf\/\">Projektbeispielen<\/a> entnehmen k\u00f6nnen.<\/p>\n\n<div id=\"accordion-2914-69e8e53cb49f1\" class=\"wk-accordion wk-accordion-default clearfix\"  data-widgetkit=\"accordion\" data-options='{\"style\":\"default\",\"collapseall\":1,\"matchheight\":1,\"index\":0,\"duration\":500,\"width\":\"auto\",\"order\":\"default\"}'>\n\t\t\t<h3 class=\"toggler\">Programm-\u00dcberarbeitung<\/h3>\n\t\t<div><div class=\"content wk-content clearfix\"><p style=\"margin: 0cm 0cm 0pt; text-align: left;\" align=\"left\"><strong style=\"mso-bidi-font-weight: normal;\"><span style=\"font-size: 12pt;\">Hintergrund<\/span><\/strong><\/p>\r\n<p style=\"margin: 0cm 0cm 0pt;\"><span style=\"mso-ansi-language: DE;\" lang=\"DE\">Eine gro&szlig;e Fluggesellschaft, Mitglied einer der global Allianzen mit mehr als 7 Millionen Mitgliedern, hatte ein historisch gewachsenes Vielfliegerprogramm, aber nie eine klare Strategie entwickelt, namentlich nicht f&uuml;r die internationalen Kunden. Die Programmleistung sank in vielen Kernbereichen, was zeigte, dass dessen Kundenbindungspotenzial nicht voll ausgesch&ouml;pft war. Eine grundlegende &Uuml;berarbeitung wurde als notwendig betrachtet, wobei unser Auftrag war, einen Ansatz auf einem wei&szlig;en Papier anzuwenden ohne uns von den zu Beginn zu erwartenden Widerst&auml;nden, am Status Quo etwas zu &auml;ndern, beeinflussen zu lassen.<\/span><\/p>\r\n<p style=\"margin: 0cm 0cm 0pt; text-align: left;\" align=\"left\">&nbsp;<\/p>\r\n<p style=\"margin: 0cm 0cm 0pt;\"><strong style=\"mso-bidi-font-weight: normal;\"><span style=\"font-size: 12pt; mso-ansi-language: EN-GB;\">Projektphasen<\/span><\/strong><\/p>\r\n<ul>\r\n<li style=\"color: #000000; font-style: normal; font-weight: normal;\">Analyse von Leistungsparametern, um ein klares Verst&auml;ndnis des Status Quo zu erhalten. Aktuelle Leistungsparameter halfen, Schw&auml;chen aus einer globalen Benchmark-Perspektive zu identifizieren. Die Schlussfolgerungen von dieser Datenanalyse entsprachen weitgehend den von verschiedenen in das Programm involvierten Management-Funktionen gemachten Erfahrungen.<\/li>\r\n<li style=\"color: #000000; font-style: normal; font-weight: normal;\">Entwicklung einer Programmstrategie, was durch einen Management-Workshop, der verschiedene Funktionen und M&auml;rkte involvierte, erreicht wurde. Klare Zielsetzungen wurden f&uuml;r spezifische Kundengruppen in verschiedenen M&auml;rkten definiert. Ein Aktionsplan f&uuml;r die folgenden zwei Jahre wurde definiert, inklusive f&uuml;r die Phase nach dem Neustart des Programms. Die Form des Management-Workshops half, fr&uuml;h in dem Prozess eine Unterst&uuml;tzung f&uuml;r das Projekt von allen relevanten Entscheidungstr&auml;gern zu gewinnen.<\/li>\r\n<li style=\"color: #000000; font-style: normal; font-weight: normal;\">\r\n<p style=\"text-align: justify; color: #000000; font-style: normal; font-weight: normal; margin-top: 0cm; margin-bottom: 0pt; mso-add-space: auto; mso-list: l3 level1 lfo3;\">Redesign der Programmstruktur unter Ber&uuml;cksichtigung der definierten Strategie und von finanziellen Aspekten. Konkrete Vorschl&auml;ge f&uuml;r die Entwicklung von allen verschiedenen Programmelementen (Punktestruktur sammeln\/einl&ouml;sen, Partner-Netzwerk, Programmbedingungen, Eliteprogramm), auch inspiriert vom Input &uuml;ber beste L&ouml;sungen weltweit. Vorschl&auml;ge gegen Hauptmitbewerber (was auch Allianzpartner beinhaltete) in Hinsicht auf Wetttbewerbsf&auml;higkeit gebenchmarkt.<\/p>\r\n<\/li>\r\n<li style=\"color: #000000; font-style: normal; font-weight: normal;\">\r\n<p style=\"text-align: justify; color: #000000; font-style: normal; font-weight: normal; margin-top: 0cm; margin-bottom: 0pt; mso-add-space: auto; mso-list: l3 level1 lfo3;\">F&uuml;hrung in der Neuverhandlung von Partnerschaftsvertr&auml;gen, die in Bezug auf Aktivit&auml;t und finanziellem Beitrag unter den Leistungserwartungen blieben.<\/p>\r\n<\/li>\r\n<li style=\"color: #000000; font-style: normal; font-weight: normal;\">\r\n<p style=\"text-align: justify; color: #000000; font-style: normal; font-weight: normal; margin-top: 0cm; margin-bottom: 0pt; mso-add-space: auto; mso-list: l3 level1 lfo3;\">Begleitende Marketing-Kampagne f&uuml;r den Programm-Neustart in verschiedenen M&auml;rkten<\/p>\r\n<\/li>\r\n<\/ul>\r\n<p style=\"margin: 0cm 0cm 0pt; text-align: left;\" align=\"left\"><strong style=\"mso-bidi-font-weight: normal;\"><span style=\"font-size: 12pt;\">Herausforderungen<\/span><\/strong><\/p>\r\n<ul style=\"list-style-type: disc; direction: ltr;\">\r\n<li style=\"color: #000000;\"><span style=\"mso-ansi-language: DE;\" lang=\"DE\">Das Team auf eine einheitliche strategische Linie zu bringen, da zu viel individuelle Denke herrschte<\/span><\/li>\r\n<li><span style=\"mso-ansi-language: DE;\" lang=\"DE\">In einem eher konservativen Umfeld die Unterst&uuml;tzung f&uuml;r ein kreativeres\/unkonventionelles Denken und entsprechende Initiativen zu erhalten<\/span><\/li>\r\n<li style=\"color: #000000;\">\r\n<p style=\"color: #000000; margin-top: 0cm; margin-bottom: 0pt; mso-list: l0 level1 lfo4; tab-stops: list 18.0pt;\"><span style=\"mso-ansi-language: DE;\" lang=\"DE\">Einen Kompromiss zu finden zwischen den Anforderungen des Heimmarktes und jenen von lokalen M&auml;rkten (die 40% aller Mitglieder ausmachten)<\/span><\/p>\r\n<\/li>\r\n<li style=\"color: #000000;\">\r\n<p style=\"color: #000000; margin-top: 0cm; margin-bottom: 0pt; mso-list: l0 level1 lfo4; tab-stops: list 18.0pt;\"><span style=\"mso-ansi-language: DE;\" lang=\"DE\">Das Verst&auml;ndnis zu erreichen, dass weiter f&uuml;hrende CRM-Aktivit&auml;ten notwendig waren um den Neustart des Vielfliegerprogramms zu unterst&uuml;tzen<\/span><\/p>\r\n<\/li>\r\n<li style=\"color: #000000;\">\r\n<p style=\"color: #000000; margin-top: 0cm; margin-bottom: 0pt; mso-list: l0 level1 lfo4; tab-stops: list 18.0pt;\"><span style=\"mso-ansi-language: DE;\" lang=\"DE\">Die relevanten Leistungsparameter zu definieren, um den Erfolg der &Auml;nderungen zu messen <\/span><\/p>\r\n<\/li>\r\n<\/ul>\r\n<p style=\"margin: 0cm 0cm 0pt; text-align: left;\" align=\"left\"><strong style=\"mso-bidi-font-weight: normal;\"><span style=\"font-size: 12pt;\">Resultate<\/span><\/strong><\/p>\r\n<p style=\"color: #000000; margin-top: 0cm; margin-bottom: 0pt;\"><span style=\"mso-bidi-font-weight: bold; mso-ansi-language: DE;\" lang=\"DE\">Das Programm wurde in den Hauptbereichen innerhalb von sechs Monaten neu aufgelegt und widerspiegelte zum ersten Mal eine klare Strategie und Positionierung.<\/span><\/p>\r\n<p style=\"color: #000000; margin-top: 0cm; margin-bottom: 0pt;\"><span style=\"mso-bidi-font-weight: bold; mso-ansi-language: DE;\" lang=\"DE\">Das Interesse von Mitgliedern wuchs signifikant, gemessen an Neueinschreibungen und der Aktivit&auml;t bestehender Mitglieder.<\/span><\/p>\r\n<p style=\"color: #000000; margin-top: 0cm; margin-bottom: 0pt;\"><span style=\"mso-bidi-font-weight: bold; mso-ansi-language: DE;\" lang=\"DE\">Mehrere Schl&uuml;sselparameter stiegen innerhalb von sechs Monaten nach der &Uuml;berarbeitung des Programms auch rasch an, inkl.<\/span><span style=\"mso-bidi-font-weight: bold; mso-ansi-language: EN-GB;\"><br \/><\/span><\/p>\r\n<ul style=\"list-style-type: disc; direction: ltr;\">\r\n<li style=\"color: #000000;\">\r\n<p style=\"color: #000000; margin-top: 0cm; margin-bottom: 0pt; mso-list: l2 level1 lfo2; tab-stops: list 36.0pt;\"><span style=\"mso-bidi-font-weight: bold; mso-ansi-language: EN-GB;\"><span style=\"mso-bidi-font-weight: bold; mso-ansi-language: EN-GB;\">Durchschnittsertrag pro Mitglied<\/span><\/span><\/p>\r\n<\/li>\r\n<li style=\"color: #000000;\">\r\n<p style=\"color: #000000; margin-top: 0cm; margin-bottom: 0pt; mso-list: l2 level1 lfo2; tab-stops: list 36.0pt;\"><span style=\"mso-bidi-font-weight: bold; mso-ansi-language: EN-GB;\">Ertrag pro Mitglied<\/span><\/p>\r\n<\/li>\r\n<li style=\"color: #000000;\">\r\n<p style=\"color: #000000; margin-top: 0cm; margin-bottom: 0pt; mso-list: l2 level1 lfo2; tab-stops: list 36.0pt;\"><span style=\"mso-bidi-font-weight: bold; mso-ansi-language: EN-GB;\">Aktivit&auml;ten mit Non-air Partnern<\/span><\/p>\r\n<\/li>\r\n<\/ul><\/div><\/div>\n\t\t\t<h3 class=\"toggler\">Betrugsverhinderung<\/h3>\n\t\t<div><div class=\"content wk-content clearfix\"><p style=\"margin: 0cm 0cm 0pt; text-align: left;\" align=\"left\"><strong style=\"mso-bidi-font-weight: normal;\"><span style=\"font-size: 12pt;\">Hintergrund<\/span><\/strong><\/p>\r\n<p style=\"margin: 0cm 0cm 0pt;\"><span style=\"mso-ansi-language: DE;\" lang=\"DE\">Betrug mit Vielfliegerprogrammen ist ein weit verbreitetes Problem in der Industrie, welches Programmbetreibern gro&szlig;e finanzielle Sch&auml;den verursacht. Betrug kann sowohl intern - durch Angestellte der Fluggesellschaft oder von Outsource-Partnern - als auch extern, d.h. durch Kunden\/Reiseb&uuml;ros, vorkommen.<\/span><\/p>\r\n<p style=\"margin: 0cm 0cm 0pt;\"><span style=\"mso-ansi-language: DE;\" lang=\"DE\">Unser Kunde, eine gro&szlig;e Fluggesellschaft, Mitglied einer der globalen Allianzen, hatte im Vorfeld bereits einige interne Vorarbeit um das Betrugsthema absolviert, aber nie mit Hilfe eines externen Audits versucht, verbleibende Schwachpunkte zu identifizieren.<\/span><\/p>\r\n<p style=\"margin: 0cm 0cm 0pt; text-align: left;\" align=\"left\">&nbsp;<\/p>\r\n<p style=\"margin: 0cm 0cm 0pt;\"><strong style=\"mso-bidi-font-weight: normal;\"><span style=\"font-size: 12pt; mso-ansi-language: EN-GB;\">Projektphasen<\/span><\/strong><\/p>\r\n<ul style=\"list-style-type: disc; direction: ltr;\">\r\n<li style=\"color: #000000; font-style: normal; font-weight: normal;\">\r\n<p style=\"text-align: justify; color: #000000; font-style: normal; font-weight: normal; margin-top: 0cm; margin-bottom: 0pt; mso-add-space: auto; mso-list: l3 level1 lfo3;\">Definition von Betrugsarten, interne F&auml;lle (durch Angestellte der Fluggesellschaft und von Outsource-Partnern) und externe F&auml;lle (durch Kunden)<\/p>\r\n<\/li>\r\n<li style=\"color: #000000; font-style: normal; font-weight: normal;\">\r\n<p style=\"text-align: justify; color: #000000; font-style: normal; font-weight: normal; margin-top: 0cm; margin-bottom: 0pt; mso-add-space: auto; mso-list: l3 level1 lfo3;\">&Uuml;berpr&uuml;fung der internen Rahmenbedingungen (Programmbedingungen, Arbeitsabl&auml;ufe)<\/p>\r\n<\/li>\r\n<li style=\"color: #000000; font-style: normal; font-weight: normal;\">\r\n<p style=\"text-align: justify; color: #000000; font-style: normal; font-weight: normal; margin-top: 0cm; margin-bottom: 0pt; mso-add-space: auto; mso-list: l3 level1 lfo3;\">Gr&uuml;ndliche Live-Analyse der IT-Systeme und -Infrastruktur aus einer Betrungsperspektive<\/p>\r\n<\/li>\r\n<li style=\"color: #000000; font-style: normal; font-weight: normal;\">\r\n<p style=\"text-align: justify; color: #000000; font-style: normal; font-weight: normal; margin-top: 0cm; margin-bottom: 0pt; mso-add-space: auto; mso-list: l3 level1 lfo3;\">Empfehlungen f&uuml;r &Auml;nderungen und Implemntuerung eines Rahmen f&uuml;r Standardsanktionen im Betrugsfall<\/p>\r\n<\/li>\r\n<li style=\"color: #000000; font-style: normal; font-weight: normal;\">\r\n<p style=\"text-align: justify; color: #000000; font-style: normal; font-weight: normal; margin-top: 0cm; margin-bottom: 0pt; mso-add-space: auto; mso-list: l3 level1 lfo3;\">Definition eines augefeilten Reporting-Systems um verd&auml;chitge Konten herauszufiltern<\/p>\r\n<\/li>\r\n<li style=\"color: #000000; font-style: normal; font-weight: normal;\">\r\n<p style=\"text-align: justify; color: #000000; font-style: normal; font-weight: normal; margin-top: 0cm; margin-bottom: 0pt; mso-add-space: auto; mso-list: l3 level1 lfo3;\">Festlegung der Management- und operativer Verantwortlichkeiten, inkl. hierarchischer &Auml;nderungen um die Funktion der Betrungsvorbeugung aufzuwerten<\/p>\r\n<\/li>\r\n<\/ul>\r\n<p style=\"margin: 0cm 0cm 0pt; text-align: left;\" align=\"left\"><strong style=\"mso-bidi-font-weight: normal;\"><span style=\"font-size: 12pt;\">Herausforderungen<\/span><\/strong><\/p>\r\n<ul>\r\n<li style=\"color: #000000;\"><span style=\"mso-ansi-language: DE;\" lang=\"DE\">Initiale &Uuml;berzeugung des Managements bzgl. der Vorteile eine externen Betrugs-Audits<\/span><\/li>\r\n<li><span style=\"mso-ansi-language: DE;\" lang=\"DE\">Mangelnde detailliertere Kenntnis des FFP Management bez&uuml;glich der genutzten IT-Plattform<\/span><\/li>\r\n<li style=\"color: #000000;\">\r\n<p style=\"color: #000000; margin-top: 0cm; margin-bottom: 0pt; mso-list: l0 level1 lfo4; tab-stops: list 18.0pt;\"><span style=\"mso-ansi-language: DE;\" lang=\"DE\">Kooperationswiderst&auml;nde beim outgesourcten Call Center-Betreiber aus Angst that unerlaubte Handlungen aufgedeckt werden k&ouml;nnen<\/span><\/p>\r\n<\/li>\r\n<li style=\"color: #000000;\">\r\n<p style=\"color: #000000; margin-top: 0cm; margin-bottom: 0pt; mso-list: l0 level1 lfo4; tab-stops: list 18.0pt;\"><span style=\"mso-ansi-language: DE;\" lang=\"DE\">Einigung &uuml;ber notwendige rechtliche Standardma&szlig;nahmen gegen Betr&uuml;ger<\/span><\/p>\r\n<\/li>\r\n<\/ul>\r\n<p style=\"margin: 0cm 0cm 0pt; text-align: left;\" align=\"left\"><strong style=\"mso-bidi-font-weight: normal;\"><span style=\"font-size: 12pt;\">Resultate<\/span><\/strong><\/p>\r\n<p style=\"color: #000000; margin-top: 0cm; margin-bottom: 0pt;\"><span style=\"mso-bidi-font-weight: bold; mso-ansi-language: DE;\" lang=\"DE\">Obwohl das Management urspr&uuml;nglich davon ausging, dass die Fluggesellschaft mehr oder weniger auf der sicheren Seite in Bezug auf Betrug war, &ouml;ffnete das Projekt ihnen die Augen,, da zahlreiche L&ouml;cher in dem System entdeckt wurden, an die man fr&uuml;her ganz einfach nicht dachte.<\/span><\/p>\r\n<p style=\"color: #000000; margin-top: 0cm; margin-bottom: 0pt;\"><span style=\"mso-bidi-font-weight: bold; mso-ansi-language: DE;\" lang=\"DE\">Viele dieser L&ouml;cher waren nicht theopretischer Natur, wie die Erfahrung nach Implementierung unserer Empfehlungen zeigte. Innerhalb von sechs Monaten nach Implementierung, drei gro&szlig;e Betrugsf&auml;lle auf der Ebene des Outsourcing-Partners wurden entdeckt, die zusammen einen gesh&auml;tzten j&auml;hrlichen Schaden von 100.000 USD verursachten.<\/span><\/p>\r\n<p style=\"color: #000000; margin-top: 0cm; margin-bottom: 0pt;\"><span style=\"mso-bidi-font-weight: bold; mso-ansi-language: DE;\" lang=\"DE\">Unsere Empfehlungen zielten auf eine bestm&ouml;gliche Vorbeugung von Betrugsf&auml;llen und auf eine Identifizierung der verbleibenden &uuml;ber ein intelligentes Reporting-System. Auch die Programmbedingungen wurden als Resulat unserer Arbeit upgedatet.<\/span><\/p>\r\n<p style=\"color: #000000; margin-top: 0cm; margin-bottom: 0pt;\"><span style=\"mso-bidi-font-weight: bold; mso-ansi-language: DE;\" lang=\"DE\">Zu guter Letzt f&uuml;hren wir mit dem Kunden eine j&auml;hrliche &Uuml;berpr&uuml;fung durch um das Thema fortlaufend zu verfolgen und weitere M&ouml;glichkeiten zur Verbesserung zu identifizieren.<\/span><span style=\"mso-bidi-font-weight: bold; mso-ansi-language: EN-GB;\"><br \/><\/span><\/p><\/div><\/div>\n\t\t\t<h3 class=\"toggler\">CRM Strategie<\/h3>\n\t\t<div><div class=\"content wk-content clearfix\"><p style=\"margin: 0cm 0cm 0pt; text-align: left;\" align=\"left\"><strong style=\"mso-bidi-font-weight: normal;\"><span style=\"font-size: 12pt;\">Hintergrund<\/span><\/strong><\/p>\r\n<p style=\"margin: 0cm 0cm 0pt;\"><span style=\"mso-ansi-language: DE;\" lang=\"DE\">Eine Fluggesellschaft mit 3 Millionen Passagieren pro Jahr und &uuml;berwiegend Punkt-zu-Punkt Verbindungen sah sich zunehmendem lokalen Wettbewerb ausgesetzt, welcher in einem kontinuierlichen R&uuml;ckgang des Marktanteils resultierte. passengers per year and operating mainly point-to-point services faced increased local competition, resulting in a continuous decrease of market share. Wir hatten vorg&auml;ngig bereits mit der Fluggesellschaft f&uuml;r den Start ihres Vielfliegerprogramms gearbeitet und erhielten jetzt den Auftrag, dies durch die Entwicklung einer auf ihre Gr&ouml;&szlig;e angepassten CRM-Strategie zu erg&auml;nzen.<\/span><\/p>\r\n<p style=\"margin: 0cm 0cm 0pt; text-align: left;\" align=\"left\">&nbsp;<\/p>\r\n<p style=\"margin: 0cm 0cm 0pt;\"><strong style=\"mso-bidi-font-weight: normal;\"><span style=\"font-size: 12pt; mso-ansi-language: EN-GB;\">Projektphasen<\/span><\/strong><\/p>\r\n<ul style=\"list-style-type: disc; direction: ltr;\">\r\n<li style=\"color: #000000; font-style: normal; font-weight: normal;\">\r\n<p style=\"text-align: justify; color: #000000; font-style: normal; font-weight: normal; margin-top: 0cm; margin-bottom: 0pt; mso-add-space: auto; mso-list: l3 level1 lfo3;\">Kundensegmentierung: Identifikation von relevanten Kundensegmenten: Angesichts des einfachen Gesch&auml;ftsmodells der Fluggesellschaft war dies relativ einfach da Kundengruppen, die man normalerweise bei anderen Fluggesellschaften vorfindet (z.B. Fracht-Spediteure) hier keine Rolle spielten.<\/p>\r\n<\/li>\r\n<li style=\"color: #000000; font-style: normal; font-weight: normal;\">\r\n<p style=\"text-align: justify; color: #000000; font-style: normal; font-weight: normal; margin-top: 0cm; margin-bottom: 0pt; mso-add-space: auto; mso-list: l3 level1 lfo3;\">Produkt\/Kommunikation: Eine bereichs&uuml;bergreifende Strategie wurde erarbeitet, um dem Endkunden ein sp&uuml;rbares CRM-Erlebnis zu liefern. Dies beinhaltete drei konkrete CRM-Ma&szlig;nahmen f&uuml;r jedes der verschiedenen Kundensegmente, welche zuvor kaum existierten.<\/p>\r\n<\/li>\r\n<li style=\"color: #000000; font-style: normal; font-weight: normal;\">\r\n<p style=\"text-align: justify; color: #000000; font-style: normal; font-weight: normal; margin-top: 0cm; margin-bottom: 0pt; mso-add-space: auto; mso-list: l3 level1 lfo3;\">Umsetzung: Unternehmensweites Change Management und Schulungsplan f&uuml;r operatives Personal, um die korrekte Umsetzung der CRM-Strategie &uuml;ber alle Ber&uuml;hrungspunkte mit Kunden hinweg sicherzustellen; Festlegung der Rolle und Verantwortlichkeiten f&uuml;r den als Querschnittsfunktion angelegten CRM Manager sowie der Linien-\/Produktmanager<\/p>\r\n<\/li>\r\n<li style=\"color: #000000; font-style: normal; font-weight: normal;\">\r\n<p style=\"text-align: justify; color: #000000; font-style: normal; font-weight: normal; margin-top: 0cm; margin-bottom: 0pt; mso-add-space: auto; mso-list: l3 level1 lfo3;\">IT-Auswahl: Ausschreibung an neun qualifizierte Anbieter von f&uuml;r die Airline-Industrie passenden CRM-L&ouml;sungen une Begleitung durch den Auswahlprozess<\/p>\r\n<\/li>\r\n<\/ul>\r\n<p style=\"margin: 0cm 0cm 0pt; text-align: left;\" align=\"left\"><strong style=\"mso-bidi-font-weight: normal;\"><span style=\"font-size: 12pt;\">Herausforderungen<\/span><\/strong><\/p>\r\n<ul>\r\n<li style=\"color: #000000;\"><span style=\"mso-ansi-language: DE;\" lang=\"DE\">Reduzierung von CRM auf die grundlegenden und relevanten Elemente in der Denke des Managements<\/span><\/li>\r\n<li><span style=\"mso-ansi-language: DE;\" lang=\"DE\">Akzeptanz, dass eine zu 90% umgesetzte L&ouml;sung besser ist als eine unrealisierte 100%-ige Theorie<\/span><\/li>\r\n<li style=\"color: #000000;\">\r\n<p style=\"color: #000000; margin-top: 0cm; margin-bottom: 0pt; mso-list: l0 level1 lfo4; tab-stops: list 18.0pt;\"><span style=\"mso-ansi-language: DE;\" lang=\"DE\">Schaffen des Verst&auml;ndnis bei der Fluggesellschaft, dass CRM viel mehr mit Mitarbeitereinstellung als mit Techniken or Technik zu tun hat<\/span><\/p>\r\n<\/li>\r\n<li style=\"color: #000000;\">\r\n<p style=\"color: #000000; margin-top: 0cm; margin-bottom: 0pt; mso-list: l0 level1 lfo4; tab-stops: list 18.0pt;\"><span style=\"mso-ansi-language: DE;\" lang=\"DE\">Das Vielfliegerprogramme in den richtigen CRM-Kontext zu stellen ohne seine Rolle &uuml;berzubewerten<\/span><\/p>\r\n<\/li>\r\n<li style=\"color: #000000;\">\r\n<p style=\"color: #000000; margin-top: 0cm; margin-bottom: 0pt; mso-list: l0 level1 lfo4; tab-stops: list 18.0pt;\"><span style=\"mso-ansi-language: DE;\" lang=\"DE\">Beibehalten eines klaren vision&auml;ren Fokus im gesch&auml;ftigen operative Alltag<\/span><\/p>\r\n<\/li>\r\n<li style=\"color: #000000;\">\r\n<p style=\"color: #000000; margin-top: 0cm; margin-bottom: 0pt; mso-list: l0 level1 lfo4; tab-stops: list 18.0pt;\"><span style=\"mso-ansi-language: DE;\" lang=\"DE\">Anpassung an eine schlanke Unternehmensstruktur mit beschr&auml;nkten Ressourcen - alle CRM-Aktivit&auml;ten werden jetzt von einer einzigen Person koordiniert<\/span><\/p>\r\n<\/li>\r\n<\/ul>\r\n<p style=\"margin: 0cm 0cm 0pt; text-align: left;\" align=\"left\"><strong style=\"mso-bidi-font-weight: normal;\"><span style=\"font-size: 12pt;\">Resultate<\/span><\/strong><\/p>\r\n<p style=\"color: #000000; margin-top: 0cm; margin-bottom: 0pt;\"><span style=\"mso-bidi-font-weight: bold; mso-ansi-language: DE;\" lang=\"DE\">Der ROI von CRM-Aktivit&auml;ten ist nie wirklich messbar. Aber die Entwicklung einiger Kern-Parameter und das Messen der Resultate einiger konkreter Kampagnen l&auml;sst die Vermutung zu, dass die Aktivit&auml;ten tats&auml;chlich einen positiven Einfluss auf Kennwerte wie den Durchschnittsertrag, den Ladefaktor oder die Kundenzufriedenheit hatten.<\/span><\/p>\r\n<p style=\"color: #000000; margin-top: 0cm; margin-bottom: 0pt;\"><span style=\"mso-bidi-font-weight: bold; mso-ansi-language: DE;\" lang=\"DE\">Die Fluggesellschaft sch&auml;tzt, dass sie im oft von Wissenschaftler genannten Bereich von 0,5 bis 2% des CRM-Aktivit&auml;ten zuzuschreibenden Umsatzes ist.<\/span><\/p>\r\n<p style=\"color: #000000; margin-top: 0cm; margin-bottom: 0pt;\"><span style=\"mso-bidi-font-weight: bold; mso-ansi-language: DE;\" lang=\"DE\">Der negative Trend in Bezug auf den Marktanteil konnte parallel zur Implementierung dieser CRM-Ma&szlig;nahmen auch gedreht werden.<\/span><\/p><\/div><\/div>\n\t<\/div>\n<p>&nbsp;<\/p>\n","protected":false},"excerpt":{"rendered":"<p>Nachfolgend finden Sie einige konkrete Fallstudien von absolvierten Projekten. Jene erkl\u00e4ren Ihnen unsere Vorgehensweise und die erzielten Resultate. Nat\u00fcrlich entspricht keiner dieser F\u00e4lle genau Ihrer eigenen Situation. Aber wir sind es uns absolut gewohnt, unsere Arbeit individuell an jeden einzelnen Kunden anzupassen. Wir laden Sie also ein, uns zu kontaktieren, damit wir gemeinsam Ihre Bed\u00fcrfnisse [&hellip;]<\/p>\n","protected":false},"author":7,"featured_media":0,"parent":692,"menu_order":0,"comment_status":"closed","ping_status":"closed","template":"","meta":{"_links_to":"","_links_to_target":""},"_links":{"self":[{"href":"https:\/\/www.globalflight.net\/german\/wp-json\/wp\/v2\/pages\/2919"}],"collection":[{"href":"https:\/\/www.globalflight.net\/german\/wp-json\/wp\/v2\/pages"}],"about":[{"href":"https:\/\/www.globalflight.net\/german\/wp-json\/wp\/v2\/types\/page"}],"author":[{"embeddable":true,"href":"https:\/\/www.globalflight.net\/german\/wp-json\/wp\/v2\/users\/7"}],"replies":[{"embeddable":true,"href":"https:\/\/www.globalflight.net\/german\/wp-json\/wp\/v2\/comments?post=2919"}],"version-history":[{"count":5,"href":"https:\/\/www.globalflight.net\/german\/wp-json\/wp\/v2\/pages\/2919\/revisions"}],"predecessor-version":[{"id":5431,"href":"https:\/\/www.globalflight.net\/german\/wp-json\/wp\/v2\/pages\/2919\/revisions\/5431"}],"up":[{"embeddable":true,"href":"https:\/\/www.globalflight.net\/german\/wp-json\/wp\/v2\/pages\/692"}],"wp:attachment":[{"href":"https:\/\/www.globalflight.net\/german\/wp-json\/wp\/v2\/media?parent=2919"}],"curies":[{"name":"wp","href":"https:\/\/api.w.org\/{rel}","templated":true}]}}