{"id":3234,"date":"2015-08-20T09:57:44","date_gmt":"2015-08-20T08:57:44","guid":{"rendered":"http:\/\/www.globalflight.net\/german\/?page_id=3234"},"modified":"2021-09-28T13:57:13","modified_gmt":"2021-09-28T12:57:13","slug":"webinars","status":"publish","type":"page","link":"https:\/\/www.globalflight.net\/german\/services\/airlines-program-operators\/webinars\/","title":{"rendered":"Webinars"},"content":{"rendered":"<p><b>Unsere Webinars &#8211; eine interaktive M\u00f6glichkeit des Austausches mit Ihnen!<\/b><\/p>\n<p>Unser Ziel bei Global Flight war immer unsere unvergleichliche Praxiserfahrung mit Kundenbindungsprogrammen mit Fluggesellschaften und anderen Unternehmen des Reisesektors zu teilen. Wir sind dieser Berufung seit 1996 treu geblieben.<\/p>\n<p>Wir nutzen diverse Kommunikationskan\u00e4le mit Ihnen um unseren uns treibenden Durst der Wissensmitteilung zu stillen, sowohl \u00fcber unsere Liebe zu unserer Aktivit\u00e4t an der Seite der Programmanbieter wie auch \u00fcber unsere <a title=\"Konferenzen\" href=\"https:\/\/www.globalflight.net\/german\/conferences\/\">Konferenzen<\/a>, <a href=\"https:\/\/www.globalflight.net\/german\/category\/ceo-blog\/\">Ravindra&#8217;s Blog <\/a>und die sozialen Netze.<\/p>\n<p>Es ist in der Kontinuit\u00e4t unserer Aktionen, dass wir \u00fcber das ganze Jahr wissensvermittelnde Webinars durchf\u00fchren, die jetzt in das Angebot rund um unsere Loyalty &amp; Awards-Konferenz integriert sind. Wir laden Sie herzlich ein, sich regelm\u00e4\u00dfig \u00fcber unser <a href=\"https:\/\/www.loyalty-and-awards.com\/en\/pages\/resources-76.html?t=2\" target=\"_blank\" rel=\"noopener noreferrer\">entsprechendes Angebot<\/a> zu informieren.<\/p>\n<p>Sie k\u00f6nnen uns auch <a href=\"https:\/\/www.globalflight.net\/german\/contact-us\/\">kontaktieren<\/a>, falls Sie w\u00fcnschen, unserer Mailingliste hinzugef\u00fcgt zu werden, welche Sie direkt \u00fcber unsere Webinars und die Loyalty &amp; Awards-Konferenzen informieren wird.<\/p>\n","protected":false},"excerpt":{"rendered":"<p>Unsere Webinars &#8211; eine interaktive M\u00f6glichkeit des Austausches mit Ihnen! Unser Ziel bei Global Flight war immer unsere unvergleichliche Praxiserfahrung mit Kundenbindungsprogrammen mit Fluggesellschaften und anderen Unternehmen des Reisesektors zu teilen. Wir sind dieser Berufung seit 1996 treu geblieben. Wir nutzen diverse Kommunikationskan\u00e4le mit Ihnen um unseren uns treibenden Durst der Wissensmitteilung zu stillen, sowohl [&hellip;]<\/p>\n","protected":false},"author":7,"featured_media":0,"parent":692,"menu_order":0,"comment_status":"closed","ping_status":"open","template":"","meta":{"_links_to":"","_links_to_target":""},"_links":{"self":[{"href":"https:\/\/www.globalflight.net\/german\/wp-json\/wp\/v2\/pages\/3234"}],"collection":[{"href":"https:\/\/www.globalflight.net\/german\/wp-json\/wp\/v2\/pages"}],"about":[{"href":"https:\/\/www.globalflight.net\/german\/wp-json\/wp\/v2\/types\/page"}],"author":[{"embeddable":true,"href":"https:\/\/www.globalflight.net\/german\/wp-json\/wp\/v2\/users\/7"}],"replies":[{"embeddable":true,"href":"https:\/\/www.globalflight.net\/german\/wp-json\/wp\/v2\/comments?post=3234"}],"version-history":[{"count":23,"href":"https:\/\/www.globalflight.net\/german\/wp-json\/wp\/v2\/pages\/3234\/revisions"}],"predecessor-version":[{"id":5433,"href":"https:\/\/www.globalflight.net\/german\/wp-json\/wp\/v2\/pages\/3234\/revisions\/5433"}],"up":[{"embeddable":true,"href":"https:\/\/www.globalflight.net\/german\/wp-json\/wp\/v2\/pages\/692"}],"wp:attachment":[{"href":"https:\/\/www.globalflight.net\/german\/wp-json\/wp\/v2\/media?parent=3234"}],"curies":[{"name":"wp","href":"https:\/\/api.w.org\/{rel}","templated":true}]}}