{"id":4142,"date":"2017-11-24T11:18:07","date_gmt":"2017-11-24T10:18:07","guid":{"rendered":"http:\/\/www.globalflight.net\/german\/?page_id=4142"},"modified":"2018-02-08T08:07:52","modified_gmt":"2018-02-08T07:07:52","slug":"loyalty2018","status":"publish","type":"page","link":"https:\/\/www.globalflight.net\/german\/conferences\/passed-conference-agenda\/loyalty2018\/","title":{"rendered":"Loyalty 2018"},"content":{"rendered":"\n<div id=\"accordion-4145-6a0a038e2b286\" class=\"wk-accordion wk-accordion-default clearfix\"  data-widgetkit=\"accordion\" data-options='{\"style\":\"default\",\"collapseall\":1,\"matchheight\":0,\"index\":0,\"duration\":500,\"width\":\"auto\",\"order\":\"default\"}'>\n\t\t\t<h3 class=\"toggler\">Tag Eins: Montag, 05. Februar 2018<\/h3>\n\t\t<div><div class=\"content wk-content clearfix\"><div style=\"color: #000000;\"><span style=\"color: #000000;\"><strong>12:00 Einschreibung und Erfrischungen<\/strong><\/span><\/div>\r\n<p><span style=\"color: #000000;\"><strong>12:55 Er\u00f6ffnung durch den Konferenz-Vorsitzenden<\/strong><\/span><\/p>\r\n<div><span style=\"color: #000000;\"><strong> Ravindra Bhagwanani<\/strong>, Gesch\u00e4ftsf\u00fchrer, <strong>Global Flight<\/strong><\/span>\r\n<div style=\"color: #000000;\"><span style=\"color: #000000;\"><strong><br \/>13:10 Schaffung von Einfluss &amp; Generieren von Insights<\/strong><\/span><\/div>\r\n<p>Nehmen Sie f\u00fcr die heutigen Kundenbindungsprobleme Top-Tipps, Best Practice-Beispiele und f\u00fchrende Denkans\u00e4tze mit.<\/p>\r\n<div style=\"color: #000000;\"><span style=\"color: #000000;\"><strong>17:15 Individuelle Besprechungen <\/strong><\/span><\/div>\r\n<div style=\"color: #000000;\"><span style=\"color: #000000;\"><strong><br \/>19:00 Drink-Empfang<\/strong><\/span><\/div>\r\n<p>&nbsp;<\/p>\r\n<\/div><\/div><\/div>\n\t\t\t<h3 class=\"toggler\">Tag Zwei: Dienstag,  06. Februar 2018<\/h3>\n\t\t<div><div class=\"content wk-content clearfix\"><p><span style=\"color: #000000;\"><strong>08:00 Einschreibung und Erfrischungen<\/strong><\/span><\/p>\r\n<p><span style=\"color: #000000;\"><strong>09:00 Er\u00f6ffnung durch den Konferenz-Vorsitzenden<\/strong><\/span><\/p>\r\n<div><span style=\"color: #000000;\"><strong> Ravindra Bhagwanani<\/strong>, Gesch\u00e4ftsf\u00fchrer, <strong>Global Flight<\/strong><\/span>\r\n<p><span style=\"color: #000000;\"><strong>09:10 Er\u00f6ffnungs-Keynote: Nutzen aller Werkzeuge, um in einem herausfordernden Umfeld Kundenbindung zu schaffen<\/strong><\/span><\/p>\r\n<ul>\r\n<li>Von Millennials bis zur Konkurrenz: Die Herausforderungen unserer Industrie<\/li>\r\n<li>Nutzen des Produkts und der Technologie um Kunden zu erreichen und zu binden<\/li>\r\n<li>Kundenbindung, von der Transaktionsbasis zu einer Kunden bindenden Erfahrung<\/li>\r\n<\/ul>\r\n<p style=\"padding-left: 30px;\"><span style=\"color: #000000;\"><strong>Priyasiri Juathes<\/strong>, Vice President Product and Guest Experience, <strong>Thai Airways<\/strong><\/span><\/p>\r\n<p><span style=\"color: #000000;\"><strong>09:25 Dem Erfolg entgegen mit einem abgespalteten Vielfliegerprogramm<\/strong><\/span><\/p>\r\n<ul>\r\n<li>Analyse der Erfolgselemente zur Abspaltung von Vielfliegerprogrammen<\/li>\r\n<li>Investor oder Management-Kontrolle: Den richtigen Partner f\u00fcr die Abspaltung w\u00e4hlen<\/li>\r\n<li>Koordinierung mit den Interessen der Mutter-Airline<\/li>\r\n<li>Ein Blick auf die Dos und Donts von Apspaltungen<\/li>\r\n<\/ul>\r\n<p style=\"padding-left: 30px;\"><span style=\"color: #000000;\"><strong>Gabi Kool<\/strong>, CEO, <strong>PINS<\/strong><\/span><\/p>\r\n<p><span style=\"color: #000000;\"><strong>09:50 Panel-Diskussion: Sind lebenslange Kundenbindungsstrategien noch angebracht?<\/strong><\/span><\/p>\r\n<ul>\r\n<li>Erscheint Kunden lebenslange Kundenbindung noch attraktiv?<\/li>\r\n<li>K\u00e4mpfen gegen Versuchungen in der nahen Zukunft<\/li>\r\n<li>Finden der richtigen Balance zwischen Kundenbindung und unmittelbarer Belohnung<\/li>\r\n<li>Die Kosten von lebenslangen Stati<\/li>\r\n<li>Antizipation von kulturellen Ver\u00e4nderungen mit den neuen Mitgliedergenerationen<\/li>\r\n<\/ul>\r\n<div>\r\n<p style=\"padding-left: 30px;\"><span style=\"color: #000000;\"><strong>Kathleen Leong<\/strong><\/span>, Head of Commercial for Malaysia &amp; Singapore, <strong>AirAsia BIG<br \/><\/strong><span style=\"color: #000000;\"><strong>Renata Rached de Oliveira<\/strong><\/span>, Head of Loyalty, <strong>Iberia<br \/><\/strong><span style=\"color: #000000;\"><strong>Nik Laming<\/strong><\/span>, GM Loyalty Division, <strong>Cebu Pacific Air<br \/><\/strong><span style=\"color: #000000;\"><strong>Wee-Kee Ng<\/strong><\/span>, Vice President - Loyalty &amp; Partner Marketing, <strong>Shangri-La Hotels &amp; Resorts<br \/><\/strong><\/p>\r\n<\/div>\r\n<div>\r\n<p style=\"padding-left: 30px;\"><span style=\"color: #000000;\">Moderator: <strong>Graham Dunn<\/strong>, Editor, <strong>FlightGlobal<\/strong><\/span><\/p>\r\n<\/div>\r\n<p><span style=\"color: #000000;\"><strong>10:35 Morgen-Erfrischungen<\/strong> <\/span><\/p>\r\n<p><span style=\"color: #000000;\"><strong>11:05 Wohin passen Kundenbindungsprogramme in eine Landschaft von mobilen Zahlungsl\u00f6sungen?<\/strong><\/span><\/p>\r\n<ul>\r\n<li>\u00dcberblick \u00fcber die j\u00fcngsten Trends in mobile Zahlungsl\u00f6sungen<\/li>\r\n<li>Regionale Unterschiede<\/li>\r\n<li>Harmonisierung von Kundenbindungsprogrammen und mobilen Zahlungen<\/li>\r\n<li>Gelegenheiten und Bedrohungen f\u00fcr Kundenbindungsprogramme<\/li>\r\n<\/ul>\r\n<p style=\"padding-left: 30px;\"><span style=\"color: #000000;\"><strong>Ulf Geismar<\/strong>, Director, <strong>Edgar, Dunn &amp; Company<\/strong><\/span><\/p>\r\n<p><span style=\"color: #000000;\"><strong>11:30 Das Herz von Kunden gewinnen (und dann deren Geldbeutel)<\/strong><\/span><\/p>\r\n<ul>\r\n<li>Was ist heutzutags mit vielen Kundendingungsprogrammen falsch?<\/li>\r\n<li>Verstehen der Grenzen von Kundenbindungsprogrammen um Treue zu schaffen<\/li>\r\n<li>Transparenz und Ehrlichkeit als Kernwerte<\/li>\r\n<li>Das (Zur\u00fcck)Gewinnen der gleichg\u00fcltigen Masse<\/li>\r\n<\/ul>\r\n<p style=\"padding-left: 30px;\"><span style=\"color: #000000;\"><strong>Seth Miller<\/strong>, Journalist, <strong>Wandering Aramean<\/strong><\/span><\/p>\r\n<p><span style=\"color: #000000;\"><strong>11:55 Wie K\u00fcnstliche Intelligenz die Reiseindustrie ver\u00e4ndert<\/strong><\/span><\/p>\r\n<ul>\r\n<li>\u00dcbersicht \u00fcber beste Praktiken des Einsatzes von K\u00fcnstlicher Intelligenz in der Reiseindustrie<\/li>\r\n<li>Vorteile f\u00fcr Firmen und Kunden<\/li>\r\n<li>Ist K\u00fcnstliche Intelligenz der k\u00fcnftige Weg zur Schaffung von Kundenbindung??<\/li>\r\n<\/ul>\r\n<p style=\"padding-left: 30px;\"><span style=\"color: #000000;\"><strong>Dr. Andy Chun<\/strong>, Associate Professor and Former Chief Information Officer, <strong>City University of Hong Kong<\/strong><\/span><\/p>\r\n<p><span style=\"color: #000000;\"><strong>12:25 Mittagessen<\/strong><\/span><\/p>\r\n<p><span style=\"color: #000000;\"><strong>14:00 Workshops<\/strong><\/span><\/p>\r\n<p>Dies ist Ihre Gelegenheit, alle relevanten Zulieferer zu treffen, die die Industrie beeinflussen und Ihnen helfen, die besten Entscheidungen \u00fcber Anwendungen und Investitionen f\u00fcr Ihr Unternehmen zu treffen.<\/p>\r\n<p><span style=\"color: #000000;\"><strong>15:00 Award Zulieferer des Jahres: Kampfring<\/strong><\/span><\/p>\r\n<ul>\r\n<li>5-min\u00fctige Pr\u00e4sentation f\u00fcr jeden von drei endqualifizierten Zulieferern<\/li>\r\n<li>Fragen und Antworten mit den Mitgliedern der Jury<\/li>\r\n<\/ul>\r\n<p style=\"padding-left: 30px;\"><span style=\"color: #000000;\"><strong>Jury-Mitglieder:<br \/>Andrew Kilkeary<\/strong><\/span>, Head of Loyalty, <strong>Finnair<br \/><\/strong><span style=\"color: #000000;\"><strong>Manish Dureja<\/strong><\/span>, Managing Director, Jet Privilege, <strong>Jet Airways<br \/><\/strong><span style=\"color: #000000;\"><strong>David Feldman<\/strong><\/span>, Director, Loyalty &amp; Reward Program Strategy, <strong>Catchit Loyalty<br \/><\/strong><\/p>\r\n<p><span style=\"color: #000000;\"><strong>15:30 Nachmittags-Erfrischungen<\/strong><\/span><\/p>\r\n<p><span style=\"color: #000000;\"><strong>16:00 Virtuelle Realit\u00e4t: Die Zukunft des Reisens<\/strong><\/span><\/p>\r\n<ul>\r\n<li>Was bedeutet virtuelle Realit\u00e4t f\u00fcr die Reiseindustrie?<\/li>\r\n<li>Entwicklung von Transaktions-basierter zu emotionaler Kundenbindung<\/li>\r\n<li>Neupositionierung von Kundenbindungsprogrammem in einer virtuellen Welt<\/li>\r\n<li>Vision 2030: Ein Blick in die Kristallkugel<\/li>\r\n<\/ul>\r\n<p style=\"padding-left: 30px;\"><span style=\"color: #000000;\"><strong>Rashesh Jethi<\/strong>, Head of R&amp;D Americas, <strong>Amadeus<\/strong><\/span><\/p>\r\n<p><span style=\"color: #000000;\"><strong>16:30 Fallstudie Flying Blue: Wie man Programm\u00e4nderungen zum Erfolg macht<\/strong><\/span><\/p>\r\n<ul>\r\n<li>R\u00fcckblick auf die \u00dcberlegungen und die Vorgehensweise auf eine Umsatzbasis umzusteigen<\/li>\r\n<li>Finden des Gleichgewichts zwischen den Bed\u00fcrfnissen der Interessensparteien und der Kunden<\/li>\r\n<li>Kontrollieren der Kommunikation in einem Online-Zeitalter<\/li>\r\n<li>Wohin geht die Kundenbindungsreise von hier?<\/li>\r\n<\/ul>\r\n<p style=\"padding-left: 30px;\"><span style=\"color: #000000;\"><strong>Derrick Merkus<\/strong>, Program Director Flying Blue, <strong>Air France KLM<\/strong><\/span><\/p>\r\n<p><span style=\"color: #000000;\"><strong>17:00 Schlussbemerkungen des Konferenz-Vorsitzenden<\/strong><\/span><\/p>\r\n<p><span style=\"color: #000000;\"><strong>17:15 Individuelle Besprechungen <\/strong><\/span><\/p>\r\n<div>\r\n<p><span style=\"color: #000000;\"><strong>19:00 Gala Abendessen &amp; Loyalty Awards 2017<br \/><\/strong><\/span><\/p>\r\n<p style=\"padding-left: 30px;\"><span style=\"color: #000000;\">Moderator der Awards-Zeremonie:<strong> <strong>Graham Dunn<\/strong><\/strong>, Editor,<strong><strong> FlightGlobal<\/strong><\/strong><\/span><\/p>\r\n<p style=\"padding-left: 30px;\"><strong>Loyalty Awards Jury-Mitglieder:<\/strong><br \/><span style=\"color: #000000;\"><strong>Fr\u00e9d\u00e9ric Kahane<\/strong>, VP Customer Loyalty,<strong> Air France KLM<br \/>Steven Greenway<\/strong>, CEO,<strong> HK Express\/reward-U<br \/>Vicky Elliot<\/strong>, Group Director - Brand Loyalty, <strong>Jumeirah Group<br \/>Ravindra Bhagwanani<\/strong>, Gesch\u00e4ftsf\u00fchrer, <strong>Global Flight<\/strong><\/span><\/p>\r\n<\/div>\r\n<\/div><\/div><\/div>\n\t\t\t<h3 class=\"toggler\">Tag Drei: Mittwoch,  07. Februar 2018<\/h3>\n\t\t<div><div class=\"content wk-content clearfix\"><p><span style=\"color: #000000;\"><strong>08:30 Einschreibung und Erfrischungen<\/strong><\/span><\/p>\r\n<p><span style=\"color: #000000;\"><strong>09:00 Er\u00f6ffnung durch den Konferenz-Vorsitzenden<\/strong><\/span><\/p>\r\n<div><span style=\"color: #000000;\"><strong> \u00a0\u00a0\u00a0\u00a0\u00a0\u00a0 Graham Dunn<\/strong>, Editor,<strong> FlightGlobal Pro<\/strong><\/span><\/div>\r\n<p><span style=\"color: #000000;\"><strong>09:10 Schaffen von Kundenbindung durch die Erz\u00e4hlung von Geschichten<\/strong><\/span><\/p>\r\n<ul>\r\n<li>Schaffen emotionaler Kundenbindung durch die Erz\u00e4hlung von Geschichten<\/li>\r\n<li>Finden der richtigen Geschichte f\u00fcr Ihr Gesch\u00e4ft<\/li>\r\n<li>Lernen, Ihren Kunden zuzuh\u00f6ren (sie haben immer Recht!)<\/li>\r\n<li>Integration von Social Media in Ihre Kommunikationsstrategie<\/li>\r\n<\/ul>\r\n<div><span style=\"color: #000000;\"><strong> \u00a0\u00a0\u00a0\u00a0\u00a0\u00a0 Dave Carroll<\/strong><\/span>, Musiker<\/div>\r\n<p><span style=\"color: #000000;\"><strong>10:00 Verstehen von Social Media in China<\/strong><\/span><\/p>\r\n<ul>\r\n<li>Wie funktioniert Social Media in China?<\/li>\r\n<li>Die Rolle von Social Media in einer segmentierten Gesamt-Kommunikationsstrategie<\/li>\r\n<li>Zu vermeidende Fehler<\/li>\r\n<li>M\u00f6glichkeiten, konkrete Verk\u00e4ufe \u00fcber Social Media zu generieren<\/li>\r\n<\/ul>\r\n<div><span style=\"color: #000000;\"><strong> \u00a0\u00a0\u00a0\u00a0\u00a0\u00a0 Yi Gao<\/strong><\/span>, Aviation Course Director, Department of Aviation, <strong>Swinburne University of Technology<\/strong><\/div>\r\n<p><span style=\"color: #000000;\"><strong>10:30 Morgen-Erfrischungen<\/strong><\/span><\/p>\r\n<div>\r\n<p><span style=\"color: #000000;\"><strong>11:00 Ausdehnen der Umsatz-basierten Logik auf die Pr\u00e4mienseite: Fallstudie Southwest Airlines<\/strong><\/span><\/p>\r\n<ul>\r\n<li>Umsatz-basierte Programme: Warum auf der Sammelseite stoppen?<\/li>\r\n<li>Einl\u00f6sen auf jedem Sitz, auf jeder Strecke: Die Basis der Kundenzufriedenheit<\/li>\r\n<li>Gibt es eine Gefahr, den Nutzwert von Kundenbindungspunkten vollst\u00e4ndig transparent zu machen?<\/li>\r\n<li>W\u00fcrden wir es nochmals tun?<\/li>\r\n<\/ul>\r\n<div><span style=\"color: #000000;\"><strong> \u00a0\u00a0\u00a0\u00a0\u00a0\u00a0 Corbitt Burns<\/strong><\/span>, Director, Rapid Rewards, <strong>Southwest Airlines<\/strong><\/div>\r\n<p><span style=\"color: #000000;\"><strong>11:30 Workshops<\/strong><\/span><\/p>\r\n<p>Dies ist Ihre Gelegenheit, alle relevanten Zulieferer zu treffen, die die Industrie beeinflussen und Ihnen helfen, die besten Entscheidungen \u00fcber Anwendungen und Investitionen f\u00fcr Ihr Unternehmen zu treffen.<\/p>\r\n<p><span style=\"color: #000000;\"><strong>12:30 Mittagessen<\/strong><\/span><\/p>\r\n<p><span style=\"color: #000000;\"><strong>13:45 Panel Loyalty Awards-Gewinner<\/strong><\/span><\/p>\r\n<ul>\r\n<li>Einblicke in Fallstudien der Loyalty 2018 Awards-Gewinner<\/li>\r\n<li>Vorteile f\u00fcr Aktion\u00e4re und Mitglieder<\/li>\r\n<li>Prozess der Schaffung von preisgekr\u00f6nten Initiativen<\/li>\r\n<\/ul>\r\n<div>\r\n<p style=\"padding-left: 30px;\"><span style=\"color: #000000;\"><strong>Loyalty Awards-Gewinner - Ank\u00fcndigung vor Ort<\/strong><\/span><\/p>\r\n<\/div>\r\n<div>\r\n<p style=\"padding-left: 30px;\"><span style=\"color: #000000;\">Moderator: <strong>Ravindra Bhagwanani<\/strong>, Gesch\u00e4ftsf\u00fchrer, <strong>Global Flight<\/strong><\/span><\/p>\r\n<\/div>\r\n<p><span style=\"color: #000000;\"><strong>14:30 Unsere Blase verlassen<\/strong><\/span><\/p>\r\n<div>\r\n<ul>\r\n<li>Erweitern unseres Horizonts zu neuen Datenquellen und neuen Kan\u00e4len in einer Kunden-zentrierten \u00c4ra<\/li>\r\n<li>Schaffen von Omnichannel-Kundenbindung<\/li>\r\n<li>Funktionieren von Kundenbindung als Teil eines Omnichannel-Marketings<\/li>\r\n<\/ul>\r\n<\/div>\r\n<div><span style=\"color: #000000;\"><strong> \u00a0\u00a0\u00a0\u00a0\u00a0\u00a0 Patricia Ray<\/strong><\/span>, Loyalty Marketing Director,<strong> Enterprise Holdings<\/strong>\r\n<p><span style=\"color: #000000;\"><strong>15:00 Was bedeutet Blockchain wirklich f\u00fcr traditionelle Kundenbindungsprogramme?<\/strong><\/span><\/p>\r\n<div>\r\n<ul>\r\n<li>Das 1x1 von Blockchain<\/li>\r\n<li>Ist Blockchain eine Chance oder eine Gefahr f\u00fcr Kundenbindungsprogramme des Reisesektors?<\/li>\r\n<li>Beispiele weltweiter bester Praktiken von Blockchain-Kundenbindungsl\u00f6sungen<\/li>\r\n<\/ul>\r\n<\/div>\r\n<div><span style=\"color: #000000;\"><strong> \u00a0\u00a0\u00a0\u00a0\u00a0\u00a0 Douglas Carlucci<\/strong><\/span>, Partner,<strong> Oliver Wyman<\/strong>\r\n<p><span style=\"color: #000000;\"><strong>15:30 Nachmittags-Erfrischungen<\/strong><\/span><\/p>\r\n<p><span style=\"color: #000000;\"><strong>16:00 Schaffung von Kundenbindung durch unmittelbare Belohnung <\/strong><\/span><\/p>\r\n<div>\r\n<ul>\r\n<li>Die Vorteile von Cash-Back Programmen<\/li>\r\n<li>Sind Vielreisende mehr an Cash-Back oder an Kundenbindungs-bezogenen Produkten interessiert?<\/li>\r\n<li>Platzieren des richtigen Produkts in dem richtigen Kundensegment anstatt der Schaffung einer internen Kannibalisierung<\/li>\r\n<\/ul>\r\n<\/div>\r\n<div><span style=\"color: #000000;\"><strong> \u00a0\u00a0\u00a0\u00a0\u00a0\u00a0 Rathian Srimongkol<\/strong><\/span>, Chief Executive Officer, President, Director,<strong> Krungthai Card<\/strong>\r\n<p><span style=\"color: #000000;\"><strong>16:20 Schlussbemerkungen des Konferenz-Vorsitzenden &amp; Ank\u00fcndigung des Austragungsortes von Loyalty 2019<\/strong><\/span><\/p>\r\n<p><span style=\"color: #000000;\"><strong>16:30 Ende der Konferenz<\/strong><\/span><\/p>\r\n<\/div>\r\n<\/div>\r\n<\/div>\r\n<\/div><\/div><\/div>\n\t<\/div>\n","protected":false},"excerpt":{"rendered":"","protected":false},"author":7,"featured_media":0,"parent":1828,"menu_order":0,"comment_status":"closed","ping_status":"closed","template":"","meta":{"_links_to":"","_links_to_target":""},"_links":{"self":[{"href":"https:\/\/www.globalflight.net\/german\/wp-json\/wp\/v2\/pages\/4142"}],"collection":[{"href":"https:\/\/www.globalflight.net\/german\/wp-json\/wp\/v2\/pages"}],"about":[{"href":"https:\/\/www.globalflight.net\/german\/wp-json\/wp\/v2\/types\/page"}],"author":[{"embeddable":true,"href":"https:\/\/www.globalflight.net\/german\/wp-json\/wp\/v2\/users\/7"}],"replies":[{"embeddable":true,"href":"https:\/\/www.globalflight.net\/german\/wp-json\/wp\/v2\/comments?post=4142"}],"version-history":[{"count":3,"href":"https:\/\/www.globalflight.net\/german\/wp-json\/wp\/v2\/pages\/4142\/revisions"}],"predecessor-version":[{"id":4230,"href":"https:\/\/www.globalflight.net\/german\/wp-json\/wp\/v2\/pages\/4142\/revisions\/4230"}],"up":[{"embeddable":true,"href":"https:\/\/www.globalflight.net\/german\/wp-json\/wp\/v2\/pages\/1828"}],"wp:attachment":[{"href":"https:\/\/www.globalflight.net\/german\/wp-json\/wp\/v2\/media?parent=4142"}],"curies":[{"name":"wp","href":"https:\/\/api.w.org\/{rel}","templated":true}]}}