{"id":4182,"date":"2017-12-21T16:06:17","date_gmt":"2017-12-21T15:06:17","guid":{"rendered":"http:\/\/www.globalflight.net\/german\/?page_id=4182"},"modified":"2021-09-28T13:56:43","modified_gmt":"2021-09-28T12:56:43","slug":"referenzen","status":"publish","type":"page","link":"https:\/\/www.globalflight.net\/german\/services\/airlines-program-operators\/referenzen\/","title":{"rendered":"Referenzen"},"content":{"rendered":"<p>Jedes unserer Projekte hat einen unmittelbaren Nutzen f\u00fcr unsere Kunden, was unsere Philosophie reflektiert, nur Projekte anzunehmen, wo wir sicher sind, einen solchen Nutzen generieren zu k\u00f6nnen. Andererseits bedeutet dies, dass unsere Kunden diesen Nutzen zu sch\u00e4tzen wissen, aber sich nicht unbedingt auf einer Referenzliste wiederfinden m\u00f6chten, da die Zusammenarbeit mit Global Flight automatisch in einem kompetitiven Vorteil resultiert. Die Tatsache, dass wir keine Kundennamen publizieren ist also eher ein gutes Zeichen &#8211; und eine bewusste Differenzierung von anderen Unternehmen!<\/p>\n<p>Gerne geben wir Ihnen jedoch generelle Informationen \u00fcber k\u00fcrzlich durchgef\u00fchrte konkrete Projekte:<\/p>\n<ul>\n<li>Programmeinf\u00fchrung f\u00fcr einen <em>touristischen Carrier<\/em><\/li>\n<li>Programm-\u00dcberarbeitung f\u00fcr eine <em>unabh\u00e4ngige Regionalfluggesellschaft<\/em><\/li>\n<li>Strategie-Workshop f\u00fcr eine <em>Gesellschaft in Nordamerika<\/em><\/li>\n<li>Programmstrategie in einem internationalen Markt f\u00fcr eine <em>Low Cost-Gesellschaft<\/em><\/li>\n<li>Status Quo-Bilanz des Programms f\u00fcr eine <em>Fluggesellschaft in Asien<\/em><\/li>\n<li>Machbarkeitsstudie f\u00fcr die Programmeinf\u00fchrung f\u00fcr eine <em>Gesellschaft im Gesch\u00e4ftsreisemarkt<\/em><\/li>\n<li>Benchmark-Studie f\u00fcr eine <strong><em>one<\/em><\/strong><em>world-Gesellschaft<\/em><\/li>\n<li>Fortlaufende Marktbeobachtung f\u00fcr ein <em>SkyTeam-Mitglied<\/em><\/li>\n<li>Leistungsmessung f\u00fcr eine <em>Gesellschaft in Afrika<\/em><\/li>\n<li>Aufsetzen einer finanziellen Struktur f\u00fcr eine<em> Gesellschaft in Afrika<\/em><\/li>\n<li>Validierung eines Umsatz-basierten Modells f\u00fcr eine <em>Gesellschaft in Asien<\/em><\/li>\n<li>Betrugsvorbeugungsprojekt f\u00fcr eine <em>globale Hotelkette<\/em><\/li>\n<li>IT-Auswahl f\u00fcr ein <em>Star Alliance-Mitglied<\/em><\/li>\n<\/ul>\n<p>Wie Sie sehen k\u00f6nnen umfasst unsere Kundenbasis Unternehmen aus der ganzen Welt, aus verschiedenen Branchen, Gesellschaften aus allen Allianzen, verschiedener Gr\u00f6\u00dfe und mit unterschiedlichen strategischen Ans\u00e4tzen. Dies unterstreicht unsere Flexibilit\u00e4t, uns an verschiedene Bedingungen und Bed\u00fcrfnisse unserer Kunden anzupassen.<\/p>\n<p>Oh ja, und seit der Gr\u00fcndung von Global Flight in 1996, nur zwei unserer Kunden sind aus dem Markt ausgeschieden &#8211; was nicht so eine schlechte Bilanz ist: Spanair kurz nachdem sie abge\u00e4ndert hatten, was wir f\u00fcr sie implementiert hatten, als sie der Star Alliance beitraten und die d\u00e4nische Sterling bevor sie Zeit hatten, mit der vollen Implementierung eines Vielfliegerprogramms so wie beabsichtigt voranzukommen. Wir f\u00fchlen uns deswegen in keiner Art und Weise f\u00fcr deren respektiven Schicksale verantwortlich\u2026<\/p>\n<p>Z\u00f6gern Sie nicht, uns f\u00fcr n\u00e4here Informationen zu <a href=\"https:\/\/www.globalflight.net\/german\/contact-us\/\">kontaktieren<\/a> uns um zu diskutieren, wie einfach es ist, auch Sie von unserer Erfahrung profitieren zu lassen!<\/p>\n","protected":false},"excerpt":{"rendered":"<p>Jedes unserer Projekte hat einen unmittelbaren Nutzen f\u00fcr unsere Kunden, was unsere Philosophie reflektiert, nur Projekte anzunehmen, wo wir sicher sind, einen solchen Nutzen generieren zu k\u00f6nnen. Andererseits bedeutet dies, dass unsere Kunden diesen Nutzen zu sch\u00e4tzen wissen, aber sich nicht unbedingt auf einer Referenzliste wiederfinden m\u00f6chten, da die Zusammenarbeit mit Global Flight automatisch in [&hellip;]<\/p>\n","protected":false},"author":7,"featured_media":0,"parent":692,"menu_order":0,"comment_status":"closed","ping_status":"closed","template":"","meta":{"_links_to":"","_links_to_target":""},"_links":{"self":[{"href":"https:\/\/www.globalflight.net\/german\/wp-json\/wp\/v2\/pages\/4182"}],"collection":[{"href":"https:\/\/www.globalflight.net\/german\/wp-json\/wp\/v2\/pages"}],"about":[{"href":"https:\/\/www.globalflight.net\/german\/wp-json\/wp\/v2\/types\/page"}],"author":[{"embeddable":true,"href":"https:\/\/www.globalflight.net\/german\/wp-json\/wp\/v2\/users\/7"}],"replies":[{"embeddable":true,"href":"https:\/\/www.globalflight.net\/german\/wp-json\/wp\/v2\/comments?post=4182"}],"version-history":[{"count":3,"href":"https:\/\/www.globalflight.net\/german\/wp-json\/wp\/v2\/pages\/4182\/revisions"}],"predecessor-version":[{"id":5432,"href":"https:\/\/www.globalflight.net\/german\/wp-json\/wp\/v2\/pages\/4182\/revisions\/5432"}],"up":[{"embeddable":true,"href":"https:\/\/www.globalflight.net\/german\/wp-json\/wp\/v2\/pages\/692"}],"wp:attachment":[{"href":"https:\/\/www.globalflight.net\/german\/wp-json\/wp\/v2\/media?parent=4182"}],"curies":[{"name":"wp","href":"https:\/\/api.w.org\/{rel}","templated":true}]}}