{"id":637,"date":"2014-10-09T14:21:03","date_gmt":"2014-10-09T06:21:03","guid":{"rendered":"http:\/\/www.globalflight.net\/german\/?page_id=637"},"modified":"2024-02-07T10:53:31","modified_gmt":"2024-02-07T09:53:31","slug":"conferences","status":"publish","type":"page","link":"https:\/\/www.globalflight.net\/german\/conferences\/","title":{"rendered":"Konferenzen"},"content":{"rendered":"\r\n<p><strong><img loading=\"lazy\" class=\"aligncenter wp-image-4575\" src=\"http:\/\/www.globalflight.net\/wp-content\/uploads\/2018\/06\/LA_WEB_809_317px-666x261.jpg\" alt=\"L&amp;A_WEB_809_317px\" width=\"245\" height=\"96\" \/><\/strong><\/p>\r\n<p><strong>Loyalty &amp; Awards Konferenzen &#8211; ein Muss f\u00fcr Kundenbindungs-Manager<\/strong><\/p>\r\n<p>Jedes Jahr organisieren wir die Loyalty &amp; Awards-Konferenz f\u00fcr Kundenbindungs-Manager bei Fluggesellschaften und andere Unternehmen im Reisesektor. Dieses wichtigste Branchentreffen, welches auch von allen relevanten Anbietern unterst\u00fctzt wird, setzt sich mit aktuellen Fragen rund um das Thema der Kundenbindungsprogramme auseinander. Teilnehmer wissen insbesondere die lehrreiche Agenda, die ausschlie\u00dflich aus Pr\u00e4sentationen von Kundenbindungs-Managern von Fluggesellschaften und anderen Programmanbietern besteht, sowie die einzigartigen Netzwerk-M\u00f6glichkeiten mit den Hunderten von Teilnehmern zu sch\u00e4tzen.<\/p>\r\n<p>Seit 2005 organisierten wir diese Veranstaltungen mit, die wir seit 2019 mit einem aufgefrischten Konzept in Eigenregie durchf\u00fchren. Mit einem eigenen darauf ausgerichteten Team nur eine Veranstaltung pro Jahr durchzuf\u00fchren erlaubt uns, uns voll auf die Wertesch\u00f6pfung f\u00fcr die Kundenbindungsindustrie zu konzentrieren, ihre besonderen Bed\u00fcrfnisse zu ber\u00fccksichtigen und ein einmaliges Erlebnis zu schaffen, welches Sie nicht vermissen sollten &#8211; ein Unterschied zu professionellen Konferenzveranstaltern mit einem kommerzielleren Interesse, den Sie sicher zu sch\u00e4tzen wissen werden!<\/p>\r\n<p>F\u00fcr weitere Hintergr\u00fcnde \u00fcber das Konzept und die Entwicklung jeder Veranstaltung, schauen Sie sich ein Interview mit unserem Gesch\u00e4ftsf\u00fchrer, Ravindra Bhagwanani, an (auf Englisch).<\/p>\r\n<center>\r\n<p><iframe loading=\"lazy\" title=\"Interview with Ravindra Bhagwanani at Loyalty&amp;Awards\" width=\"500\" height=\"281\" src=\"https:\/\/www.youtube.com\/embed\/6YSxe7vwcj8?feature=oembed\" frameborder=\"0\" allow=\"accelerometer; autoplay; clipboard-write; encrypted-media; gyroscope; picture-in-picture; web-share\" allowfullscreen><\/iframe><\/p>\r\n<p>Ravindra Bhagwanani &#8211; Loyalty &amp; Awards von The Wise Marketer<\/p>\r\n<\/center>","protected":false},"excerpt":{"rendered":"<p>Loyalty &amp; Awards Konferenzen &#8211; ein Muss f\u00fcr Kundenbindungs-Manager Jedes Jahr organisieren wir die Loyalty &amp; Awards-Konferenz f\u00fcr Kundenbindungs-Manager bei Fluggesellschaften und andere Unternehmen im Reisesektor. Dieses wichtigste Branchentreffen, welches auch von allen relevanten Anbietern unterst\u00fctzt wird, setzt sich mit aktuellen Fragen rund um das Thema der Kundenbindungsprogramme auseinander. Teilnehmer wissen insbesondere die lehrreiche Agenda, [&hellip;]<\/p>\n","protected":false},"author":7,"featured_media":0,"parent":0,"menu_order":0,"comment_status":"closed","ping_status":"closed","template":"","meta":{"_links_to":"","_links_to_target":""},"_links":{"self":[{"href":"https:\/\/www.globalflight.net\/german\/wp-json\/wp\/v2\/pages\/637"}],"collection":[{"href":"https:\/\/www.globalflight.net\/german\/wp-json\/wp\/v2\/pages"}],"about":[{"href":"https:\/\/www.globalflight.net\/german\/wp-json\/wp\/v2\/types\/page"}],"author":[{"embeddable":true,"href":"https:\/\/www.globalflight.net\/german\/wp-json\/wp\/v2\/users\/7"}],"replies":[{"embeddable":true,"href":"https:\/\/www.globalflight.net\/german\/wp-json\/wp\/v2\/comments?post=637"}],"version-history":[{"count":46,"href":"https:\/\/www.globalflight.net\/german\/wp-json\/wp\/v2\/pages\/637\/revisions"}],"predecessor-version":[{"id":6109,"href":"https:\/\/www.globalflight.net\/german\/wp-json\/wp\/v2\/pages\/637\/revisions\/6109"}],"wp:attachment":[{"href":"https:\/\/www.globalflight.net\/german\/wp-json\/wp\/v2\/media?parent=637"}],"curies":[{"name":"wp","href":"https:\/\/api.w.org\/{rel}","templated":true}]}}