{"id":686,"date":"2014-10-10T10:29:11","date_gmt":"2014-10-10T02:29:11","guid":{"rendered":"http:\/\/www.globalflight.net\/german\/?page_id=686"},"modified":"2025-05-13T13:30:24","modified_gmt":"2025-05-13T12:30:24","slug":"coaching-courses","status":"publish","type":"page","link":"https:\/\/www.globalflight.net\/german\/services\/airlines-program-operators\/coaching-courses\/","title":{"rendered":"Trainingskurse"},"content":{"rendered":"<p><strong>Verbessern Sie Ihre Management-F\u00e4higkeiten durch Vielfliegerprogramm-Coaching-Kurse <\/strong><\/p>\n<p>Wir freuen uns, Ihnen als Antwort auf eine gestiegene Nachfrage aus dem Markt f\u00fcr ein solches Angebot eine Reihe von verschiedenen Formen f\u00fcr ein Vielfliegerprogramm-Coaching anzubieten. Da verschiedene Fluggesellschaften und Management-Ebenen oft unterschiedliche Bed\u00fcrfnisse haben, bieten wir zwei Basiselemente f\u00fcr das Coaching an:<\/p>\n<p><i><span style=\"text-decoration: underline;\">Individuelles In-house Coaching f\u00fcr alle relevanten Management-Aspekte<\/span><\/i><br \/>\nDiese Version ist ideal f\u00fcr alle Management-Funktionen, von Vielfliegerprogramm-F\u00fchrungskr\u00e4ften bis zu Sachbearbeitern, die in das Vielfliegerprogramm involviert sind und ihre Kenntnisse auf spezifischen Gebieten vertiefen m\u00f6chten. Diese Kurse werden konsequent an Ihre Fluggesellschaft und Ihr Vielfliegerprogramm angepasst. Sie k\u00f6nnen dabei aus 16 verschiedenen Modulen das Men\u00fc ausw\u00e4hlen, das Ihren Bed\u00fcrfnissen am besten entspricht. Jedes Modul besteht aus einem halbt\u00e4gigen Coaching (4 Stunden); die ersten drei Module sind ganzt\u00e4gige Kurse. Sie k\u00f6nnen so viele oder wenige Module pro Coaching-Sitzung w\u00e4hlen wie Sie m\u00f6chten. Die Kosten pro Modul betragen 600 EUR (1.200 EUR f\u00fcr ganzt\u00e4gige Kurse), zuz\u00fcglich anfallender Reisekosten (Reisezeit wird nicht berechnet). An jedem Kurs k\u00f6nnen bis zu sechs Personen Ihres Unternehmens ohne Zusatzkosten teilnehmen.<\/p>\n<p>Folgende Coaching-Module sind verf\u00fcgbar:<\/p>\n<ol>\n<li>Das Management eines Vielfliegerprogramms<\/li>\n<li>Strategie\u00a0 zur Kundensegmentierung und Einkommenssteigerung<\/li>\n<li>Struktur des Vielfliegerprogramms<\/li>\n<li>Finanzielle Struktur und Buchhaltungs-Praktiken<\/li>\n<li>Vielfliegerprogramme als Profit Center<\/li>\n<li>Das Management von Partnerschaften<\/li>\n<li>Kommunikation mit Kunden<\/li>\n<li>\u00dcbersicht \u00fcber das FFP-Gesch\u00e4ft f\u00fcr F\u00fchrungskr\u00e4fte<\/li>\n<li>Die Kenngr\u00f6\u00dfen eines Vielfliegerprogramms und wie man sie verbessert<\/li>\n<li>Markentreue<\/li>\n<li>Betrugsvorbeugung f\u00fcr Vielfliegerprogramme<\/li>\n<li>Vielfliegerprogramme und CRM<\/li>\n<li>Zufriedenstellung Ihrer besten Kunden<\/li>\n<li>Ber\u00fccksichtigung der Bed\u00fcrfnisse Ihrer Vielflieger-Kunden<\/li>\n<li>Auswahl von Zulieferern und Outsource-Partnern<\/li>\n<li>Firmenbonusprogramme<\/li>\n<\/ol>\n<p>Bitte <a href=\"https:\/\/www.globalflight.net\/german\/wp-content\/uploads\/2025\/05\/Coaching-Kurse-Details.pdf\" target=\"_blank\" rel=\"noopener\">klicken Sie hier<\/a> f\u00fcr n\u00e4here Einzelheiten \u00fcber den Inhalt und die Zielgruppe jedes Kurses.<\/p>\n<p><img loading=\"lazy\" class=\"aligncenter\" style=\"width: 531px; height: 304px;\" src=\"\/german\/wp-content\/uploads\/2014\/11\/Aterrissage.jpg\" alt=\"coaching-course-plain\" width=\"639\" height=\"256\" \/><\/p>\n<p><i><span style=\"text-decoration: underline;\">Individuelles In-house Coaching f\u00fcr neue Vielfliegerprogramm-Mitarbeiter<\/span><\/i><br \/>\nDieser Service richtet sich speziell an gro\u00dfe Fluggesellschaften, wo neue Mitarbeiter regelm\u00e4\u00dfig zur Vielfliegerprogramm-Abteilung sto\u00dfen. Unser Coaching stellt sicher, dass sie schnell und effizient mit den Grundlagen vertraut gemacht werden, die sie f\u00fcr ihre k\u00fcnftige Arbeit kennen m\u00fcssen. Auch hier passen wir den Inhalt der Kurse genau Ihren spezifischen Anforderungen und W\u00fcnschen an. Sie k\u00f6nnen w\u00e4hlen, ob sich das Coaching auf bestimmte Gebiete beschr\u00e4nken soll (z.B. Partnerschaften) oder aus einer Einf\u00fchrung in das gesamte Vielfliegerprogramm-Management bestehen soll. Daraus folgt, dass die Dauer des Coachings flexibel festgelegt werden kann. Typischerweise dauert es zwei bis f\u00fcnf Tage. Gruppen k\u00f6nnen aus einem bis acht Mitarbeiter bestehen.<\/p>\n<p>Ein anderer angenehmer Seiteneffekt eines Coaching von neuen Mitarbeitern durch externe Experten ist, dass Sie automatisch auch eine andere Sichtweise von au\u00dfen erhalten. Denn unsere Coachingbasis ist nicht das, was Sie \u00fcber Jahre getan haben, sondern beste internationale Praktiken.<\/p>\n<p>Die Kurse werden normalerweise von unserem Gesch\u00e4ftsf\u00fchrer <a href=\"https:\/\/www.globalflight.net\/german\/about-us\/team\/\">Ravindra Bhagwanani<\/a> durchgef\u00fchrt, um einen maximalen Wissenstransfer zu garantieren.<\/p>\n<p>Das Coaching ist auf Deutsch, Englisch, Spanisch und Franz\u00f6sisch verf\u00fcgbar (alle Unterlagen werden auf Englisch zur Verf\u00fcgung gestellt). Teilnehmer, die den Wissentest bestehen, erhalten ein Zertifikat, welches ihre erfolgreiche Teilnahme best\u00e4tigt.<\/p>\n<p>Zusammengefasst sind Ihre Vorteile der beiden In-house Coaching-Angebote die folgenden:<\/p>\n<ul>\n<li>Kompaktes und effizientes In-house Coaching ohne Zeitverlust durch Reisen<\/li>\n<li>M\u00f6glichkeit, das individuelle Coachingmen\u00fc, das Ihren Anforderungen am besten gerecht wird, selbst zusammenzustellen<\/li>\n<li>Inhalt ist angepasst, um Ihrer speziellen Situation Rechnung zu tragen<\/li>\n<li>Mehrere Personen k\u00f6nnen ohne Zusatzkosten am Coaching teilnehmen<\/li>\n<\/ul>\n<p>So z\u00f6gern Sie nicht, <a title=\"Contact Us\" href=\"https:\/\/www.globalflight.net\/german\/contact-us\/\">uns zu kontaktieren<\/a> um Ihre Bed\u00fcrfnisse und Ziele mit uns zu besprechen!<\/p>\n","protected":false},"excerpt":{"rendered":"<p>Verbessern Sie Ihre Management-F\u00e4higkeiten durch Vielfliegerprogramm-Coaching-Kurse Wir freuen uns, Ihnen als Antwort auf eine gestiegene Nachfrage aus dem Markt f\u00fcr ein solches Angebot eine Reihe von verschiedenen Formen f\u00fcr ein Vielfliegerprogramm-Coaching anzubieten. Da verschiedene Fluggesellschaften und Management-Ebenen oft unterschiedliche Bed\u00fcrfnisse haben, bieten wir zwei Basiselemente f\u00fcr das Coaching an: Individuelles In-house Coaching f\u00fcr alle relevanten [&hellip;]<\/p>\n","protected":false},"author":7,"featured_media":0,"parent":692,"menu_order":3,"comment_status":"closed","ping_status":"closed","template":"","meta":{"_links_to":"","_links_to_target":""},"_links":{"self":[{"href":"https:\/\/www.globalflight.net\/german\/wp-json\/wp\/v2\/pages\/686"}],"collection":[{"href":"https:\/\/www.globalflight.net\/german\/wp-json\/wp\/v2\/pages"}],"about":[{"href":"https:\/\/www.globalflight.net\/german\/wp-json\/wp\/v2\/types\/page"}],"author":[{"embeddable":true,"href":"https:\/\/www.globalflight.net\/german\/wp-json\/wp\/v2\/users\/7"}],"replies":[{"embeddable":true,"href":"https:\/\/www.globalflight.net\/german\/wp-json\/wp\/v2\/comments?post=686"}],"version-history":[{"count":25,"href":"https:\/\/www.globalflight.net\/german\/wp-json\/wp\/v2\/pages\/686\/revisions"}],"predecessor-version":[{"id":6472,"href":"https:\/\/www.globalflight.net\/german\/wp-json\/wp\/v2\/pages\/686\/revisions\/6472"}],"up":[{"embeddable":true,"href":"https:\/\/www.globalflight.net\/german\/wp-json\/wp\/v2\/pages\/692"}],"wp:attachment":[{"href":"https:\/\/www.globalflight.net\/german\/wp-json\/wp\/v2\/media?parent=686"}],"curies":[{"name":"wp","href":"https:\/\/api.w.org\/{rel}","templated":true}]}}