{"id":709,"date":"2014-10-10T10:58:09","date_gmt":"2014-10-10T02:58:09","guid":{"rendered":"http:\/\/www.globalflight.net\/german\/?page_id=709"},"modified":"2016-04-08T12:54:30","modified_gmt":"2016-04-08T11:54:30","slug":"who-with-whom","status":"publish","type":"page","link":"https:\/\/www.globalflight.net\/german\/informationen\/who-with-whom\/","title":{"rendered":"Wer mit wem"},"content":{"rendered":"<p>Sch\u00f6n, dass Sie den Weg hierhin gefunden haben, wo eine Anwendung mit gro\u00dfem Informationswert auf Sie wartet. Dar\u00fcber hinaus ist sie in dieser Form weltweit absolut einzigartig <strong>und kostenlos<\/strong>.<\/p>\n<p>Sie w\u00e4hlen aus untenstehender Liste einfach eine Fluggesellschaft Ihrer Wahl aus und wir geben Ihnen eine vollst\u00e4ndige Auflistung derjenigen Vielfliegerprogramme an, die Ihnen mit der gew\u00e4hlten Gesellschaft das Sammeln von Punkten erm\u00f6glichen.<\/p>\n<p>Programme, die mit der gew\u00e4hlten Gesellschaft lediglich Pr\u00e4mienfl\u00fcge anbieten, jedoch das Sammeln von Punkten nicht erm\u00f6glichen, werden nicht aufgef\u00fchrt. Bitte beachten Sie, dass der Status der Partnerschaften am heutigen Tag angezeigt wird &#8211; wenn Ihre Reise also erst in einiger Zeit stattfindet, existieren unter Umst\u00e4nden einige dieser Partnerschaften nicht mehr oder andere sind bis dann hinzugekommen!<\/p>\n<p>W\u00e4hlen Sie jetzt eine Airline:<\/p>\n<form id=\"whw\">\r\n  <select id=\"airline\" name=\"airline\" style=\"width: 450px !important;  font-size: 16px; font-family: OpenSansLight;\" size=\"20\" >\r\n          <option value=\"?o=Aegean+Airlines\">Aegean Airlines<\/option>\r\n          <option value=\"?o=Aer+Lingus\">Aer Lingus<\/option>\r\n          <option value=\"?o=Aeroflot\">Aeroflot<\/option>\r\n          <option value=\"?o=Aerolineas+Argentinas\">Aerolineas Argentinas<\/option>\r\n          <option value=\"?o=Aerom%C3%A9xico\">Aerom\u00e9xico<\/option>\r\n          <option value=\"?o=Afrijet\">Afrijet<\/option>\r\n          <option value=\"?o=Air+Alg%C3%A9rie\">Air Alg\u00e9rie<\/option>\r\n          <option value=\"?o=Air+Antilles\">Air Antilles<\/option>\r\n          <option value=\"?o=Air+Arabia\">Air Arabia<\/option>\r\n          <option value=\"?o=AirAsia\">AirAsia<\/option>\r\n          <option value=\"?o=AirAsia+X\">AirAsia X<\/option>\r\n          <option value=\"?o=Air+Astana\">Air Astana<\/option>\r\n          <option value=\"?o=Air+Astra\">Air Astra<\/option>\r\n          <option value=\"?o=Air+Austral\">Air Austral<\/option>\r\n          <option value=\"?o=airBaltic\">airBaltic<\/option>\r\n          <option value=\"?o=Airblue\">Airblue<\/option>\r\n          <option value=\"?o=Air+Botswana\">Air Botswana<\/option>\r\n          <option value=\"?o=Air+Burkina\">Air Burkina<\/option>\r\n          <option value=\"?o=Air+Busan\">Air Busan<\/option>\r\n          <option value=\"?o=Aircalin\">Aircalin<\/option>\r\n          <option value=\"?o=Air+Canada\">Air Canada<\/option>\r\n          <option value=\"?o=Air+Cara%C3%AFbes\">Air Cara\u00efbes<\/option>\r\n          <option value=\"?o=Air+Changan\">Air Changan<\/option>\r\n          <option value=\"?o=Air+Chathams\">Air Chathams<\/option>\r\n          <option value=\"?o=Air+China\">Air China<\/option>\r\n          <option value=\"?o=Air+Congo\">Air Congo<\/option>\r\n          <option value=\"?o=Air+Corsica\">Air Corsica<\/option>\r\n          <option value=\"?o=Air+C%C3%B4te+d%27Ivoire\">Air C\u00f4te d'Ivoire<\/option>\r\n          <option value=\"?o=Air+Creebec\">Air Creebec<\/option>\r\n          <option value=\"?o=Air+Djibouti\">Air Djibouti<\/option>\r\n          <option value=\"?o=Air+Do\">Air Do<\/option>\r\n          <option value=\"?o=Air+Dolomiti\">Air Dolomiti<\/option>\r\n          <option value=\"?o=Air+Europa\">Air Europa<\/option>\r\n          <option value=\"?o=Air+France\">Air France<\/option>\r\n          <option value=\"?o=Air+Guilin\">Air Guilin<\/option>\r\n          <option value=\"?o=Air+India\">Air India<\/option>\r\n          <option value=\"?o=Air+Indus\">Air Indus<\/option>\r\n          <option value=\"?o=Air+Inuit\">Air Inuit<\/option>\r\n          <option value=\"?o=Air+KBZ\">Air KBZ<\/option>\r\n          <option value=\"?o=Airlink\">Airlink<\/option>\r\n          <option value=\"?o=Air+Macau\">Air Macau<\/option>\r\n          <option value=\"?o=Air+Mauritius\">Air Mauritius<\/option>\r\n          <option value=\"?o=Air+Moldova\">Air Moldova<\/option>\r\n          <option value=\"?o=Air+New+Zealand\">Air New Zealand<\/option>\r\n          <option value=\"?o=Air+Niugini\">Air Niugini<\/option>\r\n          <option value=\"?o=Air+Peace\">Air Peace<\/option>\r\n          <option value=\"?o=Air+Premia\">Air Premia<\/option>\r\n          <option value=\"?o=Air+Senegal\">Air Senegal<\/option>\r\n          <option value=\"?o=Air+Serbia\">Air Serbia<\/option>\r\n          <option value=\"?o=Air+Seychelles\">Air Seychelles<\/option>\r\n          <option value=\"?o=Air+Tahiti\">Air Tahiti<\/option>\r\n          <option value=\"?o=Air+Tahiti+Nui\">Air Tahiti Nui<\/option>\r\n          <option value=\"?o=Air+Tanzania\">Air Tanzania<\/option>\r\n          <option value=\"?o=Air+Thanlwin\">Air Thanlwin<\/option>\r\n          <option value=\"?o=Air+Timor\">Air Timor<\/option>\r\n          <option value=\"?o=Air+Transat\">Air Transat<\/option>\r\n          <option value=\"?o=Air+Zimbabwe\">Air Zimbabwe<\/option>\r\n          <option value=\"?o=Alaska+Airlines\">Alaska Airlines<\/option>\r\n          <option value=\"?o=Alaska+Seaplanes\">Alaska Seaplanes<\/option>\r\n          <option value=\"?o=Allegiant+Air\">Allegiant Air<\/option>\r\n          <option value=\"?o=All+Nippon+Airways\">All Nippon Airways<\/option>\r\n          <option value=\"?o=American+Airlines\">American Airlines<\/option>\r\n          <option value=\"?o=Ariana+Afghan+Airlines\">Ariana Afghan Airlines<\/option>\r\n          <option value=\"?o=Arik+Air\">Arik Air<\/option>\r\n          <option value=\"?o=Asiana+Airlines\">Asiana Airlines<\/option>\r\n          <option value=\"?o=Asian+Wings+Airlines\">Asian Wings Airlines<\/option>\r\n          <option value=\"?o=Asky+Airlines\">Asky Airlines<\/option>\r\n          <option value=\"?o=Astra+Airlines\">Astra Airlines<\/option>\r\n          <option value=\"?o=Atlantic+Airways\">Atlantic Airways<\/option>\r\n          <option value=\"?o=Aurigny\">Aurigny<\/option>\r\n          <option value=\"?o=Austrian+Airlines\">Austrian Airlines<\/option>\r\n          <option value=\"?o=Avianca\">Avianca<\/option>\r\n          <option value=\"?o=Avior+Airlines\">Avior Airlines<\/option>\r\n          <option value=\"?o=Azerbaijan+Airlines\">Azerbaijan Airlines<\/option>\r\n          <option value=\"?o=Azimuth+Airlines\">Azimuth Airlines<\/option>\r\n          <option value=\"?o=Azul\">Azul<\/option>\r\n          <option value=\"?o=Bahamasair\">Bahamasair<\/option>\r\n          <option value=\"?o=Bamboo+Airways\">Bamboo Airways<\/option>\r\n          <option value=\"?o=Bangkok+Airways\">Bangkok Airways<\/option>\r\n          <option value=\"?o=Batik+Air\">Batik Air<\/option>\r\n          <option value=\"?o=Bearskin+Airlines\">Bearskin Airlines<\/option>\r\n          <option value=\"?o=Belavia\">Belavia<\/option>\r\n          <option value=\"?o=Bering+Air\">Bering Air<\/option>\r\n          <option value=\"?o=Bhutan+Airlines\">Bhutan Airlines<\/option>\r\n          <option value=\"?o=Biman+Bangladesh+Airlines\">Biman Bangladesh Airlines<\/option>\r\n          <option value=\"?o=Binter\">Binter<\/option>\r\n          <option value=\"?o=Boutique+Air\">Boutique Air<\/option>\r\n          <option value=\"?o=Breeze+Airways\">Breeze Airways<\/option>\r\n          <option value=\"?o=Brindabella+Airlines\">Brindabella Airlines<\/option>\r\n          <option value=\"?o=British+Airways\">British Airways<\/option>\r\n          <option value=\"?o=Brussels+Airlines\">Brussels Airlines<\/option>\r\n          <option value=\"?o=Buddha+Air\">Buddha Air<\/option>\r\n          <option value=\"?o=Bulgaria+Air\">Bulgaria Air<\/option>\r\n          <option value=\"?o=CAA\">CAA<\/option>\r\n          <option value=\"?o=Calmair\">Calmair<\/option>\r\n          <option value=\"?o=Camair-Co\">Camair-Co<\/option>\r\n          <option value=\"?o=Canadian+North\">Canadian North<\/option>\r\n          <option value=\"?o=Cape+Air\">Cape Air<\/option>\r\n          <option value=\"?o=Capital+Airlines\">Capital Airlines<\/option>\r\n          <option value=\"?o=Caribbean+Airlines\">Caribbean Airlines<\/option>\r\n          <option value=\"?o=Cathay+Pacific\">Cathay Pacific<\/option>\r\n          <option value=\"?o=Cayman+Airways\">Cayman Airways<\/option>\r\n          <option value=\"?o=Cebu+Pacific+Air\">Cebu Pacific Air<\/option>\r\n          <option value=\"?o=CemAir\">CemAir<\/option>\r\n          <option value=\"?o=Chalair\">Chalair<\/option>\r\n          <option value=\"?o=Cham+Wings+Airlines\">Cham Wings Airlines<\/option>\r\n          <option value=\"?o=Chengdu+Airlines\">Chengdu Airlines<\/option>\r\n          <option value=\"?o=China+Airlines\">China Airlines<\/option>\r\n          <option value=\"?o=China+Eastern\">China Eastern<\/option>\r\n          <option value=\"?o=China+Southern\">China Southern<\/option>\r\n          <option value=\"?o=China+United+Airlines\">China United Airlines<\/option>\r\n          <option value=\"?o=Citilink\">Citilink<\/option>\r\n          <option value=\"?o=CM+Airlines\">CM Airlines<\/option>\r\n          <option value=\"?o=Condor\">Condor<\/option>\r\n          <option value=\"?o=Contour+Airlines\">Contour Airlines<\/option>\r\n          <option value=\"?o=Copa\">Copa<\/option>\r\n          <option value=\"?o=Corsair\">Corsair<\/option>\r\n          <option value=\"?o=Croatia+Airlines\">Croatia Airlines<\/option>\r\n          <option value=\"?o=Dana+Air\">Dana Air<\/option>\r\n          <option value=\"?o=Delta+Air+Lines\">Delta Air Lines<\/option>\r\n          <option value=\"?o=Discover+Airlines\">Discover Airlines<\/option>\r\n          <option value=\"?o=Donghai+Airlines\">Donghai Airlines<\/option>\r\n          <option value=\"?o=Drukair\">Drukair<\/option>\r\n          <option value=\"?o=EgyptAir\">EgyptAir<\/option>\r\n          <option value=\"?o=El+Al\">El Al<\/option>\r\n          <option value=\"?o=Emirates\">Emirates<\/option>\r\n          <option value=\"?o=Ethiopian+Airlines\">Ethiopian Airlines<\/option>\r\n          <option value=\"?o=Etihad+Airways\">Etihad Airways<\/option>\r\n          <option value=\"?o=Eurowings\">Eurowings<\/option>\r\n          <option value=\"?o=EVA+Air\">EVA Air<\/option>\r\n          <option value=\"?o=EWA+Air\">EWA Air<\/option>\r\n          <option value=\"?o=Fiji+Airways\">Fiji Airways<\/option>\r\n          <option value=\"?o=Finnair\">Finnair<\/option>\r\n          <option value=\"?o=Firefly\">Firefly<\/option>\r\n          <option value=\"?o=First+Air\">First Air<\/option>\r\n          <option value=\"?o=Flyadeal\">Flyadeal<\/option>\r\n          <option value=\"?o=Fly+Arna\">Fly Arna<\/option>\r\n          <option value=\"?o=flydubai\">flydubai<\/option>\r\n          <option value=\"?o=flynas\">flynas<\/option>\r\n          <option value=\"?o=Frontier\">Frontier<\/option>\r\n          <option value=\"?o=Fuzhou+Airlines\">Fuzhou Airlines<\/option>\r\n          <option value=\"?o=Garuda\">Garuda<\/option>\r\n          <option value=\"?o=Gol\">Gol<\/option>\r\n          <option value=\"?o=Grand+China+Air\">Grand China Air<\/option>\r\n          <option value=\"?o=Gulf+Air\">Gulf Air<\/option>\r\n          <option value=\"?o=GX+Airlines\">GX Airlines<\/option>\r\n          <option value=\"?o=Hainan+Airlines\">Hainan Airlines<\/option>\r\n          <option value=\"?o=Harbour+Air\">Harbour Air<\/option>\r\n          <option value=\"?o=Hawaiian+Airlines\">Hawaiian Airlines<\/option>\r\n          <option value=\"?o=Hebei+Airlines\">Hebei Airlines<\/option>\r\n          <option value=\"?o=Helijet\">Helijet<\/option>\r\n          <option value=\"?o=Hong+Kong+Airlines\">Hong Kong Airlines<\/option>\r\n          <option value=\"?o=HOP%21\">HOP!<\/option>\r\n          <option value=\"?o=Iberia\">Iberia<\/option>\r\n          <option value=\"?o=Ibom+Air\">Ibom Air<\/option>\r\n          <option value=\"?o=InterCaribbean+Airways\">InterCaribbean Airways<\/option>\r\n          <option value=\"?o=Icelandair\">Icelandair<\/option>\r\n          <option value=\"?o=IranAir\">IranAir<\/option>\r\n          <option value=\"?o=Iraqi+Airways\">Iraqi Airways<\/option>\r\n          <option value=\"?o=ITA+Airways\">ITA Airways<\/option>\r\n          <option value=\"?o=JAL+Express\">JAL Express<\/option>\r\n          <option value=\"?o=Jambojet\">Jambojet<\/option>\r\n          <option value=\"?o=Japan+Airlines\">Japan Airlines<\/option>\r\n          <option value=\"?o=Japan+TransOcean+Air\">Japan TransOcean Air<\/option>\r\n          <option value=\"?o=Jeju+Air\">Jeju Air<\/option>\r\n          <option value=\"?o=JetBlue\">JetBlue<\/option>\r\n          <option value=\"?o=JetSMART\">JetSMART<\/option>\r\n          <option value=\"?o=Jetstar\">Jetstar<\/option>\r\n          <option value=\"?o=Jetstar+Japan\">Jetstar Japan<\/option>\r\n          <option value=\"?o=Jiangxi+Airlines\">Jiangxi Airlines<\/option>\r\n          <option value=\"?o=Jin+Air\">Jin Air<\/option>\r\n          <option value=\"?o=JSX\">JSX<\/option>\r\n          <option value=\"?o=Juneyao+Airlines\">Juneyao Airlines<\/option>\r\n          <option value=\"?o=Kam+Air\">Kam Air<\/option>\r\n          <option value=\"?o=Kenmore+Air\">Kenmore Air<\/option>\r\n          <option value=\"?o=Kenya+Airways\">Kenya Airways<\/option>\r\n          <option value=\"?o=KLM\">KLM<\/option>\r\n          <option value=\"?o=KM+Malta+Airlines\">KM Malta Airlines<\/option>\r\n          <option value=\"?o=Korean+Air\">Korean Air<\/option>\r\n          <option value=\"?o=Kunming+Airlines\">Kunming Airlines<\/option>\r\n          <option value=\"?o=Kuwait+Airways\">Kuwait Airways<\/option>\r\n          <option value=\"?o=La+Compagnie\">La Compagnie<\/option>\r\n          <option value=\"?o=LAM\">LAM<\/option>\r\n          <option value=\"?o=Lao+Airlines\">Lao Airlines<\/option>\r\n          <option value=\"?o=Laser+Airlines\">Laser Airlines<\/option>\r\n          <option value=\"?o=LATAM\">LATAM<\/option>\r\n          <option value=\"?o=Level\">Level<\/option>\r\n          <option value=\"?o=Link+Airways\">Link Airways<\/option>\r\n          <option value=\"?o=Lion+Air\">Lion Air<\/option>\r\n          <option value=\"?o=Loganair\">Loganair<\/option>\r\n          <option value=\"?o=Loong+Air\">Loong Air<\/option>\r\n          <option value=\"?o=LOT\">LOT<\/option>\r\n          <option value=\"?o=Lucky+Air\">Lucky Air<\/option>\r\n          <option value=\"?o=Lufthansa\">Lufthansa<\/option>\r\n          <option value=\"?o=Luxair\">Luxair<\/option>\r\n          <option value=\"?o=Madagascar+Airlines\">Madagascar Airlines<\/option>\r\n          <option value=\"?o=Mahan+Air\">Mahan Air<\/option>\r\n          <option value=\"?o=Malaysia+Airlines\">Malaysia Airlines<\/option>\r\n          <option value=\"?o=Malawian+Airlines\">Malawian Airlines<\/option>\r\n          <option value=\"?o=Mandarin+Airlines\">Mandarin Airlines<\/option>\r\n          <option value=\"?o=Mann+Yadanarpon+Airlines\">Mann Yadanarpon Airlines<\/option>\r\n          <option value=\"?o=Mauritania+Airlines\">Mauritania Airlines<\/option>\r\n          <option value=\"?o=Med-View+Airline\">Med-View Airline<\/option>\r\n          <option value=\"?o=MEA\">MEA<\/option>\r\n          <option value=\"?o=MIAT\">MIAT<\/option>\r\n          <option value=\"?o=Mokulele+Airlines\">Mokulele Airlines<\/option>\r\n          <option value=\"?o=Myanmar+Airways\">Myanmar Airways<\/option>\r\n          <option value=\"?o=NAM+Air\">NAM Air<\/option>\r\n          <option value=\"?o=Nok+Air\">Nok Air<\/option>\r\n          <option value=\"?o=Nordwind+Airlines\">Nordwind Airlines<\/option>\r\n          <option value=\"?o=NordStar+Airlines\">NordStar Airlines<\/option>\r\n          <option value=\"?o=Northern+Executive+Aviation\">Northern Executive Aviation<\/option>\r\n          <option value=\"?o=Norwegian\">Norwegian<\/option>\r\n          <option value=\"?o=Nouvelair\">Nouvelair<\/option>\r\n          <option value=\"?o=Novoair\">Novoair<\/option>\r\n          <option value=\"?o=Okay+Airways\">Okay Airways<\/option>\r\n          <option value=\"?o=Olympic+Air\">Olympic Air<\/option>\r\n          <option value=\"?o=Oman+Air\">Oman Air<\/option>\r\n          <option value=\"?o=Pacific+Airlines\">Pacific Airlines<\/option>\r\n          <option value=\"?o=Pakistan+International+Airlines\">Pakistan International Airlines<\/option>\r\n          <option value=\"?o=PAL+Airlines\">PAL Airlines<\/option>\r\n          <option value=\"?o=Pegasfly\">Pegasfly<\/option>\r\n          <option value=\"?o=Pegasus+Airlines\">Pegasus Airlines<\/option>\r\n          <option value=\"?o=PenAir\">PenAir<\/option>\r\n          <option value=\"?o=Perimeter+Aviation\">Perimeter Aviation<\/option>\r\n          <option value=\"?o=Philippine+Airlines\">Philippine Airlines<\/option>\r\n          <option value=\"?o=Plus+Ultra\">Plus Ultra<\/option>\r\n          <option value=\"?o=Pobeda\">Pobeda<\/option>\r\n          <option value=\"?o=Porter+Airlines\">Porter Airlines<\/option>\r\n          <option value=\"?o=Precision+Air\">Precision Air<\/option>\r\n          <option value=\"?o=Qantas\">Qantas<\/option>\r\n          <option value=\"?o=Qatar+Airways\">Qatar Airways<\/option>\r\n          <option value=\"?o=Qazaq+Air\">Qazaq Air<\/option>\r\n          <option value=\"?o=Qingdao+Airlines\">Qingdao Airlines<\/option>\r\n          <option value=\"?o=Rex+Airlines\">Rex Airlines<\/option>\r\n          <option value=\"?o=Rossiya\">Rossiya<\/option>\r\n          <option value=\"?o=Royal+Air+Maroc\">Royal Air Maroc<\/option>\r\n          <option value=\"?o=Royal+Brunei+Airlines\">Royal Brunei Airlines<\/option>\r\n          <option value=\"?o=Royal+Jordanian\">Royal Jordanian<\/option>\r\n          <option value=\"?o=RwandAir\">RwandAir<\/option>\r\n          <option value=\"?o=Safarilink\">Safarilink<\/option>\r\n          <option value=\"?o=SAS\">SAS<\/option>\r\n          <option value=\"?o=SATA+Air+A%C3%A7ores\">SATA Air A\u00e7ores<\/option>\r\n          <option value=\"?o=SATA+International\">SATA International<\/option>\r\n          <option value=\"?o=Saudia\">Saudia<\/option>\r\n          <option value=\"?o=Scoot\">Scoot<\/option>\r\n          <option value=\"?o=Shandong+Airlines\">Shandong Airlines<\/option>\r\n          <option value=\"?o=Shanghai+Airlines\">Shanghai Airlines<\/option>\r\n          <option value=\"?o=Shenzhen+Airlines\">Shenzhen Airlines<\/option>\r\n          <option value=\"?o=Shree+Airlines\">Shree Airlines<\/option>\r\n          <option value=\"?o=Sichuan+Airlines\">Sichuan Airlines<\/option>\r\n          <option value=\"?o=Singapore+Airlines\">Singapore Airlines<\/option>\r\n          <option value=\"?o=SKY+Airline\">SKY Airline<\/option>\r\n          <option value=\"?o=Smartavia\">Smartavia<\/option>\r\n          <option value=\"?o=Solaseed+Air\">Solaseed Air<\/option>\r\n          <option value=\"?o=South+African+Airways\">South African Airways<\/option>\r\n          <option value=\"?o=Southern+Airways+Express\">Southern Airways Express<\/option>\r\n          <option value=\"?o=Southwest+Airlines\">Southwest Airlines<\/option>\r\n          <option value=\"?o=SpiceJet\">SpiceJet<\/option>\r\n          <option value=\"?o=Spirit+Airlines\">Spirit Airlines<\/option>\r\n          <option value=\"?o=Spring+Airlines\">Spring Airlines<\/option>\r\n          <option value=\"?o=SriLankan+Airlines\">SriLankan Airlines<\/option>\r\n          <option value=\"?o=Sriwijaya+Air\">Sriwijaya Air<\/option>\r\n          <option value=\"?o=Starlux+Airlines\">Starlux Airlines<\/option>\r\n          <option value=\"?o=Sun+Country+Airlines\">Sun Country Airlines<\/option>\r\n          <option value=\"?o=SunExpress\">SunExpress<\/option>\r\n          <option value=\"?o=Sunlight+Air\">Sunlight Air<\/option>\r\n          <option value=\"?o=Suparna+Airlines\">Suparna Airlines<\/option>\r\n          <option value=\"?o=Siurinam+Airways\">Siurinam Airways<\/option>\r\n          <option value=\"?o=Swiss\">Swiss<\/option>\r\n          <option value=\"?o=S7+Airlines\">S7 Airlines<\/option>\r\n          <option value=\"?o=TAAG\">TAAG<\/option>\r\n          <option value=\"?o=TAP+Air+Portugal\">TAP Air Portugal<\/option>\r\n          <option value=\"?o=Tarom\">Tarom<\/option>\r\n          <option value=\"?o=Thai+Airways\">Thai Airways<\/option>\r\n          <option value=\"?o=Tianjin+Airlines\">Tianjin Airlines<\/option>\r\n          <option value=\"?o=Tibet+Airlines\">Tibet Airlines<\/option>\r\n          <option value=\"?o=TICV\">TICV<\/option>\r\n          <option value=\"?o=Trans+Air+Congo\">Trans Air Congo<\/option>\r\n          <option value=\"?o=Transavia\">Transavia<\/option>\r\n          <option value=\"?o=Transavia+France\">Transavia France<\/option>\r\n          <option value=\"?o=TUI\">TUI<\/option>\r\n          <option value=\"?o=Tunisair\">Tunisair<\/option>\r\n          <option value=\"?o=Turkish+Airlines\">Turkish Airlines<\/option>\r\n          <option value=\"?o=Twin+Jet\">Twin Jet<\/option>\r\n          <option value=\"?o=Uganda+Airlines\">Uganda Airlines<\/option>\r\n          <option value=\"?o=Ukraine+International+Airlines\">Ukraine International Airlines<\/option>\r\n          <option value=\"?o=Uni+Air\">Uni Air<\/option>\r\n          <option value=\"?o=United+Airlines\">United Airlines<\/option>\r\n          <option value=\"?o=Ural+Airlines\">Ural Airlines<\/option>\r\n          <option value=\"?o=Urumqi+Air\">Urumqi Air<\/option>\r\n          <option value=\"?o=US-Bangla+Airlines\">US-Bangla Airlines<\/option>\r\n          <option value=\"?o=Utair\">Utair<\/option>\r\n          <option value=\"?o=Uzbekistan+Airways\">Uzbekistan Airways<\/option>\r\n          <option value=\"?o=ValueJet\">ValueJet<\/option>\r\n          <option value=\"?o=Vietjetair\">Vietjetair<\/option>\r\n          <option value=\"?o=Vietnam+Airlines\">Vietnam Airlines<\/option>\r\n          <option value=\"?o=Virgin+Atlantic\">Virgin Atlantic<\/option>\r\n          <option value=\"?o=Virgin+Australia\">Virgin Australia<\/option>\r\n          <option value=\"?o=Viva+Aerobus\">Viva Aerobus<\/option>\r\n          <option value=\"?o=Volaris\">Volaris<\/option>\r\n          <option value=\"?o=Vueling\">Vueling<\/option>\r\n          <option value=\"?o=WestJet\">WestJet<\/option>\r\n          <option value=\"?o=Wider%C3%B8e\">Wider\u00f8e<\/option>\r\n          <option value=\"?o=Winair\">Winair<\/option>\r\n          <option value=\"?o=Xiamen+Airlines\">Xiamen Airlines<\/option>\r\n          <option value=\"?o=Yakutia+Airlines\">Yakutia Airlines<\/option>\r\n          <option value=\"?o=Yemenia\">Yemenia<\/option>\r\n          <option value=\"?o=Yeti+Airlines\">Yeti Airlines<\/option>\r\n          <option value=\"?o=ZIPAIR\">ZIPAIR<\/option>\r\n      <\/select>\r\n  <input id=\"submit-ffp\" value=\"Vielfliegerprogramme anzeigen\" type=\"button\"  onclick=\"window.location.href=document.getElementById('airline').value\" \/>\r\n<\/form>\r\n\n","protected":false},"excerpt":{"rendered":"<p>Sch\u00f6n, dass Sie den Weg hierhin gefunden haben, wo eine Anwendung mit gro\u00dfem Informationswert auf Sie wartet. Dar\u00fcber hinaus ist sie in dieser Form weltweit absolut einzigartig und kostenlos. Sie w\u00e4hlen aus untenstehender Liste einfach eine Fluggesellschaft Ihrer Wahl aus und wir geben Ihnen eine vollst\u00e4ndige Auflistung derjenigen Vielfliegerprogramme an, die Ihnen mit der gew\u00e4hlten [&hellip;]<\/p>\n","protected":false},"author":7,"featured_media":0,"parent":639,"menu_order":0,"comment_status":"closed","ping_status":"closed","template":"","meta":{"_links_to":"","_links_to_target":""},"_links":{"self":[{"href":"https:\/\/www.globalflight.net\/german\/wp-json\/wp\/v2\/pages\/709"}],"collection":[{"href":"https:\/\/www.globalflight.net\/german\/wp-json\/wp\/v2\/pages"}],"about":[{"href":"https:\/\/www.globalflight.net\/german\/wp-json\/wp\/v2\/types\/page"}],"author":[{"embeddable":true,"href":"https:\/\/www.globalflight.net\/german\/wp-json\/wp\/v2\/users\/7"}],"replies":[{"embeddable":true,"href":"https:\/\/www.globalflight.net\/german\/wp-json\/wp\/v2\/comments?post=709"}],"version-history":[{"count":11,"href":"https:\/\/www.globalflight.net\/german\/wp-json\/wp\/v2\/pages\/709\/revisions"}],"predecessor-version":[{"id":2860,"href":"https:\/\/www.globalflight.net\/german\/wp-json\/wp\/v2\/pages\/709\/revisions\/2860"}],"up":[{"embeddable":true,"href":"https:\/\/www.globalflight.net\/german\/wp-json\/wp\/v2\/pages\/639"}],"wp:attachment":[{"href":"https:\/\/www.globalflight.net\/german\/wp-json\/wp\/v2\/media?parent=709"}],"curies":[{"name":"wp","href":"https:\/\/api.w.org\/{rel}","templated":true}]}}