{"id":713,"date":"2014-10-10T10:58:59","date_gmt":"2014-10-10T02:58:59","guid":{"rendered":"http:\/\/www.globalflight.net\/german\/?page_id=713"},"modified":"2024-01-14T06:24:51","modified_gmt":"2024-01-14T05:24:51","slug":"team","status":"publish","type":"page","link":"https:\/\/www.globalflight.net\/german\/about-us\/team\/","title":{"rendered":"Unser Team"},"content":{"rendered":"<p><strong>Unsere Kompetenz und Zuverl\u00e4ssigkeit sind nicht vom Himmel gefallen, sondern kommen von starken Personen an zentralen Stellen in unserem Team.<\/strong><\/p>\n<p><img loading=\"lazy\" class=\"alignleft size-full wp-image-871\" style=\"margin-right: 10px;\" src=\"https:\/\/www.globalflight.net\/wp-content\/uploads\/2022\/02\/1902.jpg\" alt=\"ravindra\" width=\"170\" height=\"170\" \/><\/p>\n<p><span style=\"color: #5c82cb; font-size: 18px;\">Ravindra Bhagwanani, Gesch\u00e4ftsf\u00fchrer<\/span><\/p>\n<p>In der Schweiz geboren und aufgewachsen, war seine Leidenschaft f\u00fcr die Zivilluftfahrt seit fr\u00fchester Zeit ein untrennbarer Bestandteil seiner Person. Sie zieht sich als roter Faden durch sein Leben. Er studierte Luft- und Raumfahrttechnik an der Technischen Universit\u00e4t Berlin, erg\u00e4nzt durch einen Master-Kurs in Luftfahrt an der Nationalen Schule f\u00fcr Zivilluftfahrt (ENAC &#8211; Ecole Nationale de l\u2019Aviation Civile) in Toulouse, Frankreich.<\/p>\n<p>Danach, wenn andere den sicheren Hafen eines gro\u00dfen Unternehmens suchen, gr\u00fcndete er 1996 im Alter von 26 Jahren seine eigene Firma GLOBAL FLIGHT management in der N\u00e4he von Frankfurt. Eine Reihe von Services f\u00fcr ein solches Thema wie Vielfliegerprogramme anzubieten, \u00fcber das zu jener Zeit niemand in Europa sprach, scheint unter Umst\u00e4nden risikobehaftet f\u00fcr Au\u00dfenstehende, aber f\u00fcr Ravindra war es einfach eine weitere seiner typischen Herausforderungen.<\/p>\n<p>Warum Vielfliegerprogramme? \u201eVom Start weg sah ich ein unausgesch\u00f6pftes Potenzial in diesem Gebiet. Und es ist interessant dass, obwohl die Zeiten und Programme sich entwickelt haben, das unausgesch\u00f6pftes Potenzial mit neuen aufkommenden M\u00f6glichkeiten jeden Tag gr\u00f6\u00dfer wird. Ich bin von dem Thema noch genauso fasziniert und eingenommen wie in meinen ersten Tagen im Sommer 1996!\u201d, erkl\u00e4rt er.<\/p>\n<p>Es ist auch das internationale Umfeld seiner Aktivit\u00e4t, das ihm liegt. Sein pers\u00f6nlicher Hintergrund und seine Sprachkenntnisse (English, fran\u00e7ais, espa\u00f1ol) lassen ihn schnell mit lokalen M\u00e4rkten vertraut werden. Aber trotz dieser globalen Ausrichtung hat er eine s\u00fc\u00dfe Gewohnheit seiner Schweizer Vergangenheit beibehalten. Bieten Sie ihm deswegen keine Schokolade an, es sei denn, Sie sind sicher, dass es sich um echte Schweizer Schokolade handelt. \u201eMit Schokolade verh\u00e4lt es sich wie mit Vielfliegerprogrammen: Man sollte sich nicht mit irgendwas anderem als der besten Wahl zufrieden geben!\u201d<\/p>\n<p>&nbsp;<\/p>\n<p><img loading=\"lazy\" class=\"alignleft size-full wp-image-873\" style=\"margin-right: 10px;\" src=\"http:\/\/www.globalflight.net\/wp-content\/uploads\/2019\/03\/1902-3.jpg\" alt=\"margarita\" width=\"170\" height=\"170\" \/><\/p>\n<p><span style=\"color: #5c82cb; font-size: 18px;\">Margarita Onanova, Direktorin Customer Success<\/span><\/p>\n<p>In Russland geboren und aufgewachsen, studierte sie Luftfahrt-Management an der Staatlichen Technischen Universit\u00e4t f\u00fcr Zivilluftfahrt in Moskau. Sie begann ihre profesionnelle Laufbahn bei Aeroflot &#8211; Russian Airlines, die w\u00e4hrend acht Jahren ihre Alma Mater wurde, w\u00e4hrend deren sie stets in Kundenbindungsthemen eingebunden war. Anschlie\u00dfend hatte sie die einmalige Gelegenheit, f\u00fcr eine russische Regionalgesellschaft als stellvertretende Programm-Managerin ein Vielfliegerprogramm zu starten. Zu ihrer Erfahrung z\u00e4hlt auch die Arbeit mit einem IT-Anbieter in der Form des dynamischen polnischen Unternehmens Comarch, was ihr erlaubte, eine weitere interessante Perspektive zu ihrer ganzheitlichen Sichtweise auf das Thema hinzuzuf\u00fcgen.<\/p>\n<p>Margarita, seit 2012 bei Global Flight f\u00fcr den Kundenerfolg verantwortlich, nutzt ihre Erfahrung von zwei Jahrzehnten in der Kundenbindungsindustrie um einen Mehrwert in allen Projekten zu kreieren, in denen sie involviert ist. \u201eVielfliegerprogramme, Kundenbindungsprogramme &#8211; das ist unsere Wirklichkeit. Ich stehe daf\u00fcr, sie besser zu machen!\u201d<\/p>\n<p>&nbsp;<\/p>\n<p><img loading=\"lazy\" class=\"alignleft wp-image-873\" style=\"margin-right: 10px;\" src=\"https:\/\/www.globalflight.net\/wp-content\/uploads\/2022\/08\/2208.jpg\" width=\"170\" height=\"178\" \/><\/p>\n<p><span style=\"color: #5c82cb; font-size: 18px;\">Anna Khomukha, Verkaufsdirektorin<\/span><\/p>\n<p>In der Ukraine aufgewachsen schloss sie 2013 ihre Studien an der Universit\u00e4t von Kyiv Slavonic mit einem Master in internationalen Beziehungen ab. Sie nahm auch an mehreren EU Ausbildungs- und Volunteer-Programmen in Polen teil, wodurch sie flie\u00dfend sowohl in Englisch wie auch Polnisch wurde.<\/p>\n<p>Anna begann ihre Berufskarriere als Business Development Manager bei TELS, einer internationalen Unternehmensgruppe im Logistik- und Transportbereich. Ihre Erfahrung mit internationalem Verkauf und der \u00dcberwachung von Gesch\u00e4ftsprojekten f\u00fcr die Europ\u00e4ische Union erweckten ihre Leidenschaft f\u00fcr den Logistik- und Reisemarkt. Sp\u00e4ter eignete sie sich als Leiterin der internationalen Abteilung eines anderen ukrainischen Unternehmens F\u00fchrungsqualit\u00e4ten an.<\/p>\n<p>Sie verlie\u00df die Ukraine im Februar 2022 und lie\u00df sich in Frankreich nieder, nicht nur mit dem Ziel, ihrer Familie eine sichere Zukunft zu erm\u00f6glichen, aber auch die Wichtigkeit der Reiseindustrie in ihrem neuen Heimatland in Betracht ziehend. Und angesichts ihres Willens, ihr eigenes Schicksal selber in die H\u00e4nde zu nehmen, dauerte es in der Tat nicht lange, bis sie sich auf einer beruflichen Ebene voll etablierte und startete, ein neues Kapitel in ihrem Leben zu schreiben.<\/p>\n<p>Anna kam zu Global Flight um ihre Leidenschaft f\u00fcr das Gebiet der internationalen Gesch\u00e4ftsentwicklungen fortzusetzen. Sie reist viel zu verschiedenen Destinationen rund um die Welt und besitzt ein gutes Verst\u00e4ndnis der generellen Herausforderungen in der Airline- und Reiseindustrie,einen wichtigen Teil in ihrer Rolle als Verkaufsdirektorin verk\u00f6rpert, um Kunden einen Mehrwert zu schaffen und zu der Entwicklung ihrer Kundenbindungsprogramme beizutragen.<\/p>\n<p>&#8222;Das Hauptziel meiner Arbeit war immer der Erfolg f\u00fcr das Gesch\u00e4ft meines Kunden. Das ist genau die Vision, die ich bei Global Flight gefunden habe und die jedes Team-Mitglied vorlebt. Ich arbeite ausschlie\u00dflich gem\u00e4\u00df einer Win-Win Strategie, weil mit Global Flight niemand das Risiko eingeht, zu verlieren! Es ist ein wahres Vergn\u00fcgen, sowohl unseren Consulting-Kunden wie auch den Konferenz-Sponsoren die besten L\u00f6sungen anbieten zu k\u00f6nnen, in der vollen \u00dcberzeugung eines fruchtbaren Resultats f\u00fcr unsere Kunden.&#8220;<\/p>\n<p>&nbsp;<\/p>\n<p><img loading=\"lazy\" class=\"alignleft wp-image-4681\" src=\"https:\/\/www.globalflight.net\/wp-content\/uploads\/2022\/12\/2211-scaled.jpg\" alt=\"1808\" width=\"170\" height=\"170\" \/><\/p>\n<p><span style=\"color: #5c82cb; font-size: 18px;\">Victoria Giglio, Event &amp; Marketing Manager<\/span><\/p>\n<p>Auf einer vom Tourismus lebenden Insel in der franz\u00f6sischen Karibik geboren und aufgewachsen, bewegte sich Victoria in einem stimulierenden multikulturellen Umfeld.<\/p>\n<p>So war es eine nat\u00fcrliche Entscheidung f\u00fcr sie, angewandte Fremdsprachen zu studieren, bevor sie sich mit einem Master in Digitaler Kommunikation &amp; Veranstaltungs-Management spezialisierte.<\/p>\n<p>Eine Genie\u00dferin des Lebens und der Kundenzufriedenheit absolut verbunden verbesserte sie ihre Kenntnisse im Bereich des Event-, Kundenbeziehungs- und Community-Managements in einer Hospitality-Gruppe in der Gegend von Toulouse.<\/p>\n<p>Von ihrem Appetit f\u00fcr Herausforderungen und Reisen getrieben startete sie ihre Arbeit mit Global Flight in 2022 um die j\u00e4hrliche Loyalty &amp; Awards-Konferenz zu organisieren. &#8222;Vielf\u00e4ltigkeit ist wichtig f\u00fcr mich. Zwischen dem operativen Management, der Kommunikation und Marketing wird mir sicher nicht langweilig. Ich bin gl\u00fccklich, Teil der Organisation einer solchen Veranstaltung sein zu d\u00fcrfen, wo die zwischenmenschlichen Interaktionen und Beziehungen Schl\u00fcsselelemente sind.&#8220;<\/p>\n","protected":false},"excerpt":{"rendered":"<p>Unsere Kompetenz und Zuverl\u00e4ssigkeit sind nicht vom Himmel gefallen, sondern kommen von starken Personen an zentralen Stellen in unserem Team. Ravindra Bhagwanani, Gesch\u00e4ftsf\u00fchrer In der Schweiz geboren und aufgewachsen, war seine Leidenschaft f\u00fcr die Zivilluftfahrt seit fr\u00fchester Zeit ein untrennbarer Bestandteil seiner Person. Sie zieht sich als roter Faden durch sein Leben. Er studierte Luft- [&hellip;]<\/p>\n","protected":false},"author":7,"featured_media":0,"parent":736,"menu_order":0,"comment_status":"closed","ping_status":"closed","template":"","meta":{"_links_to":"","_links_to_target":""},"_links":{"self":[{"href":"https:\/\/www.globalflight.net\/german\/wp-json\/wp\/v2\/pages\/713"}],"collection":[{"href":"https:\/\/www.globalflight.net\/german\/wp-json\/wp\/v2\/pages"}],"about":[{"href":"https:\/\/www.globalflight.net\/german\/wp-json\/wp\/v2\/types\/page"}],"author":[{"embeddable":true,"href":"https:\/\/www.globalflight.net\/german\/wp-json\/wp\/v2\/users\/7"}],"replies":[{"embeddable":true,"href":"https:\/\/www.globalflight.net\/german\/wp-json\/wp\/v2\/comments?post=713"}],"version-history":[{"count":49,"href":"https:\/\/www.globalflight.net\/german\/wp-json\/wp\/v2\/pages\/713\/revisions"}],"predecessor-version":[{"id":6092,"href":"https:\/\/www.globalflight.net\/german\/wp-json\/wp\/v2\/pages\/713\/revisions\/6092"}],"up":[{"embeddable":true,"href":"https:\/\/www.globalflight.net\/german\/wp-json\/wp\/v2\/pages\/736"}],"wp:attachment":[{"href":"https:\/\/www.globalflight.net\/german\/wp-json\/wp\/v2\/media?parent=713"}],"curies":[{"name":"wp","href":"https:\/\/api.w.org\/{rel}","templated":true}]}}