{"id":733,"date":"2014-10-10T11:10:55","date_gmt":"2014-10-10T03:10:55","guid":{"rendered":"http:\/\/www.globalflight.net\/german\/?page_id=733"},"modified":"2021-09-28T13:52:33","modified_gmt":"2021-09-28T12:52:33","slug":"overview","status":"publish","type":"page","link":"https:\/\/www.globalflight.net\/german\/informationen\/overview\/","title":{"rendered":"Kundenbindungsprogramme"},"content":{"rendered":"<p><strong>Jeder spricht \u00fcber Vielfliegerprogramme (englisch: Frequent Flyer Programs &#8211; FFP) &#8211; aber es gibt einige Dinge, die selbst erfahrene Nutzer nicht unbedingt wissen. Deswegen m\u00f6chten wir Sie hier gerne mit einigen Highlights dieses spannenden Bereiches vertraut machen &#8211; und vielleicht finden Sie auch die eine oder andere interessante Information, die Sie bereits woanders vergeblich gesucht haben!<\/strong><\/p>\n<p>Es gibt auf der Welt \u00fcber <a href=\"https:\/\/www.globalflight.net\/german\/frequent-flyerloyalty-programs\/listing-ffps\/\">220 Programme<\/a>. Eine Zahl, die st\u00e4ndig weiter ansteigt. Die Mehrzahl von ihnen wird von Fluggesellschaften angeboten, aber Hotelketten, Mietwagengesellschaften, Flughafenbetreiber und Eisenbahngesellschaften z\u00e4hlen ebenfalls zu den Programmanbietern. So nennt man einige Programme auch Bonusprogramme oder Vielreisendeprogramme. Die Programme sind zu einem der wichtigsten Marketinginstrumente in der Industrie \u00fcberhaupt geworden.<\/p>\n<p>Die Programme sind jedoch h\u00f6chst unterschiedlich, da es keinen vollst\u00e4ndigen \u00f6ffentlichen Zugang zu ihnen, vergleichbar beispielsweise mit jenem durch die Computerreservierungssysteme f\u00fcr die Flugpreise, gibt. Deswegen ist unsere Datensammlung einzigartig und bietet allen betroffenen Parteien,\u00a0<a title=\"Airlines\/Program Operators\" href=\"https:\/\/www.globalflight.net\/german\/services\/airlines-program-operators\/\">Programmanbietern<\/a>\u00a0und -mitgliedern, wertvolle Nutzungsm\u00f6glichkeiten.<\/p>\n<p>Der Grundmechanismus ist f\u00fcr alle Programme vergleichbar: Mitglieder m\u00fcssen sich im Programm anmelden, was meistens kostenlos m\u00f6glich ist, und erhalten dann jedesmal, wenn sie fliegen oder die Services der angeschlossenen Partner nutzen, Punkte (wobei Meilen die Standardeinheit sind). Sobald eine bestimmt Anzahl Punkte erreicht ist, k\u00f6nnen sie gegen eine Pr\u00e4mie eingel\u00f6st werden. Pr\u00e4mien gibt es f\u00fcr freie Flugreisen, mit manchen Programmen auch f\u00fcr freie Hotelaufenthalte oder Mietwagenanmieten oder sogar f\u00fcr eine Reihe von Freizeitaktivit\u00e4ten.<\/p>\n<p>Einige Programme operieren ohne andere Partner. Dies bedeutet, dass Punkte nur gesammelt werden k\u00f6nnen, wenn man mit dieser spezifischen Fluggesellschaft fliegt.<br \/>\nAndere Programme beinhalten hingegen eine gro\u00dfe Anzahl an Partnern wie angeschlossene Fluggesellschaften, Hotels, Mietwagen, Kreditkarten, Telefongesellschaften und andere Unternehmen, die nicht mehr direkt dem Reisesektor verbunden sind (z.B. Hypotheken, Zeitschriften, Blumenbestellservices, Einzelhandelsunternehmen, etc.). Viele Ihrer t\u00e4glichen Aktivit\u00e4ten k\u00f6nnen also in wertvolle Meilen verwandelt werden!<\/p>\n<p><img loading=\"lazy\" class=\"alignnone size-full wp-image-1768\" src=\"https:\/\/www.globalflight.net\/german\/wp-content\/uploads\/2014\/10\/ap.jpg\" alt=\"ap\" width=\"666\" height=\"250\" srcset=\"https:\/\/www.globalflight.net\/german\/wp-content\/uploads\/2014\/10\/ap.jpg 666w, https:\/\/www.globalflight.net\/german\/wp-content\/uploads\/2014\/10\/ap-150x56.jpg 150w\" sizes=\"(max-width: 666px) 100vw, 666px\" \/><\/p>\n<p>Und hier f\u00e4ngt die eigentliche Schwierigkeit an:\u00a0<strong>Welche Programme soll man w\u00e4hlen???<\/strong><\/p>\n<p>Alle namhaften Fluggesellschaften nehmen gleichzeitig an mehreren Programmen teil. Als Reisender k\u00f6nnen Sie w\u00e4hlen, in welchem Programm Ihre Punkte gutgeschrieben werden sollen. Derzeit nehmen die gleichen Fluggesellschaften an bis zu 30 verschiedenen Programmen teil, w\u00e4hrend die entsprechende Zahl f\u00fcr Hotelketten oder Mietwagengesellschaften noch deutlich h\u00f6her ist.<\/p>\n<p>Und die Unterschiede zwischen den Programmen sind gewaltig. Jene kann man eindr\u00fccklich erkennen, wenn man die Pr\u00e4mienlevels vergleicht. Beispiel: f\u00fcr einen Freiflug innerhalb Europas in der Economy Class sind je nach Programm zwischen 5.500 und 111.000 Meilen erforderlich. Dar\u00fcber hinaus m\u00fcssen jedoch gleichzeitig auch viele andere Aspekte wie die Programmbedingungen oder die Vorteile der Eliteprogramme in Betracht gezogen werden.<\/p>\n<p>So kann es also durchaus angebracht sein, z.B. mit KLM zu fliegen, sich seine Punkte jedoch nicht im Programm von KLM, sondern z.B. in jenem von Alaska Airlines gutschreiben zu lassen. Welche Wahl die beste ist, h\u00e4ngt ausschlie\u00dflich von Ihrem pers\u00f6nlichen Reiseprofil ab.<\/p>\n<p>Diese Aufgabe ist f\u00fcr den einzelnen Reisenden kaum zu erf\u00fcllen, da keines der \u00fcber 220 Programme von vornherein als m\u00f6glicherweise beste Wahl ausgeschlossen werden kann.<\/p>\n<p>Um diesen besonderen Umst\u00e4nden Rechnung zu tragen, verfolgen wir sowohl bei unserem <a title=\"Private Customers\" href=\"https:\/\/www.globalflight.net\/german\/services\/private-customers\/\">Service f\u00fcr Privatpersonen<\/a>\u00a0wie auch bei jenem f\u00fcr\u00a0<a title=\"Corporations\" href=\"https:\/\/www.globalflight.net\/german\/services\/corporations\/\">Unternehmen<\/a>\u00a0einen absolut individuellen Ansatz. Wir helfen Ihnen, diese \u00fcberzeugenden M\u00f6glichkeiten bestm\u00f6glich auszunutzen.<\/p>\n<p>Und wenn Sie sich informieren m\u00f6chten, an welchen Programmen die von Ihnen genutzten Gesellschaften derzeit teilnehmen, schauen Sie doch einfach auf unserer weltweit einzigartigen Rubrik <a title=\"Who with whom?\" href=\"https:\/\/www.globalflight.net\/german\/frequent-flyerloyalty-programs\/who-with-whom\/\">&#8222;Wer mit wem?&#8220;<\/a> vorbei.<\/p>\n<p>F\u00fcr eine Auflistung aller Vielflieger- und Loyalty-Programme, die in unserem Service integriert sind, inklusive einer direkten Verbindung auf die entsprechenden Internetseiten f\u00fcr die meisten Programme\u00a0<a title=\"Listing FFPs\" href=\"https:\/\/www.globalflight.net\/german\/frequent-flyerloyalty-programs\/listing-ffps\/\">klicken Sie bitte hier.<\/a><\/p>\n","protected":false},"excerpt":{"rendered":"<p>Jeder spricht \u00fcber Vielfliegerprogramme (englisch: Frequent Flyer Programs &#8211; FFP) &#8211; aber es gibt einige Dinge, die selbst erfahrene Nutzer nicht unbedingt wissen. Deswegen m\u00f6chten wir Sie hier gerne mit einigen Highlights dieses spannenden Bereiches vertraut machen &#8211; und vielleicht finden Sie auch die eine oder andere interessante Information, die Sie bereits woanders vergeblich gesucht [&hellip;]<\/p>\n","protected":false},"author":7,"featured_media":0,"parent":639,"menu_order":0,"comment_status":"closed","ping_status":"closed","template":"","meta":{"_links_to":"","_links_to_target":""},"_links":{"self":[{"href":"https:\/\/www.globalflight.net\/german\/wp-json\/wp\/v2\/pages\/733"}],"collection":[{"href":"https:\/\/www.globalflight.net\/german\/wp-json\/wp\/v2\/pages"}],"about":[{"href":"https:\/\/www.globalflight.net\/german\/wp-json\/wp\/v2\/types\/page"}],"author":[{"embeddable":true,"href":"https:\/\/www.globalflight.net\/german\/wp-json\/wp\/v2\/users\/7"}],"replies":[{"embeddable":true,"href":"https:\/\/www.globalflight.net\/german\/wp-json\/wp\/v2\/comments?post=733"}],"version-history":[{"count":33,"href":"https:\/\/www.globalflight.net\/german\/wp-json\/wp\/v2\/pages\/733\/revisions"}],"predecessor-version":[{"id":5425,"href":"https:\/\/www.globalflight.net\/german\/wp-json\/wp\/v2\/pages\/733\/revisions\/5425"}],"up":[{"embeddable":true,"href":"https:\/\/www.globalflight.net\/german\/wp-json\/wp\/v2\/pages\/639"}],"wp:attachment":[{"href":"https:\/\/www.globalflight.net\/german\/wp-json\/wp\/v2\/media?parent=733"}],"curies":[{"name":"wp","href":"https:\/\/api.w.org\/{rel}","templated":true}]}}