{"id":744,"date":"2014-10-10T11:19:23","date_gmt":"2014-10-10T03:19:23","guid":{"rendered":"http:\/\/www.globalflight.net\/german\/?page_id=744"},"modified":"2025-01-21T10:17:14","modified_gmt":"2025-01-21T09:17:14","slug":"partners","status":"publish","type":"page","link":"https:\/\/www.globalflight.net\/german\/about-us\/partners\/","title":{"rendered":"Partner"},"content":{"rendered":"<p><a href=\"http:\/\/www.scheduleconsult.com\/sc\/index.html\" target=\"_blank\" rel=\"noopener\"><img loading=\"lazy\" class=\"alignleft size-medium wp-image-887\" style=\"margin-right: 10px;\" src=\"https:\/\/www.globalflight.net\/german\/wp-content\/uploads\/2014\/10\/schedule-300x45.jpg\" alt=\"schedule\" width=\"295\" height=\"45\" srcset=\"https:\/\/www.globalflight.net\/german\/wp-content\/uploads\/2014\/10\/schedule-300x45.jpg 300w, https:\/\/www.globalflight.net\/german\/wp-content\/uploads\/2014\/10\/schedule.jpg 662w\" sizes=\"(max-width: 295px) 100vw, 295px\" \/><\/a>Schedule Consult ist ein Nischen-Spezialist im Bereich der Optimierung von Netzwerken von Fluggesellschaften. Sie bieten eine unabh\u00e4ngige Expertise im Bereich der Flugplanoptimierung, Revenue Management und p\u00fcnktlichen Flugoperationen an. Im Aufbau befindliche Fluggesellschaften k\u00f6nnen von einer praxisorientierten Unterst\u00fctzung in einer Reihe von kritischen kommerziellen Bereichen profitieren. F\u00fcr die klarste Profitabilit\u00e4tsanalyse, eine bessere Kontrolle der P\u00fcnktlichkeit oder einen Gesch\u00e4ftsplan mit erfrischenden neuen Ideen ist unser Partner Schedule Consult Ihre zuverl\u00e4ssige Adresse.<\/p>\n","protected":false},"excerpt":{"rendered":"<p>Schedule Consult ist ein Nischen-Spezialist im Bereich der Optimierung von Netzwerken von Fluggesellschaften. Sie bieten eine unabh\u00e4ngige Expertise im Bereich der Flugplanoptimierung, Revenue Management und p\u00fcnktlichen Flugoperationen an. Im Aufbau befindliche Fluggesellschaften k\u00f6nnen von einer praxisorientierten Unterst\u00fctzung in einer Reihe von kritischen kommerziellen Bereichen profitieren. F\u00fcr die klarste Profitabilit\u00e4tsanalyse, eine bessere Kontrolle der P\u00fcnktlichkeit oder [&hellip;]<\/p>\n","protected":false},"author":7,"featured_media":0,"parent":736,"menu_order":0,"comment_status":"closed","ping_status":"closed","template":"","meta":{"_links_to":"","_links_to_target":""},"_links":{"self":[{"href":"https:\/\/www.globalflight.net\/german\/wp-json\/wp\/v2\/pages\/744"}],"collection":[{"href":"https:\/\/www.globalflight.net\/german\/wp-json\/wp\/v2\/pages"}],"about":[{"href":"https:\/\/www.globalflight.net\/german\/wp-json\/wp\/v2\/types\/page"}],"author":[{"embeddable":true,"href":"https:\/\/www.globalflight.net\/german\/wp-json\/wp\/v2\/users\/7"}],"replies":[{"embeddable":true,"href":"https:\/\/www.globalflight.net\/german\/wp-json\/wp\/v2\/comments?post=744"}],"version-history":[{"count":35,"href":"https:\/\/www.globalflight.net\/german\/wp-json\/wp\/v2\/pages\/744\/revisions"}],"predecessor-version":[{"id":6371,"href":"https:\/\/www.globalflight.net\/german\/wp-json\/wp\/v2\/pages\/744\/revisions\/6371"}],"up":[{"embeddable":true,"href":"https:\/\/www.globalflight.net\/german\/wp-json\/wp\/v2\/pages\/736"}],"wp:attachment":[{"href":"https:\/\/www.globalflight.net\/german\/wp-json\/wp\/v2\/media?parent=744"}],"curies":[{"name":"wp","href":"https:\/\/api.w.org\/{rel}","templated":true}]}}