{"id":816,"date":"2014-10-13T10:45:13","date_gmt":"2014-10-13T02:45:13","guid":{"rendered":"http:\/\/www.globalflight.net\/german\/?page_id=816"},"modified":"2021-09-28T14:01:46","modified_gmt":"2021-09-28T13:01:46","slug":"overview-corporations","status":"publish","type":"page","link":"https:\/\/www.globalflight.net\/german\/services\/corporations\/overview-corporations\/","title":{"rendered":"Einf\u00fchrung"},"content":{"rendered":"<p><iframe loading=\"lazy\" src=\"https:\/\/www.youtube.com\/embed\/UEU6KUmqVZo?ecver=1\" width=\"560\" height=\"315\" frameborder=\"0\" allowfullscreen=\"allowfullscreen\"><\/iframe><br \/>\n<strong>Sehr geehrter Travel Manager,<\/strong><\/p>\n<p>Die Zeiten, als Sie sich \u00fcber Vielfliegerprogramme \u00e4rgern mussten, sind vorbei: Wir haben die L\u00f6sung f\u00fcr Sie.<\/p>\n<p>Vielfliegerprogramme auf Firmenebene zu nutzen erlaubt Ihnen, rund 10% Ihres Flugbudgets einzusparen. Diese Ersparnisse sind nur ein paar Schritte entfernt und wir freuen uns, Sie dorthin zu bringen.<\/p>\n<p>Basierend auf der Analyse aller mehr als <a href=\"https:\/\/www.globalflight.net\/german\/frequent-flyerloyalty-programs\/listing-ffps\/\">220 Vielfliegerprogramme<\/a> weltweit zeigen wir Unternehmen, wie sie die Programme optimal in ihrem Interesse nutzen k\u00f6nnen.<\/p>\n<p>Je nach Firmenphilosophie k\u00f6nnen die Pr\u00e4mien dieser Programme auf zwei unterschiedliche Arten genutzt werden:<br \/>\n-zu Gunsten des Unternehmens zur Reduzierung der Reisekosten<br \/>\n-zu Gunsten des Reisenden zu dessen eigenem Vorteil<\/p>\n<p>In zweitem Falle sollte das Unternehmen sicherstellen, dass diese private Nutzung nicht seine Einkaufspolitik unterl\u00e4uft. Oft entsteht ein Konflikt, wenn sich die beiden Seiten nicht auf die Wahl der Leistungstr\u00e4ger verst\u00e4ndigen k\u00f6nnen.<\/p>\n<p><strong>Unser Ansatz deckt beide F\u00e4lle ab.<\/strong> Wir sind in der Lage, unseren Service gem\u00e4\u00df Ihrem individuellen Travel Management Umfeld zu strukturieren.<\/p>\n<p><strong>Nutzung der Pr\u00e4mien f\u00fcr Dienstreisen<\/strong><\/p>\n<p>Obwohl die meisten Programme auf einer individuellen Basis operieren, l\u00e4sst sich das Potenzial mit dem richtigen Ansatz gezielt nutzen, falls Ihre Reiserichtlinien diese dienstliche Nutzung vorsehen. Rechtlich stehen Sie mit einem solchen Vorhaben auf der absolut sicheren Seite. Die Auswahl der zu nutzenden Programme sowie die richtige Vorgehensweise bleiben jedoch schwierige Aufgaben.<\/p>\n<p>Die gleichen Fluggesellschaften nehmen an bis zu 30 verschiedenen Programmen teil, wobei die Unterschiede zwischen jenen oft gewaltig sind. Welches Programm schlussendlich das beste sein wird, h\u00e4ngt im Wesentlichen von dem spezifischen Reiseprofil ab und variiert in Abh\u00e4ngigkeit diverser Kriterien. So erlauben beispielsweise viele Programme die freie \u00dcbertragbarkeit der Pr\u00e4mien, was die dienstliche Nutzung erheblich vereinfacht. Deswegen kann es durchaus angebracht sein (und kommt in der Realit\u00e4t st\u00e4ndig vor!), mit einer Fluggesellschaft zu fliegen, z.B. mit Lufthansa, sich seine Meilen jedoch in einem anderen als dem von Lufthansa selber angebotenen Programm, z.B. in jenem der SAS, gutschreiben zu lassen.<\/p>\n<p>Vor diesem Hintergrund ist es absolut unausweichlich, die besten M\u00f6glichkeiten anhand einer strikten <strong>Einzelfallstudie <\/strong> zu analysieren. Nur so kann das spezifische Umfeld jedes Unternehmens, wie Rahmenabkommen mit Anbietern, vollumf\u00e4nglich ber\u00fccksichtigt werden. Selbstverst\u00e4ndlich begleiten wir Sie auch bei praktischen Implementierungsaspekten &#8211; von den Richtlinien bis zur optimalen Prozessgestaltung unter Einbindung des Rieseb\u00fcropartners. Bei der operativen Abwicklung kommt unsere Verwaltungs-Software, der <a title=\"FFP Manager\" href=\"https:\/\/www.globalflight.net\/german\/services\/corporations\/ffp-manager\/\">FFP Manager<\/a>\u00a0zum Tragen.<\/p>\n<p>Unsere fundierte Vorgehensweise erlaubt es Unternehmen jeder Gr\u00f6\u00dfenordnung, ihre <strong>Flugkosten um rund 10% f\u00fcr Kurzstrecken- und sogar zwischen 15% und 35% f\u00fcr Langstreckenfl\u00fcge zu senken<\/strong> indem alle Pr\u00e4mien systematisiert genutzt werden.<br \/>\nUnd das Beste dabei: <strong>Diese Ersparnisse addieren sich zu allen anderen Ersparnissen<\/strong> die Sie als Unternehmen durch Firmenabkommen, reduzierte Flugpreise oder <a title=\"Listing CLPs for SMEs\" href=\"https:\/\/www.globalflight.net\/german\/frequent-flyerloyalty-programs\/listing-clps-for-smes\/\">KMU-Kundenbindungsprogramme<\/a> erhalten k\u00f6nnen!<\/p>\n<p>Bitte klicken Sie <a title=\"Project Procedures\" href=\"https:\/\/www.globalflight.net\/german\/services\/corporations\/project-procedures\/\">hier<\/a>, um sich eine Vorstellung zu machen, wie ein Projekt typischerweise abl\u00e4uft &#8211; nat\u00fcrlich vollumf\u00e4nglich an Ihre besonderen Bed\u00fcrfnisse anpassbar.<\/p>\n<p><img loading=\"lazy\" class=\"alignnone\" src=\"https:\/\/www.globalflight.net\/german\/wp-content\/uploads\/2014\/10\/rates.jpg\" alt=\"rates\" width=\"666\" height=\"250\" \/><\/p>\n<p><strong>Private Nutzung der Pr\u00e4mien<\/strong><\/p>\n<p>Viele Unternehmen glauben, dass sie sich nicht mit dem Thema der Vielfliegerprogramme auseinanderzusetzen brauchen, solange sie die Pr\u00e4mien den Reisenden \u00fcberlassen. Diese Ansicht ist &#8211; um es vorsichtig auszudr\u00fccken &#8211; h\u00f6chst gef\u00e4hrlich.<\/p>\n<p>Die Ziele des Unternehmens und des einzelnen Reisenden sind oft <strong> gegens\u00e4tzlich<\/strong>: Das Unternehmen w\u00e4hlt nach verschiedenen \u00dcberlegungen seine Preferred Suppliers aus, w\u00e4hrend der Reisende versucht seine Meilen in einem einzigen Konto zu konzentrieren. Jenes ist \u00fcblicherweise das Programm seines Home Carriers.<\/p>\n<p>Die L\u00f6sung dieses Konfliktes wird durch unseren Service jedoch zum Kinderspiel: Wir zeigen jedem einzelnen Reisenden individuell auf, <strong>mit welchen aller mehr als 220 Programme er seine gew\u00fcnschten Pr\u00e4mien so schnell wie m\u00f6glich erreicht<\/strong>, indem er konsequent Ihre bevorzugten Anbieter nutzt.<\/p>\n<p>Auch hier ist die Auswahl der richtigen Programme keine offensichtliche Aufgabe, da die wichtigsten Fluggesellschaften an bis zu 30 verschiedenen Programmen gleichzeitig teilnehmen. F\u00fcr den einzelnen Reisenden ist es deswegen praktisch unm\u00f6glich, die f\u00fcr ihn besten L\u00f6sungen zu kennen. Wir finden sie durch unsere Analyse f\u00fcr ihn heraus.<\/p>\n<p>Ein <a title=\"Order Form\" href=\"https:\/\/www.globalflight.net\/german\/order-form\/\">individueller Fragebogen <\/a> liefert uns die erforderlichen Daten \u00fcber die Reisenden, die wir zur Entwicklung seiner pers\u00f6nlichen Vielfliegerstrategie ben\u00f6tigen. Wir stellen dabei sicher, dass <strong>unsere Strategien nur die bevorzugten Anbieter des Unternehmens beinhalten.<\/strong>.<\/p>\n<p>Als Resultat sind beide Seiten gl\u00fccklich:<\/p>\n<ul>\n<li style=\"list-style-type: none;\">\n<ul>\n<li>Der Reisende erreicht seine Pr\u00e4mien im Durchschnitt mindestens doppelt so schnell wie mit seinen Standardprogrammen, sofern er sich an unsere Empfehlungen h\u00e4lt &#8211; was bisher alle unsere Kunden weltweit getan haben!<\/li>\n<li>Das Unternehmen kann ohne Einschr\u00e4nkungen die aus seiner Einkaufspolitik resultierenden Ersparnisse realisieren.<\/li>\n<\/ul>\n<\/li>\n<\/ul>\n<p>Falls dieser individuelle Service von einer gr\u00f6\u00dferen Gruppe Reisender in Ihrem Unternehmen in Anspruch genommen wird, k\u00f6nnen wir Ihnen einen <strong>reduzierten Mitarbeitergruppentarif<\/strong>, anbieten, der unterhalb unseres Standardpreises f\u00fcr Privatkunden liegt. <a title=\"Contact Us\" href=\"https:\/\/www.globalflight.net\/german\/contact-us-form\/\">Bitte setzen Sie sich f\u00fcr Einzelheiten mit uns in Verbindung.<\/a><\/p>\n<p><strong>Weitere Informationen<\/strong><\/p>\n<p>Gerne geben wir Ihnen n\u00e4here Informationen, die auf Ihre spezifischen Bed\u00fcrfnisse zugeschnitten sind. Bitte kontaktieren Sie uns, indem Sie das <a title=\"Contact Us\" href=\"https:\/\/www.globalflight.net\/german\/contact-us-form\/\">Antwortformular<\/a> nutzen.<\/p>\n","protected":false},"excerpt":{"rendered":"<p>Sehr geehrter Travel Manager, Die Zeiten, als Sie sich \u00fcber Vielfliegerprogramme \u00e4rgern mussten, sind vorbei: Wir haben die L\u00f6sung f\u00fcr Sie. Vielfliegerprogramme auf Firmenebene zu nutzen erlaubt Ihnen, rund 10% Ihres Flugbudgets einzusparen. Diese Ersparnisse sind nur ein paar Schritte entfernt und wir freuen uns, Sie dorthin zu bringen. Basierend auf der Analyse aller mehr [&hellip;]<\/p>\n","protected":false},"author":7,"featured_media":0,"parent":696,"menu_order":0,"comment_status":"closed","ping_status":"closed","template":"","meta":{"_links_to":"","_links_to_target":""},"_links":{"self":[{"href":"https:\/\/www.globalflight.net\/german\/wp-json\/wp\/v2\/pages\/816"}],"collection":[{"href":"https:\/\/www.globalflight.net\/german\/wp-json\/wp\/v2\/pages"}],"about":[{"href":"https:\/\/www.globalflight.net\/german\/wp-json\/wp\/v2\/types\/page"}],"author":[{"embeddable":true,"href":"https:\/\/www.globalflight.net\/german\/wp-json\/wp\/v2\/users\/7"}],"replies":[{"embeddable":true,"href":"https:\/\/www.globalflight.net\/german\/wp-json\/wp\/v2\/comments?post=816"}],"version-history":[{"count":32,"href":"https:\/\/www.globalflight.net\/german\/wp-json\/wp\/v2\/pages\/816\/revisions"}],"predecessor-version":[{"id":5439,"href":"https:\/\/www.globalflight.net\/german\/wp-json\/wp\/v2\/pages\/816\/revisions\/5439"}],"up":[{"embeddable":true,"href":"https:\/\/www.globalflight.net\/german\/wp-json\/wp\/v2\/pages\/696"}],"wp:attachment":[{"href":"https:\/\/www.globalflight.net\/german\/wp-json\/wp\/v2\/media?parent=816"}],"curies":[{"name":"wp","href":"https:\/\/api.w.org\/{rel}","templated":true}]}}