{"id":836,"date":"2014-10-13T11:19:31","date_gmt":"2014-10-13T03:19:31","guid":{"rendered":"http:\/\/www.globalflight.net\/german\/?page_id=836"},"modified":"2016-04-08T12:35:19","modified_gmt":"2016-04-08T11:35:19","slug":"savings-calculation","status":"publish","type":"page","link":"https:\/\/www.globalflight.net\/german\/services\/private-customers\/savings-calculation\/","title":{"rendered":"Ersparnisberechnung"},"content":{"rendered":"<p><strong>Berechnen Sie hier Ihre pers\u00f6nliche Ersparnis durch die Nutzung von Vielfliegerprogrammen!<\/strong><\/p>\n<p>Mit dieser Anwendung k\u00f6nnen Sie sich schnell und einfach ausrechnen lassen, was Ihnen die Nutzung von Vielfliegerprogrammen an geldwerter Ersparnis n\u00e4herungsweise bringt. Dabei unterscheiden wir, ob Sie ausschlie\u00dflich das Standardprogramm Ihres Home-Carriers nutzen oder aber die jeweils f\u00fcr Sie optimalen Programme.<\/p>\n<p>Tragen Sie lediglich in der untenstehenden Matrix Ihre Anzahl j\u00e4hrlicher Hin- und R\u00fcckfl\u00fcge ein (nur Linienfl\u00fcge). Ihre Fl\u00fcge sollen Sie dabei nach Inlandsfl\u00fcgen, regionalen Fl\u00fcgen (z.B. innerhalb Europas oder Asiens) und nach interkontinentalen Fl\u00fcgen (z.B. von Europa nach Amerika oder von Asien nach Australien) einteilen.<\/p>\n<p>Beachten Sie vor dem Start bitte noch drei wichtige Hinweise zu Ihrem besseren Verst\u00e4ndnis der Resultate:<\/p>\n<ol>\n<li>F\u00fcr die Variante der Nutzung des Programms Ihres Home-Carriers legen wir die Annahme zu Grunde, dass 70% Ihrer Fl\u00fcge jeweils zum Punktesammeln in diesem Programm berechtigen.<\/li>\n<li>F\u00fcr die Berechnung in beiden Varianten nehmen wir durchschnittliche Flugpreise an. Leichte Abweichungen zu Ihren effektiven Werten k\u00f6nnen so auftreten, je nachdem wie Sie sowohl Ihre bezahlten als auch die Pr\u00e4mienfl\u00fcge nutzen.<\/li>\n<li>Zus\u00e4tzliche Ersparnisse durch die Nutzung von Programmpartnern wie Mietwagen, Hotels und Kreditkarten sind nicht ber\u00fccksichtigt. Bei intensiver und optimierten Nutzung k\u00f6nnen Sie Ihre Ersparnisse dadurch gegen\u00fcber den ausgewiesenen Werten in beiden Varianten leicht verdoppeln!<\/li>\n<\/ol>\n<p>Jetzt aber bitte anschnallen und das Rauchen einstellen&#8230; Tragen Sie bitte in der untenstehenden Matrix in den f\u00fcr Sie relevanten Feldern Ihre Anzahl j\u00e4hrlicher Hin- und R\u00fcckfl\u00fcge ein.<\/p>\n","protected":false},"excerpt":{"rendered":"<p>Berechnen Sie hier Ihre pers\u00f6nliche Ersparnis durch die Nutzung von Vielfliegerprogrammen! Mit dieser Anwendung k\u00f6nnen Sie sich schnell und einfach ausrechnen lassen, was Ihnen die Nutzung von Vielfliegerprogrammen an geldwerter Ersparnis n\u00e4herungsweise bringt. Dabei unterscheiden wir, ob Sie ausschlie\u00dflich das Standardprogramm Ihres Home-Carriers nutzen oder aber die jeweils f\u00fcr Sie optimalen Programme. Tragen Sie lediglich [&hellip;]<\/p>\n","protected":false},"author":7,"featured_media":0,"parent":700,"menu_order":2,"comment_status":"closed","ping_status":"closed","template":"","meta":{"_links_to":"","_links_to_target":""},"_links":{"self":[{"href":"https:\/\/www.globalflight.net\/german\/wp-json\/wp\/v2\/pages\/836"}],"collection":[{"href":"https:\/\/www.globalflight.net\/german\/wp-json\/wp\/v2\/pages"}],"about":[{"href":"https:\/\/www.globalflight.net\/german\/wp-json\/wp\/v2\/types\/page"}],"author":[{"embeddable":true,"href":"https:\/\/www.globalflight.net\/german\/wp-json\/wp\/v2\/users\/7"}],"replies":[{"embeddable":true,"href":"https:\/\/www.globalflight.net\/german\/wp-json\/wp\/v2\/comments?post=836"}],"version-history":[{"count":15,"href":"https:\/\/www.globalflight.net\/german\/wp-json\/wp\/v2\/pages\/836\/revisions"}],"predecessor-version":[{"id":2912,"href":"https:\/\/www.globalflight.net\/german\/wp-json\/wp\/v2\/pages\/836\/revisions\/2912"}],"up":[{"embeddable":true,"href":"https:\/\/www.globalflight.net\/german\/wp-json\/wp\/v2\/pages\/700"}],"wp:attachment":[{"href":"https:\/\/www.globalflight.net\/german\/wp-json\/wp\/v2\/media?parent=836"}],"curies":[{"name":"wp","href":"https:\/\/api.w.org\/{rel}","templated":true}]}}