{"id":994,"date":"2014-10-13T18:23:55","date_gmt":"2014-10-13T17:23:55","guid":{"rendered":"http:\/\/www.globalflight.net\/german\/?page_id=994"},"modified":"2016-05-03T14:06:20","modified_gmt":"2016-05-03T13:06:20","slug":"agenda-loyalty-freddie-awards-2015","status":"publish","type":"page","link":"https:\/\/www.globalflight.net\/german\/conferences\/passed-conference-agenda\/agenda-loyalty-freddie-awards-2015\/","title":{"rendered":"Loyalty@Freddie Awards 2015"},"content":{"rendered":"\n<div id=\"accordion-3006-6a09e77f827ed\" class=\"wk-accordion wk-accordion-default clearfix\"  data-widgetkit=\"accordion\" data-options='{\"style\":\"default\",\"collapseall\":1,\"matchheight\":0,\"index\":0,\"duration\":500,\"width\":\"auto\",\"order\":\"default\"}'>\n\t\t\t<h3 class=\"toggler\">Tag Eins: Mittwoch, 29. April 2015<\/h3>\n\t\t<div><div class=\"content wk-content clearfix\"><p><span style=\"color: #000000;\"><strong>08:00 Einschreibung und Erfrischungen<\/strong><\/span><\/p>\r\n<p><span style=\"color: #000000;\"><strong>09:00 Er\u00f6ffnung durch den Konferenz-Vorsitzenden<\/strong><\/span><\/p>\r\n<div><span style=\"color: #000000;\"><strong>Ravindra Bhagwanani<\/strong>, Managing Director, <strong>Global Flight<\/strong><\/span>\r\n<p><span style=\"color: #000000;\"><strong>09:10 Er\u00f6ffnungs-Panel: Managen der Erwartungen einer diversifizierten, globalen Kundenbasis<\/strong><\/span><\/p>\r\n<ul>\r\n<li>Finden des richtigen Grades von Kundensegementierung<\/li>\r\n<li>Ausweiten der Reichweite eines Kundenbindungsprogramms<\/li>\r\n<li>Identifizierung der Bed\u00fcrfnisse verschiedener Kundengruppen<\/li>\r\n<li>Rechtfertigung der Investitionen f\u00fcr spezifische Zielgruppen<\/li>\r\n<\/ul>\r\n<div><span style=\"color: #000000;\"><strong>\u00a0\u00a0\u00a0\u00a0\u00a0\u00a0 Karen Zachary, <\/strong>Managing Director, SkyMiles Global Program Management, <strong>Delta Air Lines<\/strong><\/span><\/div>\r\n<div><span style=\"color: #000000;\"><strong>\u00a0\u00a0\u00a0\u00a0\u00a0\u00a0 Teresa Comparato<\/strong>, Director, Loyalty Marketing, <strong>The Rezidor Hotel Group<\/strong><\/span><\/div>\r\n<div><span style=\"color: #000000;\"><strong>\u00a0\u00a0\u00a0\u00a0\u00a0\u00a0 Gary Leff<\/strong>, Author, <strong>ViewFromTheWing.com<\/strong><\/span><\/div>\r\n<div><span style=\"color: #000000;\"><strong>\u00a0\u00a0\u00a0\u00a0\u00a0\u00a0 Bob Fawson<\/strong>, Chief Access &amp; Engagement Officer, <strong>SSI<\/strong><\/span><\/div>\r\n<div><span style=\"color: #000000;\"><strong>\u00a0\u00a0\u00a0\u00a0\u00a0\u00a0 Moderator: Max Kingsley-Jones<\/strong>, Editor,<strong> Airline Business<\/strong><\/span><\/div>\r\n<p><strong>10:15 Er\u00f6ffnungs-Keynote: Kundenservice als Teil einer weiten Image-Strategie<\/strong><\/p>\r\n<ul>\r\n<li>Das Geheimnis, Kundenerwartungen niedrig zu halten<\/li>\r\n<li>Einfluss von Pr\u00e4mienverf\u00fcgbarkeit auf Kundenzufriedenheit<\/li>\r\n<li>Outsourcing versus In-House Kundenservice<\/li>\r\n<\/ul>\r\n<div><span style=\"color: #000000;\"><strong>\u00a0\u00a0\u00a0\u00a0\u00a0\u00a0 Jonathan Clarkson<\/strong><\/span>, Director Rapid Rewards, <strong>Southwest Airlines<\/strong><strong> <\/strong><\/div>\r\n<div>\r\n<p><span style=\"color: #000000;\"><strong>10:45 Morgen-Erfrischungen<\/strong>\u00a0<\/span><\/p>\r\n<p><span style=\"color: #000000;\"><strong>11:15 <strong><strong>Kundenbindung durch Kundenerm\u00e4chtigung und Personalisierung<\/strong><\/strong><\/strong><\/span><\/p>\r\n<ul>\r\n<li>Verstehen der zentralen Elemente einer erfolgreichen Kundenbindungsstrategie<\/li>\r\n<li>Entwicklung des Rufs eines h\u00f6chst attraktiven Programms<\/li>\r\n<li>Bedeutung des Pr\u00e4mienangebots<\/li>\r\n<li>Das Management von verschiedenen Marken innerhalb einer Kundenbindungsstrategie<\/li>\r\n<\/ul>\r\n<p style=\"padding-left: 30px;\"><span style=\"color: #000000;\"><strong>Mark Weinstein<\/strong>, Global Head of Loyalty &amp; Partnerships, <strong>Hilton Worldwide<\/strong><\/span><\/p>\r\n<p><span style=\"color: #000000;\"><strong>11:40 Umsetzung einer exklusiven Erfahrung f\u00fcr die besten Kunden<\/strong><\/span><\/p>\r\n<div style=\"color: #000000;\">\r\n<ul>\r\n<li>Identifizierung und kreative Antworten auf die Bed\u00fcrfnisse Ihrer besten Kunden<\/li>\r\n<li>Vorteile einer offenen versus einer geschlossenen Kommunikation \u00fcber die Initiativen<\/li>\r\n<li>Nutzen der besten Kunden als Botschafter<\/li>\r\n<li>Best Practice-Studie einer Luxus-Lifestyle Verw\u00f6hnung f\u00fcr Top-Kunden<\/li>\r\n<\/ul>\r\n<div><span style=\"color: #000000;\"><strong>\u00a0\u00a0\u00a0\u00a0\u00a0\u00a0 Nisa Ismail<\/strong>, Director VP Loyalty,<strong> <\/strong><strong>Malaysia Airlines<\/strong><\/span>\r\n<p><strong>12:05 Abw\u00e4gen der Interessen aller Beteiligten<\/strong><\/p>\r\n<div style=\"color: #000000;\">\r\n<ul>\r\n<li>Harmonisierung der unterschiedlichen Interessen der Beteiligten: Programmeigent\u00fcmer, Investoren und Mitglieder<\/li>\r\n<li>Festlegen der Rollen der Beteiligten und Einfl\u00fcsse w\u00e4hrend des Entscheidungesprozesses<\/li>\r\n<li>Kommunikationsstrategien f\u00fcr die verschiedenen Interessensgruppen<\/li>\r\n<li>Was ist die Zauberformel? Herausarbeiten der KPIs in einem erfolgreichen Kundenbindungsprogramm<\/li>\r\n<\/ul>\r\n<div><span style=\"color: #000000;\"><strong>\u00a0\u00a0\u00a0\u00a0\u00a0\u00a0 Jeremy Rabe<\/strong>, Operating Partner,<strong> <\/strong><strong>Advent International<\/strong><\/span><\/div>\r\n<\/div>\r\n<p><span style=\"color: #000000;\"><strong>12:30 Mittagessen<\/strong><\/span><\/p>\r\n<p><span style=\"color: #000000;\"><strong>14:00 Panel: Ist die Kundenbindungsindustrie offen f\u00fcr Innovationen?<\/strong><\/span><\/p>\r\n<ul>\r\n<li>\u00dcbersicht \u00fcber die neuesten Innovationen in der Industrie<\/li>\r\n<li>Sicherstellen der Unterst\u00fctzung des Managements f\u00fcr die notwendigen Investitionen<\/li>\r\n<li>Nutzen von Pilotkunden als Botschafter<\/li>\r\n<\/ul>\r\n<div><span style=\"color: #000000;\"><strong>\u00a0\u00a0\u00a0\u00a0\u00a0\u00a0 Sylvie Charbonnier<\/strong>, Head of Partnerships, <strong>Virgin America<\/strong><\/span>\r\n<div><span style=\"color: #000000;\"><strong>\u00a0\u00a0\u00a0\u00a0\u00a0\u00a0 Peter Gorla<\/strong>, Managing Director, <strong>VOIL\u00c0 Hotel Rewards<\/strong><\/span>\r\n<div><span style=\"color: #000000;\"><strong>\u00a0\u00a0\u00a0\u00a0\u00a0\u00a0 Robert Moerland<\/strong>, EVP, Global Business Development, <strong>LRG Rewards<\/strong><\/span>\r\n<div><span style=\"color: #000000;\"><strong>\u00a0\u00a0\u00a0\u00a0\u00a0\u00a0 Paul Gordon<\/strong>, Senior Vice President of Sales, <strong>Rymax Marketing Services<\/strong><\/span>\r\n<div><span style=\"color: #000000;\"><strong>\u00a0\u00a0\u00a0\u00a0\u00a0\u00a0 Moderator: Roger Williams<\/strong>, Managing Director, <strong>Loyalty Click<\/strong><\/span><\/div>\r\n<p><span style=\"color: #000000;\"><strong>15:00 Partnerschaft mit Start-ups: Wo ist die Linie zwischen Risiko und Belohnung f\u00fcr Kundenbindungsprogrammmitglieder?<\/strong><\/span><\/p>\r\n<ul>\r\n<li>Erh\u00f6hung der Kundenbindung durch wichtige Produktunterscheidungen<\/li>\r\n<li>Analyse der Vorteile gegen\u00fcber der Risiken f\u00fcr Erstkunden<\/li>\r\n<li>Wie evaluiert man, welche Start-ups vertrauensw\u00fcrdig sind?<\/li>\r\n<li>Best Practice-Beispiele<\/li>\r\n<\/ul>\r\n<div><span style=\"color: #000000;\"><strong>\u00a0\u00a0\u00a0\u00a0\u00a0\u00a0 Manish A. Shah<\/strong>, Chief VP of Growth &amp; Innovation, <strong>KANGA<\/strong><\/span><\/div>\r\n<p><span style=\"color: #000000;\"><strong>15:30 Nachmittags-Erfrischungen<\/strong><\/span><\/p>\r\n<p><span style=\"color: #000000;\"><strong>16:00 Erfolgreiches Managen des \u00dcbergangs zu einem Koalitionsprogramm<\/strong><\/span><\/p>\r\n<ul>\r\n<li>Wann ist der richtige Zeitpunkt, die Weiterentwicklung in ein Koalitionsprogramm in Erw\u00e4gung zu ziehen?<\/li>\r\n<li>Sind Koalitionsprogramme die neuen Lieblinge von Vielfliegern?<\/li>\r\n<li>Einbeziehung von Programm-Mitgliedern in einen erfolgreichen B\u00f6rsengang<\/li>\r\n<li>Marken- und Kommunikationsaspekte: Wie soll man mit der Geschichte als Vielfliegerprogramm umgehen?<\/li>\r\n<li>Sicherstellen, dass die Wertsch\u00f6pfung f\u00fcr die Mutterfluggesellschaft beibehalten wird<\/li>\r\n<\/ul>\r\n<div><span style=\"color: #000000;\"><strong>\u00a0\u00a0\u00a0\u00a0\u00a0\u00a0 Flavio Vargas, <\/strong>Chief Financial Officer, <strong>Smiles\/Gol<\/strong><\/span><\/div>\r\n<p><span style=\"color: #000000;\"><strong>16:30 K\u00f6nnen erfolgreiche Kreditpartnerschaften noch st\u00e4rker werden?<\/strong><\/span><\/p>\r\n<ul>\r\n<li>Die strategische Bedeutung der Finanz-Partnerschaften f\u00fcr das Aeroplan-Programm<\/li>\r\n<li>Die drei kritischen Projektphasen: Ausschreibung, Implementierung, fortlaufendes Management der Partnerschaft<\/li>\r\n<li>Der Wert des Zugangs zu Transaktionsdaten<\/li>\r\n<li>Was kommt als n\u00e4chstes?<\/li>\r\n<\/ul>\r\n<p style=\"padding-left: 30px;\"><span style=\"color: #000000;\"><strong>Matthew Hall<\/strong>, General Manager, TD Partnership, <strong>Aimia<\/strong><\/span><\/p>\r\n<p><span style=\"color: #000000;\"><strong>17:00 Ende des Konferenztages<\/strong><\/span><\/p>\r\n<div>\r\n<p><span style=\"color: #000000;\"><strong>18:00 Drink-Empfang<\/strong><\/span><\/p>\r\n<\/div>\r\n<\/div>\r\n<\/div>\r\n<\/div>\r\n<\/div>\r\n<\/div>\r\n<\/div>\r\n<\/div>\r\n<\/div><\/div><\/div>\n\t\t\t<h3 class=\"toggler\">Tag Zwei: Donnerstag, 30. April 2015<\/h3>\n\t\t<div><div class=\"content wk-content clearfix\"><p><span style=\"color: #000000;\"><strong>08:30 Einschreibung und Erfrischungen<\/strong><\/span><\/p>\r\n<p><span style=\"color: #000000;\"><strong>08:50 Er\u00f6ffnung durch den Konferenz-Vorsitzenden<\/strong><\/span><\/p>\r\n<div><span style=\"color: #000000;\"><strong>Max Kingsley-Jones<\/strong>, Editor,<strong> Airline Business<\/strong><\/span><\/div>\r\n<p><span style=\"color: #000000;\"><strong>09:00 Was ist Ihren Kunden am Wichtigsten?<\/strong><\/span><\/p>\r\n<ul>\r\n<li>Verstehen der nicht-verhandelbaren Basis von Kundenerwartungen<\/li>\r\n<li>Die Kunst, Ver\u00e4nderungen zu kommunizieren<\/li>\r\n<li>Die Gefahren und Chancen in Verbindung mit der Dynamik von Social Media und Online-Foren<\/li>\r\n<li>\u00dcbersicht \u00fcber klassische Versager von Kundenbindungsprogrammen, das Kundenversprechen zu halten<\/li>\r\n<\/ul>\r\n<div><span style=\"color: #000000;\"><strong>\u00a0\u00a0\u00a0\u00a0\u00a0\u00a0 Seth Miller<\/strong><\/span>, Journalist, <strong>Wandering Aramean<\/strong><\/div>\r\n<p><span style=\"color: #000000;\"><strong>09:30 Messen der Untreue; Kennen des Marktanteils Ihrer Mitbewerber unter Ihren Mitgliedern<\/strong><\/span><\/p>\r\n<ul>\r\n<li>Eine Fallstudie von Hyatt Hotels<\/li>\r\n<li>Feststellen des Marktanteils auf Kundenebene durch Nutzung von Social Media<\/li>\r\n<li>Agieren mit diesem wertvollen Wissen um Kundenbindung zu erh\u00f6hen<\/li>\r\n<li>N\u00e4chste Schritte: Personalisierung von Kunden-Interaktionen<\/li>\r\n<\/ul>\r\n<div><span style=\"color: #000000;\"><strong>\u00a0\u00a0\u00a0\u00a0\u00a0\u00a0 David Borean<\/strong><\/span>, VP Products, <strong>InfoTrellis<\/strong><\/div>\r\n<p><span style=\"color: #000000;\"><strong>10:00 Morgen-Erfrischungen<\/strong><\/span><\/p>\r\n<p><span style=\"color: #000000;\"><strong>10:30 Travel Executive Summit<\/strong><\/span><\/p>\r\n<p><span style=\"color: #000000;\"><strong>K\u00f6nnen wir sprechen? Vorstandsvorsitzende \u00fcber das Thema von Kundenbindungsprogrammen<\/strong><\/span><\/p>\r\n<p style=\"padding-left: 30px;\">In einem nie dagewesenen Panel werden die Vorstandsvorsitzenden mehrerer Reiseunternehmen ihre Gedanken zur Situation der Kundenbindung im Reisesektor darlegen. W\u00e4hrend das Thema oft von Kundenbindungs-Managern kommentiert wird, h\u00f6rt man selten die Gedanken von den Chefetagen.<\/p>\r\n<div><span style=\"color: #000000;\"><strong>\u00a0\u00a0\u00a0\u00a0\u00a0\u00a0 Adam Aron<\/strong><\/span>, CEO, <strong>Starwood Hotels<\/strong><\/div>\r\n<div><span style=\"color: #000000;\"><strong>\u00a0\u00a0\u00a0\u00a0\u00a0\u00a0 Rob Borden<\/strong><\/span>, VP, <strong>Carnival Cruise Lines<\/strong><\/div>\r\n<p><span style=\"color: #000000;\"><strong>11:30 Pause<\/strong><\/span><\/p>\r\n<div style=\"color: #000000;\"><span style=\"color: #000000;\"><strong>11:45 Travel Executive Summit<\/strong><\/span><\/div>\r\n<div>\r\n<p><span style=\"color: #000000;\"><strong>Fantastisches Plastik<\/strong><\/span><\/p>\r\n<p style=\"padding-left: 30px;\">Dieses Panel bringt F\u00fchrungskr\u00e4fte von den verschiedenen Kreditkartenunternehmen zusammen, die \u00fcber die himmelhohen Boni ihrer Karten sprechen warden, ob dies andauern wird oder nicht und dar\u00fcber was neu und besser f\u00fcr die Zukunft dieser f\u00fcr die meisten Kundenbindungsprogramme im Reisesektor so wichtigen Partner ist.<\/p>\r\n<div><span style=\"color: #000000;\"><strong>\u00a0\u00a0\u00a0\u00a0\u00a0\u00a0 Lisa Kalhans<\/strong><\/span>, Vice President, Co-Brands, <strong>American Express<\/strong><\/div>\r\n<div><span style=\"color: #000000;\"><strong>\u00a0\u00a0\u00a0\u00a0\u00a0\u00a0 Bob Daly<\/strong><\/span>, Senior Vice President, FlexPerks Rewards &amp; Loyalty Management, <strong>U.S. Bank<\/strong><\/div>\r\n<div><span style=\"color: #000000;\"><strong>\u00a0\u00a0\u00a0\u00a0\u00a0\u00a0 David Gold<\/strong><\/span>, General Manager, <strong>Chase Card Services<\/strong><\/div>\r\n<div><span style=\"color: #000000;\"><strong>\u00a0\u00a0\u00a0\u00a0\u00a0\u00a0 Matt Massaua<\/strong><\/span>, Managing Director for Airline Partnerships, <strong>Barclaycard US<\/strong><\/div>\r\n<div><span style=\"color: #000000;\"><strong>\u00a0\u00a0\u00a0\u00a0\u00a0\u00a0 Bruce Sibley<\/strong><\/span>, Senior Vice President, Business Development, <strong>MasterCard<\/strong><span style=\"color: #000000;\"><strong>12:30 Mittagessen<\/strong><\/span>\r\n<p><span style=\"color: #000000;\"><strong>14:00 Panel: Wie wird man ein Gewinner?<\/strong><\/span><\/p>\r\n<div>\r\n<ul>\r\n<li>Entwicklung von innovativen, aber n\u00fctzlichen Verbesserungen<\/li>\r\n<li>Gewinnen der Aufmerksamkeit des Reisepublikums<\/li>\r\n<li>Zusammenarbeit mit innovativen Anbietern<\/li>\r\n<\/ul>\r\n<div><span style=\"color: #000000;\"><strong>\u00a0\u00a0\u00a0\u00a0\u00a0\u00a0 Alexandre Malfitani, <\/strong>Head of Loyalty, <strong>Azul Airlines<\/strong><\/span><\/div>\r\n<div><span style=\"color: #000000;\"><strong>\u00a0\u00a0\u00a0\u00a0\u00a0\u00a0 David Canty, <\/strong>Vice President Global Loyalty Programs, <strong>Intercontinental Hotels Group<\/strong><\/span><\/div>\r\n<div><span style=\"color: #000000;\"><strong>\u00a0\u00a0\u00a0\u00a0\u00a0\u00a0 Earl Quenzel, <\/strong>Partner, <strong>Quenzel &amp; Associates<\/strong><\/span><\/div>\r\n<div><span style=\"color: #000000;\"><strong>\u00a0\u00a0\u00a0\u00a0\u00a0\u00a0 Moderator: Edward Pizzarello<\/strong><strong>Freddie Awards<\/strong><\/span><\/div>\r\n<p><span style=\"color: #000000;\"><strong>15:00 Schaffen und Umzetzung von Exklusivit\u00e4t \u00fcber das Eliteprogramm<\/strong><\/span><\/p>\r\n<ul>\r\n<li>Elemente eines erfolgreichen Eliteprogramms<\/li>\r\n<li>Beibehalten der Exklusivit\u00e4t des Eliteprogramms<\/li>\r\n<li>Partnervorteile: Ein Plus oder Basiselement?<\/li>\r\n<li>Publizierte versus unpublizierte Vorteile<\/li>\r\n<\/ul>\r\n<div><span style=\"color: #000000;\"><strong>\u00a0\u00a0\u00a0\u00a0\u00a0\u00a0 Derrick Merkus<\/strong>, Program Director Flying Blue, Deputy VP Customer Loyalty, <strong>Air France KLM<\/strong><\/span><\/div>\r\n<p><span style=\"color: #000000;\"><strong>15:30 Ende des Konferenzteils<\/strong><\/span><\/p>\r\n<p><span style=\"color: #000000;\"><strong>17:00 Abfahrt zum Veranstaltungsort der Freddie Awards<\/strong><\/span><\/p>\r\n<p><span style=\"color: #000000;\"><strong>17:30 Freddie Awards: Verk\u00fcndigung der Gewinner und Gala-Dinner im Delta-Museum<\/strong>\u00a0<\/span><\/p>\r\n<\/div>\r\n<\/div>\r\n<\/div><\/div><\/div>\n\t<\/div>\n<p>&nbsp;<\/p>\n","protected":false},"excerpt":{"rendered":"<p>&nbsp;<\/p>\n","protected":false},"author":7,"featured_media":0,"parent":1828,"menu_order":2,"comment_status":"closed","ping_status":"closed","template":"","meta":{"_links_to":"","_links_to_target":""},"_links":{"self":[{"href":"https:\/\/www.globalflight.net\/german\/wp-json\/wp\/v2\/pages\/994"}],"collection":[{"href":"https:\/\/www.globalflight.net\/german\/wp-json\/wp\/v2\/pages"}],"about":[{"href":"https:\/\/www.globalflight.net\/german\/wp-json\/wp\/v2\/types\/page"}],"author":[{"embeddable":true,"href":"https:\/\/www.globalflight.net\/german\/wp-json\/wp\/v2\/users\/7"}],"replies":[{"embeddable":true,"href":"https:\/\/www.globalflight.net\/german\/wp-json\/wp\/v2\/comments?post=994"}],"version-history":[{"count":4,"href":"https:\/\/www.globalflight.net\/german\/wp-json\/wp\/v2\/pages\/994\/revisions"}],"predecessor-version":[{"id":3088,"href":"https:\/\/www.globalflight.net\/german\/wp-json\/wp\/v2\/pages\/994\/revisions\/3088"}],"up":[{"embeddable":true,"href":"https:\/\/www.globalflight.net\/german\/wp-json\/wp\/v2\/pages\/1828"}],"wp:attachment":[{"href":"https:\/\/www.globalflight.net\/german\/wp-json\/wp\/v2\/media?parent=994"}],"curies":[{"name":"wp","href":"https:\/\/api.w.org\/{rel}","templated":true}]}}